{"id":9,"date":"2015-06-20T16:58:15","date_gmt":"2015-06-20T16:58:15","guid":{"rendered":"http:\/\/apetp.byethost14.com\/wp\/?page_id=9"},"modified":"2015-08-19T12:23:14","modified_gmt":"2015-08-19T12:23:14","slug":"actividades-de-la-asociacion","status":"publish","type":"page","link":"https:\/\/old.apetp.com\/index.php\/actividades-de-la-asociacion\/","title":{"rendered":"Actividades de la Asociaci\u00f3n"},"content":{"rendered":"<p style=\"text-align: justify;\"><strong>Actividades <\/strong><strong>APETP<\/strong><\/p>\n<p style=\"text-align: justify;\"><strong>1.- Crear <\/strong>un grupo de trabajo que recopile casos de mala praxis y estafa por parte de <strong>no profesionales <\/strong>\u00a0de la salud para dar informaci\u00f3n detallada a quien corresponda.<\/p>\n<p style=\"text-align: justify;\">2.-<strong> Organizar<\/strong> conferencias impartidas por especialistas para promover la informaci\u00f3n y educaci\u00f3n de los ciudadanos en cuanto a:<\/p>\n<ul style=\"text-align: justify;\">\n<li>Prevenci\u00f3n enfermedades<\/li>\n<li>Diferencias entre terapias cient\u00edficas y pseudocient\u00edficas<strong>\u00a0<\/strong><\/li>\n<\/ul>\n<p style=\"text-align: justify;\"><strong>3.- Crear <\/strong>una publicaci\u00f3n para potenciar los fines de la asociaci\u00f3n.<strong>\u00a0<\/strong><\/p>\n<p style=\"text-align: justify;\"><strong>4.- Instaurar <\/strong>un premio de relato corto que tenga como objetivo fomentar <strong>el pensa<\/strong><strong>miento cr\u00edtico, esc\u00e9ptico, objetivo y cient\u00edfico\u00a0 <\/strong>en la ciudadan\u00eda.<\/p>\n<p style=\"text-align: justify;\"><strong>\u00a0<\/strong><strong>5.- Trabajar\u00a0 <\/strong>para crear en los municipios \u201c La Escuela del Paciente\u201d : ser responsables ante la enfermedad, e informaci\u00f3n de cambio de m\u00e9todos de vida adecuados.<\/p>\n<p style=\"text-align: justify;\"><strong>\u00a0<\/strong><strong>6.- Proponer a la administraci\u00f3n crear un proyecto\u00a0 <\/strong>que promueva el reconocimiento a enfermos cr\u00f3nicos que mejoren sus par\u00e1metros gracias (adem\u00e1s de su\u00a0tratamiento) a ser responsables ante su enfermedad y generar los cambios adecuados de h\u00e1bitos.<\/p>\n<p style=\"text-align: justify;\"><strong>\u00a0<\/strong>7.- <strong>Encargar\u00a0 <\/strong>a una compa\u00f1\u00eda de teatro profesional, la creaci\u00f3n de un espect\u00e1culo\u00a0en el que la historia escenificada mueva al espectador a la reflexi\u00f3n, despertando y\u00a0potenciando un pensamiento cient\u00edfico y preventivo de salud. El objetivo es escenificarlo en casas de cultura, y dem\u00e1s lugares convenientes. Con los colegios se\u00a0crear\u00e1 un plan de trabajo para que las chicas y chicos realizen debate sobre el tema\u00a0tratado en el espect\u00e1culo.<\/p>\n<p style=\"text-align: justify;\"><strong>8.- Participar<\/strong> en un programa de radio.<strong>\u00a0<\/strong><\/p>\n<p style=\"text-align: justify;\"><strong>9.- Crear grupos <\/strong>de trabajo con<strong> personal especializado <\/strong>y voluntariado<strong>, <\/strong>para la defensa y protecci\u00f3n del enfermo afectado por malas praxis de falsos terapeutas. A\u00a0nivel jur\u00eddico,, psicol\u00f3gico y orientaci\u00f3n sanitaria.<\/p>\n\n\t\t<style>\n\t\t\t.huge-it-share-buttons {\n\t\t\t\tborder:0px solid #0FB5D6;\n\t\t\t\tborder-radius:5px;\n\t\t\t\tbackground:#3BD8FF;\n\t\t\t text-align:left; \t\t\t\t\t\t\t\t\t}\n\n\t\t\t#huge-it-share-buttons-top {margin-bottom:0px;}\n\t\t\t#huge-it-share-buttons-bottom {margin-top:0px;}\n\n\t\t\t.huge-it-share-buttons h3 {\n\t\t\t\tfont-size:25px ;\n\t\t\t\tfont-family:Arial,Helvetica Neue,Helvetica,sans-serif;\n\t\t\t\tcolor:#666666;\n\n\t\t\tdisplay:block;\t\t\t\tline-height:25px ;\n\n\t\t\t text-align:left; \t\t\t\t\t\t\t\t\t}\n\n\t\t\t.huge-it-share-buttons ul {\n\t\t\t float:left; \t\t\t\t\t\t\t\t\t}\n\n\t\t\t.huge-it-share-buttons ul li {\n\t\t\t\tmargin-left:3px;\n\t\t\t\tmargin-right:3px;\n\t\t\t\tpadding:0px;\n\t\t\t\tborder:0px ridge #E6354C;\n\t\t\t\tborder-radius:11px;\n\t\t\t\tbackground-color:#14CC9B;\n\t\t\t}\n\n\t\t\t.huge-it-share-buttons ul li #backforunical9 {\n\t\t\t\tborder-bottom: 0;\n\t\t\t\tbackground-image:url('https:\/\/old.apetp.com\/wp-content\/plugins\/wp-share-buttons\/Front_end\/..\/images\/buttons.30.png');\n\t\t\t\twidth:30px;\n\t\t\t\theight:30px;\n\t\t\t}\n\n\t\t\t.front-shares-count {\n\t\t\t\tposition: absolute;\n\t\t\t\ttext-align: center;\n\t\t\t\tdisplay: block;\n\t\t\t}\n\n\t\t\t.shares_size20 .front-shares-count {\n\t\t\t\tfont-size: 10px;\n\t\t\t\ttop: 10px;\n\t\t\t\twidth: 20px;\n\t\t\t}\n\n\t\t\t.shares_size30 .front-shares-count {\n\t\t\t\tfont-size: 11px;\n\t\t\t\ttop: 15px;\n\t\t\t\twidth: 30px;\n\t\t\t}\n\n\t\t\t.shares_size40 .front-shares-count {\n\t\t\t\tfont-size: 12px;\n\t\t\t\ttop: 21px;\n\t\t\t\twidth: 40px;\n\t\t\t}\n\t\t<\/style>\n\t\t\n\t\t<div id=\"huge-it-share-buttons-top\" class=\"huge-it-share-buttons nobackground\">\n\t\t\t<h3>Share This:<\/h3>\n\t\t\t<ul class=\"huge-it-share-buttons-list \">\n\t\t\t\t\t\t\t\t\t<li class=\"nobackground \" >\n\n\t\t\t\t\t\t\t\t\t\t\t\t<a id=\"backforunical9\" href=\"https:\/\/www.facebook.com\/sharer\/sharer.php?u=old.apetp.com\/index.php\/wp-json\/wp\/v2\/pages\/9\"  onclick=\"javascript:void window.open('https:\/\/www.facebook.com\/sharer\/sharer.php?u=old.apetp.com\/index.php\/wp-json\/wp\/v2\/pages\/9','1410949501326','width=700,height=500,toolbar=0,menubar=0,location=0,status=1,scrollbars=1,resizable=1,left=0,top=0');return false;\" style=\"background-position: -0px -120px \"><\/a>\n\t\t\t\t\t<\/li>\n\t\t\t\t\t\t\t\t\t\t<li class=\"nobackground \" >\n\n\t\t\t\t\t\t\t\t\t\t\t\t<a id=\"backforunical9\" href=\"https:\/\/twitter.com\/share?status=old.apetp.com\/index.php\/wp-json\/wp\/v2\/pages\/9&text=Actividades de la Asociaci\u00f3n\"  onclick=\"javascript:void window.open('https:\/\/twitter.com\/share?status=old.apetp.com\/index.php\/wp-json\/wp\/v2\/pages\/9&text=Actividades de la Asociaci\u00f3n','1410949501326','width=700,height=500,toolbar=0,menubar=0,location=0,status=1,scrollbars=1,resizable=1,left=0,top=0');return false;\" style=\"background-position: -30px -120px \"><\/a>\n\t\t\t\t\t<\/li>\n\t\t\t\t\t\t\t\t\t\t<li class=\"nobackground \" >\n\n\t\t\t\t\t\t\t\t\t\t\t\t<a id=\"backforunical9\" href=\"http:\/\/www.pinterest.com\/pin\/create\/button\/?url=old.apetp.com\/index.php\/wp-json\/wp\/v2\/pages\/9&media=https:\/\/old.apetp.com\/wp-content\/plugins\/wp-share-buttons\/Front_end\/..\/images\/noimage.png&description=Actividades de la Asociaci\u00f3n\"  onclick=\"javascript:void window.open('http:\/\/www.pinterest.com\/pin\/create\/button\/?url=old.apetp.com\/index.php\/wp-json\/wp\/v2\/pages\/9&media=https:\/\/old.apetp.com\/wp-content\/plugins\/wp-share-buttons\/Front_end\/..\/images\/noimage.png&description=Actividades de la Asociaci\u00f3n','1410949501326','width=700,height=500,toolbar=0,menubar=0,location=0,status=1,scrollbars=1,resizable=1,left=0,top=0');return false;\" style=\"background-position: -60px -120px \"><\/a>\n\t\t\t\t\t<\/li>\n\t\t\t\t\t\t\t\t\t\t<li class=\"nobackground \" >\n\n\t\t\t\t\t\t\t\t\t\t\t\t<a id=\"backforunical9\" href=\"https:\/\/plus.google.com\/share?url=old.apetp.com\/index.php\/wp-json\/wp\/v2\/pages\/9\"  onclick=\"javascript:void window.open('https:\/\/plus.google.com\/share?url=old.apetp.com\/index.php\/wp-json\/wp\/v2\/pages\/9','1410949501326','width=700,height=500,toolbar=0,menubar=0,location=0,status=1,scrollbars=1,resizable=1,left=0,top=0');return false;\" style=\"background-position: -90px -120px \"><\/a>\n\t\t\t\t\t<\/li>\n\t\t\t\t\t\t\t\t\t\t<li class=\"nobackground \" >\n\n\t\t\t\t\t\t\t\t\t\t\t\t<a id=\"backforunical9\" href=\"https:\/\/www.linkedin.com\/shareArticle?title=Actividades de la Asociaci\u00f3n&mini=true&url=https:\/\/old.apetp.com\/index.php\/wp-json\/wp\/v2\/pages\/9\"  onclick=\"javascript:void window.open('https:\/\/www.linkedin.com\/shareArticle?title=Actividades de la Asociaci\u00f3n&mini=true&url=https:\/\/old.apetp.com\/index.php\/wp-json\/wp\/v2\/pages\/9','1410949501326','width=700,height=500,toolbar=0,menubar=0,location=0,status=1,scrollbars=1,resizable=1,left=0,top=0');return false;\" style=\"background-position: -120px -120px \"><\/a>\n\t\t\t\t\t<\/li>\n\t\t\t\t\t\t\t\t\t\t<li class=\"nobackground \" >\n\n\t\t\t\t\t\t\t\t\t\t\t\t<a id=\"backforunical9\" href=\"https:\/\/www.tumblr.com\/share\/link?url=old.apetp.com\/index.php\/wp-json\/wp\/v2\/pages\/9&name=Actividades de la Asociaci\u00f3n\"  onclick=\"javascript:void window.open('https:\/\/www.tumblr.com\/share\/link?url=old.apetp.com\/index.php\/wp-json\/wp\/v2\/pages\/9&name=Actividades de la Asociaci\u00f3n','1410949501326','width=700,height=500,toolbar=0,menubar=0,location=0,status=1,scrollbars=1,resizable=1,left=0,top=0');return false;\" style=\"background-position: -150px -120px \"><\/a>\n\t\t\t\t\t<\/li>\n\t\t\t\t\t\t\t\t\t\t<li class=\"nobackground \" >\n\n\t\t\t\t\t\t\t\t\t\t\t\t<a id=\"backforunical9\" href=\"http:\/\/digg.com\/submit?phase=2&url=old.apetp.com\/index.php\/wp-json\/wp\/v2\/pages\/9&title=Actividades de la Asociaci\u00f3n\"  onclick=\"javascript:void window.open('http:\/\/digg.com\/submit?phase=2&url=old.apetp.com\/index.php\/wp-json\/wp\/v2\/pages\/9&title=Actividades de la Asociaci\u00f3n','1410949501326','width=700,height=500,toolbar=0,menubar=0,location=0,status=1,scrollbars=1,resizable=1,left=0,top=0');return false;\" style=\"background-position: -180px -120px \"><\/a>\n\t\t\t\t\t<\/li>\n\t\t\t\t\t\t\t\t\t\t<li class=\"nobackground \" >\n\n\t\t\t\t\t\t\t\t\t\t\t\t<a id=\"backforunical9\" href=\"http:\/\/www.stumbleupon.com\/submit?url=old.apetp.com\/index.php\/wp-json\/wp\/v2\/pages\/9&title=Actividades de la Asociaci\u00f3n\"  onclick=\"javascript:void window.open('http:\/\/www.stumbleupon.com\/submit?url=old.apetp.com\/index.php\/wp-json\/wp\/v2\/pages\/9&title=Actividades de la Asociaci\u00f3n','1410949501326','width=700,height=500,toolbar=0,menubar=0,location=0,status=1,scrollbars=1,resizable=1,left=0,top=0');return false;\" style=\"background-position: -210px -120px \"><\/a>\n\t\t\t\t\t<\/li>\n\t\t\t\t\t\t\t\t\t\t<li class=\"nobackground \" >\n\n\t\t\t\t\t\t\t\t\t\t\t\t<a id=\"backforunical9\" href=\"https:\/\/myspace.com\/post?l=3&u=old.apetp.com\/index.php\/wp-json\/wp\/v2\/pages\/9\"  onclick=\"javascript:void window.open('https:\/\/myspace.com\/post?l=3&u=old.apetp.com\/index.php\/wp-json\/wp\/v2\/pages\/9','1410949501326','width=700,height=500,toolbar=0,menubar=0,location=0,status=1,scrollbars=1,resizable=1,left=0,top=0');return false;\" style=\"background-position: -240px -120px \"><\/a>\n\t\t\t\t\t<\/li>\n\t\t\t\t\t\t\t\t\t\t<li class=\"nobackground \" >\n\n\t\t\t\t\t\t\t\t\t\t\t\t<a id=\"backforunical9\" href=\"http:\/\/vk.com\/share.php?url=old.apetp.com\/index.php\/wp-json\/wp\/v2\/pages\/9&title=Actividades de la Asociaci\u00f3n\"  onclick=\"javascript:void window.open('http:\/\/vk.com\/share.php?url=old.apetp.com\/index.php\/wp-json\/wp\/v2\/pages\/9&title=Actividades de la Asociaci\u00f3n','1410949501326','width=700,height=500,toolbar=0,menubar=0,location=0,status=1,scrollbars=1,resizable=1,left=0,top=0');return false;\" style=\"background-position: -270px -120px \"><\/a>\n\t\t\t\t\t<\/li>\n\t\t\t\t\t\t\t\t\t\t<li class=\"none nobackground \" >\n\n\t\t\t\t\t\t\t\t\t\t\t\t<a id=\"backforunical9\" href=\"http:\/\/www.reddit.com\/submit?url=old.apetp.com\/index.php\/wp-json\/wp\/v2\/pages\/9&title=Actividades de la Asociaci\u00f3n\"  onclick=\"javascript:void window.open('http:\/\/www.reddit.com\/submit?url=old.apetp.com\/index.php\/wp-json\/wp\/v2\/pages\/9&title=Actividades de la Asociaci\u00f3n','1410949501326','width=700,height=500,toolbar=0,menubar=0,location=0,status=1,scrollbars=1,resizable=1,left=0,top=0');return false;\" style=\"background-position: -300px -120px \"><\/a>\n\t\t\t\t\t<\/li>\n\t\t\t\t\t\t\t\t\t\t<li class=\"none nobackground \" >\n\n\t\t\t\t\t\t\t\t\t\t\t\t<a id=\"backforunical9\" href=\"http:\/\/www.bebo.com\/c\/share?Url=old.apetp.com\/index.php\/wp-json\/wp\/v2\/pages\/9\"  onclick=\"javascript:void window.open('http:\/\/www.bebo.com\/c\/share?Url=old.apetp.com\/index.php\/wp-json\/wp\/v2\/pages\/9','1410949501326','width=700,height=500,toolbar=0,menubar=0,location=0,status=1,scrollbars=1,resizable=1,left=0,top=0');return false;\" style=\"background-position: -330px -120px \"><\/a>\n\t\t\t\t\t<\/li>\n\t\t\t\t\t\t\t\t\t\t<li class=\"none nobackground \" >\n\n\t\t\t\t\t\t\t\t\t\t\t\t<a id=\"backforunical9\" href=\"https:\/\/delicious.com\/save?v=5&noui&jump=close&url=old.apetp.com\/index.php\/wp-json\/wp\/v2\/pages\/9&title=Actividades de la Asociaci\u00f3n\"  onclick=\"javascript:void window.open('https:\/\/delicious.com\/save?v=5&noui&jump=close&url=old.apetp.com\/index.php\/wp-json\/wp\/v2\/pages\/9&title=Actividades de la Asociaci\u00f3n','1410949501326','width=700,height=500,toolbar=0,menubar=0,location=0,status=1,scrollbars=1,resizable=1,left=0,top=0');return false;\" style=\"background-position: -360px -120px \"><\/a>\n\t\t\t\t\t<\/li>\n\t\t\t\t\t\t\t\t\t\t<li class=\"none nobackground \" >\n\n\t\t\t\t\t\t\t\t\t\t\t\t<a id=\"backforunical9\" href=\"http:\/\/www.odnoklassniki.ru\/dk?st.cmd=addShare&st.s=2&st.noresize=on&st._surl=old.apetp.com\/index.php\/wp-json\/wp\/v2\/pages\/9\"  onclick=\"javascript:void window.open('http:\/\/www.odnoklassniki.ru\/dk?st.cmd=addShare&st.s=2&st.noresize=on&st._surl=old.apetp.com\/index.php\/wp-json\/wp\/v2\/pages\/9','1410949501326','width=700,height=500,toolbar=0,menubar=0,location=0,status=1,scrollbars=1,resizable=1,left=0,top=0');return false;\" style=\"background-position: -390px -120px \"><\/a>\n\t\t\t\t\t<\/li>\n\t\t\t\t\t\t\t\t\t\t<li class=\"none nobackground \" >\n\n\t\t\t\t\t\t\t\t\t\t\t\t<a id=\"backforunical9\" href=\"http:\/\/sns.qzone.qq.com\/cgi-bin\/qzshare\/cgi_qzshare_onekey?url=old.apetp.com\/index.php\/wp-json\/wp\/v2\/pages\/9&title=Actividades de la Asociaci\u00f3n\"  onclick=\"javascript:void window.open('http:\/\/sns.qzone.qq.com\/cgi-bin\/qzshare\/cgi_qzshare_onekey?url=old.apetp.com\/index.php\/wp-json\/wp\/v2\/pages\/9&title=Actividades de la Asociaci\u00f3n','1410949501326','width=700,height=500,toolbar=0,menubar=0,location=0,status=1,scrollbars=1,resizable=1,left=0,top=0');return false;\" style=\"background-position: -420px -120px \"><\/a>\n\t\t\t\t\t<\/li>\n\t\t\t\t\t\t\t\t\t\t<li class=\"none nobackground \" >\n\n\t\t\t\t\t\t\t\t\t\t\t\t<a id=\"backforunical9\" href=\"http:\/\/service.weibo.com\/share\/share.php?url=old.apetp.com\/index.php\/wp-json\/wp\/v2\/pages\/9&appkey=&title=Actividades de la Asociaci\u00f3n&pic=&ralateUid=&\"  onclick=\"javascript:void window.open('http:\/\/service.weibo.com\/share\/share.php?url=old.apetp.com\/index.php\/wp-json\/wp\/v2\/pages\/9&appkey=&title=Actividades de la Asociaci\u00f3n&pic=&ralateUid=&','1410949501326','width=700,height=500,toolbar=0,menubar=0,location=0,status=1,scrollbars=1,resizable=1,left=0,top=0');return false;\" style=\"background-position: -450px -120px \"><\/a>\n\t\t\t\t\t<\/li>\n\t\t\t\t\t\t\t\t\t\t<li class=\"none nobackground \" >\n\n\t\t\t\t\t\t\t\t\t\t\t\t<a id=\"backforunical9\" href=\"http:\/\/widget.renren.com\/dialog\/share?resourceUrl=old.apetp.com\/index.php\/wp-json\/wp\/v2\/pages\/9&srcUrl=old.apetp.com\/index.php\/wp-json\/wp\/v2\/pages\/9&title=Actividades de la Asociaci\u00f3n\"  onclick=\"javascript:void window.open('http:\/\/widget.renren.com\/dialog\/share?resourceUrl=old.apetp.com\/index.php\/wp-json\/wp\/v2\/pages\/9&srcUrl=old.apetp.com\/index.php\/wp-json\/wp\/v2\/pages\/9&title=Actividades de la Asociaci\u00f3n','1410949501326','width=700,height=500,toolbar=0,menubar=0,location=0,status=1,scrollbars=1,resizable=1,left=0,top=0');return false;\" style=\"background-position: -480px -120px \"><\/a>\n\t\t\t\t\t<\/li>\n\t\t\t\t\t\t\t\t\t\t<li class=\"none nobackground \" >\n\n\t\t\t\t\t\t\t\t\t\t\t\t<a id=\"backforunical9\" href=\"http:\/\/n4g.com\/tips?url=old.apetp.com\/index.php\/wp-json\/wp\/v2\/pages\/9&title=Actividades de la Asociaci\u00f3n\"  onclick=\"javascript:void window.open('http:\/\/n4g.com\/tips?url=old.apetp.com\/index.php\/wp-json\/wp\/v2\/pages\/9&title=Actividades de la Asociaci\u00f3n','1410949501326','width=700,height=500,toolbar=0,menubar=0,location=0,status=1,scrollbars=1,resizable=1,left=0,top=0');return false;\" style=\"background-position: -510px -120px \"><\/a>\n\t\t\t\t\t<\/li>\n\t\t\t\t\t\t\t\t<\/ul>\n\t\t\t<div class=\"clear\"><\/div>\n\t\t<\/div>\n\t\t","protected":false},"excerpt":{"rendered":"<p>Actividades APETP 1.- Crear un grupo de trabajo que recopile casos de mala praxis y estafa por parte de no profesionales \u00a0de la salud para dar informaci\u00f3n detallada a quien corresponda. 2.- Organizar conferencias impartidas por especialistas para promover la&hellip; <a href=\"https:\/\/old.apetp.com\/index.php\/actividades-de-la-asociacion\/\" class=\"more-link\">Sigue leyendo <span class=\"meta-nav\">&rarr;<\/span><\/a><\/p>\n","protected":false},"author":1,"featured_media":0,"parent":0,"menu_order":0,"comment_status":"closed","ping_status":"closed","template":"page-template-full.php","meta":{"jetpack_post_was_ever_published":false,"footnotes":""},"class_list":["post-9","page","type-page","status-publish","hentry"],"yoast_head":"<!-- This site is optimized with the Yoast SEO plugin v26.8 - https:\/\/yoast.com\/product\/yoast-seo-wordpress\/ -->\n<title>Actividades de la Asociaci\u00f3n - APETP<\/title>\n<meta name=\"robots\" content=\"noindex, follow, max-snippet:-1, max-image-preview:large, max-video-preview:-1\" \/>\n<meta property=\"og:locale\" content=\"es_ES\" \/>\n<meta property=\"og:type\" content=\"article\" \/>\n<meta property=\"og:title\" content=\"Actividades de la Asociaci\u00f3n - APETP\" \/>\n<meta property=\"og:description\" content=\"Actividades APETP 1.- Crear un grupo de trabajo que recopile casos de mala praxis y estafa por parte de no profesionales \u00a0de la salud para dar informaci\u00f3n detallada a quien corresponda. 2.- Organizar conferencias impartidas por especialistas para promover la&hellip; Sigue leyendo &rarr;\" \/>\n<meta property=\"og:url\" content=\"https:\/\/old.apetp.com\/index.php\/actividades-de-la-asociacion\/\" \/>\n<meta property=\"og:site_name\" content=\"APETP\" \/>\n<meta property=\"article:modified_time\" content=\"2015-08-19T12:23:14+00:00\" \/>\n<meta name=\"twitter:card\" content=\"summary_large_image\" \/>\n<meta name=\"twitter:label1\" content=\"Tiempo de lectura\" \/>\n\t<meta name=\"twitter:data1\" content=\"1 minuto\" \/>\n<script type=\"application\/ld+json\" class=\"yoast-schema-graph\">{\"@context\":\"https:\/\/schema.org\",\"@graph\":[{\"@type\":\"WebPage\",\"@id\":\"https:\/\/old.apetp.com\/index.php\/actividades-de-la-asociacion\/\",\"url\":\"https:\/\/old.apetp.com\/index.php\/actividades-de-la-asociacion\/\",\"name\":\"Actividades de la Asociaci\u00f3n - APETP\",\"isPartOf\":{\"@id\":\"https:\/\/old.apetp.com\/#website\"},\"datePublished\":\"2015-06-20T16:58:15+00:00\",\"dateModified\":\"2015-08-19T12:23:14+00:00\",\"breadcrumb\":{\"@id\":\"https:\/\/old.apetp.com\/index.php\/actividades-de-la-asociacion\/#breadcrumb\"},\"inLanguage\":\"es\",\"potentialAction\":[{\"@type\":\"ReadAction\",\"target\":[\"https:\/\/old.apetp.com\/index.php\/actividades-de-la-asociacion\/\"]}]},{\"@type\":\"BreadcrumbList\",\"@id\":\"https:\/\/old.apetp.com\/index.php\/actividades-de-la-asociacion\/#breadcrumb\",\"itemListElement\":[{\"@type\":\"ListItem\",\"position\":1,\"name\":\"Portada\",\"item\":\"https:\/\/old.apetp.com\/\"},{\"@type\":\"ListItem\",\"position\":2,\"name\":\"Actividades de la Asociaci\u00f3n\"}]},{\"@type\":\"WebSite\",\"@id\":\"https:\/\/old.apetp.com\/#website\",\"url\":\"https:\/\/old.apetp.com\/\",\"name\":\"APETP\",\"description\":\"Asociaci\u00f3n para Proteger al Enfermo de Terapias Pseudocient\u00edficas\",\"potentialAction\":[{\"@type\":\"SearchAction\",\"target\":{\"@type\":\"EntryPoint\",\"urlTemplate\":\"https:\/\/old.apetp.com\/?s={search_term_string}\"},\"query-input\":{\"@type\":\"PropertyValueSpecification\",\"valueRequired\":true,\"valueName\":\"search_term_string\"}}],\"inLanguage\":\"es\"}]}<\/script>\n<!-- \/ Yoast SEO plugin. -->","yoast_head_json":{"title":"Actividades de la Asociaci\u00f3n - APETP","robots":{"index":"noindex","follow":"follow","max-snippet":"max-snippet:-1","max-image-preview":"max-image-preview:large","max-video-preview":"max-video-preview:-1"},"og_locale":"es_ES","og_type":"article","og_title":"Actividades de la Asociaci\u00f3n - APETP","og_description":"Actividades APETP 1.- Crear un grupo de trabajo que recopile casos de mala praxis y estafa por parte de no profesionales \u00a0de la salud para dar informaci\u00f3n detallada a quien corresponda. 2.- Organizar conferencias impartidas por especialistas para promover la&hellip; Sigue leyendo &rarr;","og_url":"https:\/\/old.apetp.com\/index.php\/actividades-de-la-asociacion\/","og_site_name":"APETP","article_modified_time":"2015-08-19T12:23:14+00:00","twitter_card":"summary_large_image","twitter_misc":{"Tiempo de lectura":"1 minuto"},"schema":{"@context":"https:\/\/schema.org","@graph":[{"@type":"WebPage","@id":"https:\/\/old.apetp.com\/index.php\/actividades-de-la-asociacion\/","url":"https:\/\/old.apetp.com\/index.php\/actividades-de-la-asociacion\/","name":"Actividades de la Asociaci\u00f3n - APETP","isPartOf":{"@id":"https:\/\/old.apetp.com\/#website"},"datePublished":"2015-06-20T16:58:15+00:00","dateModified":"2015-08-19T12:23:14+00:00","breadcrumb":{"@id":"https:\/\/old.apetp.com\/index.php\/actividades-de-la-asociacion\/#breadcrumb"},"inLanguage":"es","potentialAction":[{"@type":"ReadAction","target":["https:\/\/old.apetp.com\/index.php\/actividades-de-la-asociacion\/"]}]},{"@type":"BreadcrumbList","@id":"https:\/\/old.apetp.com\/index.php\/actividades-de-la-asociacion\/#breadcrumb","itemListElement":[{"@type":"ListItem","position":1,"name":"Portada","item":"https:\/\/old.apetp.com\/"},{"@type":"ListItem","position":2,"name":"Actividades de la Asociaci\u00f3n"}]},{"@type":"WebSite","@id":"https:\/\/old.apetp.com\/#website","url":"https:\/\/old.apetp.com\/","name":"APETP","description":"Asociaci\u00f3n para Proteger al Enfermo de Terapias Pseudocient\u00edficas","potentialAction":[{"@type":"SearchAction","target":{"@type":"EntryPoint","urlTemplate":"https:\/\/old.apetp.com\/?s={search_term_string}"},"query-input":{"@type":"PropertyValueSpecification","valueRequired":true,"valueName":"search_term_string"}}],"inLanguage":"es"}]}},"jetpack_sharing_enabled":true,"jetpack_shortlink":"https:\/\/wp.me\/P6mZ8W-9","_links":{"self":[{"href":"https:\/\/old.apetp.com\/index.php\/wp-json\/wp\/v2\/pages\/9","targetHints":{"allow":["GET"]}}],"collection":[{"href":"https:\/\/old.apetp.com\/index.php\/wp-json\/wp\/v2\/pages"}],"about":[{"href":"https:\/\/old.apetp.com\/index.php\/wp-json\/wp\/v2\/types\/page"}],"author":[{"embeddable":true,"href":"https:\/\/old.apetp.com\/index.php\/wp-json\/wp\/v2\/users\/1"}],"replies":[{"embeddable":true,"href":"https:\/\/old.apetp.com\/index.php\/wp-json\/wp\/v2\/comments?post=9"}],"version-history":[{"count":2,"href":"https:\/\/old.apetp.com\/index.php\/wp-json\/wp\/v2\/pages\/9\/revisions"}],"predecessor-version":[{"id":211,"href":"https:\/\/old.apetp.com\/index.php\/wp-json\/wp\/v2\/pages\/9\/revisions\/211"}],"wp:attachment":[{"href":"https:\/\/old.apetp.com\/index.php\/wp-json\/wp\/v2\/media?parent=9"}],"curies":[{"name":"wp","href":"https:\/\/api.w.org\/{rel}","templated":true}]}}