{"id":744,"date":"2016-03-06T18:25:27","date_gmt":"2016-03-06T18:25:27","guid":{"rendered":"https:\/\/apetp.com\/?page_id=744"},"modified":"2016-03-06T18:27:29","modified_gmt":"2016-03-06T18:27:29","slug":"terapia-neural","status":"publish","type":"page","link":"https:\/\/old.apetp.com\/index.php\/terapia-neural\/","title":{"rendered":"Terapia neural"},"content":{"rendered":"<pre><a href=\"https:\/\/old.apetp.com\/wp-content\/uploads\/2016\/03\/neuraltherapie.jpg\"><img loading=\"lazy\" decoding=\"async\" class=\" size-full wp-image-746 aligncenter\" src=\"https:\/\/old.apetp.com\/wp-content\/uploads\/2016\/03\/neuraltherapie.jpg\" alt=\"neuraltherapie\" width=\"706\" height=\"270\" srcset=\"https:\/\/old.apetp.com\/wp-content\/uploads\/2016\/03\/neuraltherapie.jpg 706w, https:\/\/old.apetp.com\/wp-content\/uploads\/2016\/03\/neuraltherapie-300x115.jpg 300w\" sizes=\"auto, (max-width: 706px) 100vw, 706px\" \/><\/a><\/pre>\n<pre>La terapia neural se fundamenta en inyectar peque\u00f1as dosis de anest\u00e9sicos, ya sea de manera subcut\u00e1nea o en \u00f3rganos internos, bajo la premisa de que eso tiene valor terap\u00e9utico.<\/pre>\n<p align=\"JUSTIFY\"><strong>\u00bfQu\u00e9 es? <\/strong><\/p>\n<p align=\"JUSTIFY\">La terapia neural es un tratamiento alternativo en el que se inyecta anestesia local (generalmente procaina) en ciertos lugares del cuerpo para tratar enfermedades o el dolor cr\u00f3nico.\u00a0La idea principal sostenida por esta terapia es que hay ciertas interferencias en los circuitos nerviosos que son los responsables de algunas enfermedades, y que esas interferencias se\u00a0pueden romper mediante inyecciones de baja intensidad de ciertos anest\u00e9sicos.<\/p>\n<p align=\"JUSTIFY\"><strong>\u00bfQui\u00e9n la invent\u00f3? <\/strong><\/p>\n<p align=\"JUSTIFY\">Esta terapia fue inventada en 1925 por Ferdinand Huneke, un cirujano alem\u00e1n que utilizaba un medicamento recientemente lanzado al mercado que conten\u00eda procaina. Seg\u00fan su propio relato se salt\u00f3 las recomendaciones del f\u00e1rmaco y se lo inyect\u00f3 de manera intravenosa a su hermana para tratar las migra\u00f1as que padec\u00eda, cur\u00e1ndola\u00a0seg\u00fan su testimonio. Posteriormente utiliz\u00f3 el mismo procedimiento para tratar una gran variedad de dolencias.<\/p>\n<p align=\"JUSTIFY\"><strong>\u00bfFunciona esta terapia?<\/strong><\/p>\n<p align=\"JUSTIFY\">La terapia neural se basa en la idea de que un trauma f\u00edsico puede producir alteraciones de larga duraci\u00f3n en la funci\u00f3n electroqu\u00edmica de los tejidos. Para determinar d\u00f3nde se inyectan las bajas dosis de anest\u00e9sicos muchos terapeutas utilizan las llamadas pruebas de respuesta aut\u00f3noma, que b\u00e1sicamente consisten en poner a prueba la fuerza muscular movi\u00e9ndole los brazos y los dedos al paciente mientras le ense\u00f1an diapositivas. No obstante no existen evidencias de que esta forma de diagn\u00f3stico ni dicha terapia tenga valor alguno, ni de que sean ciertas sus bases te\u00f3ricas, no encontr\u00e1ndose ning\u00fan beneficio real m\u00e1s all\u00e1 del efecto placebo y catalog\u00e1ndola la Sociedad Americana del C\u00e1ncer como ineficaz para tratar cualquier enfermedad [1]. Adem\u00e1s de todo esto hay muchos riesgos asociados a esta terapia y casos de da\u00f1os a pacientes [2] [3], y por contra ninguna evidencia de valor terap\u00e9utico alguno. Adem\u00e1s las inyecciones de procaina \u2014tal cual propone esta terapia\u2014 han reportado casos de da\u00f1os en los nervios, justo todo lo contrario de lo que supuestamente dice poder hacer dicha terapia [4].<\/p>\n<p align=\"JUSTIFY\"><strong>Conclusiones<\/strong><\/p>\n<p align=\"JUSTIFY\">A pesar de la ausencia de\u00a0evidencia cient\u00edfica a favor, de los da\u00f1os a pacientes registrados y de que es catalogada por la comunidad medica como una terapia sin evidencia cl\u00ednica, es una de las pseudoterapias m\u00e1s comunes en Alemania y Sudam\u00e9rica, teniendo gran aceptaci\u00f3n en algunos entornos sanitarios. \u00a0Esta pseudoterapia no funciona y carece de estudios cl\u00ednicos amplios para verificar si adem\u00e1s es perjudicial para la salud, aunque muchos indicios y reportes de casos individuales parecen indicar que podr\u00eda tener serios efectos adversos. Por lo tanto, al no reportar evidencias cient\u00edficas a favor y haber casos de da\u00f1os a pacientes, podemos concluir que esta terapia no es efectiva y ademas es potencialmente peligrosa para la salud.<\/p>\n<p align=\"JUSTIFY\"><em>Texto escrito por Fernando Cervera Rodr\u00edguez, licenciado en Ciencias Biol\u00f3gicas por la Universidad de Valencia y M\u00e1ster en aproximaciones moleculares a las ciencias de la salud.\u00a0<\/em><\/p>\n<p align=\"JUSTIFY\">[1] Neural therapy\u00bb. American Cancer Society. boletin del uno de noviembre del 2008.<\/p>\n<p align=\"JUSTIFY\">[2]\u00a0<a href=\"http:\/\/www.ncbi.nlm.nih.gov\/pubmed\/223341\" target=\"_blank\">http:\/\/www.ncbi.nlm.nih.gov\/pubmed\/223341<\/a><\/p>\n<p align=\"JUSTIFY\">[3]\u00a0<a href=\"http:\/\/www.ncbi.nlm.nih.gov\/pubmed\/10718090\" target=\"_blank\">http:\/\/www.ncbi.nlm.nih.gov\/pubmed\/10718090<\/a><\/p>\n<p align=\"JUSTIFY\">[4]\u00a0<a href=\"http:\/\/www.ncbi.nlm.nih.gov\/pubmed\/133019\" target=\"_blank\">http:\/\/www.ncbi.nlm.nih.gov\/pubmed\/133019<\/a><\/p>\n<p align=\"JUSTIFY\">\n\n\t\t<style>\n\t\t\t.huge-it-share-buttons {\n\t\t\t\tborder:0px solid #0FB5D6;\n\t\t\t\tborder-radius:5px;\n\t\t\t\tbackground:#3BD8FF;\n\t\t\t text-align:left; \t\t\t\t\t\t\t\t\t}\n\n\t\t\t#huge-it-share-buttons-top {margin-bottom:0px;}\n\t\t\t#huge-it-share-buttons-bottom {margin-top:0px;}\n\n\t\t\t.huge-it-share-buttons h3 {\n\t\t\t\tfont-size:25px ;\n\t\t\t\tfont-family:Arial,Helvetica Neue,Helvetica,sans-serif;\n\t\t\t\tcolor:#666666;\n\n\t\t\tdisplay:block;\t\t\t\tline-height:25px ;\n\n\t\t\t text-align:left; \t\t\t\t\t\t\t\t\t}\n\n\t\t\t.huge-it-share-buttons ul {\n\t\t\t float:left; \t\t\t\t\t\t\t\t\t}\n\n\t\t\t.huge-it-share-buttons ul li {\n\t\t\t\tmargin-left:3px;\n\t\t\t\tmargin-right:3px;\n\t\t\t\tpadding:0px;\n\t\t\t\tborder:0px ridge #E6354C;\n\t\t\t\tborder-radius:11px;\n\t\t\t\tbackground-color:#14CC9B;\n\t\t\t}\n\n\t\t\t.huge-it-share-buttons ul li #backforunical744 {\n\t\t\t\tborder-bottom: 0;\n\t\t\t\tbackground-image:url('https:\/\/old.apetp.com\/wp-content\/plugins\/wp-share-buttons\/Front_end\/..\/images\/buttons.30.png');\n\t\t\t\twidth:30px;\n\t\t\t\theight:30px;\n\t\t\t}\n\n\t\t\t.front-shares-count {\n\t\t\t\tposition: absolute;\n\t\t\t\ttext-align: center;\n\t\t\t\tdisplay: block;\n\t\t\t}\n\n\t\t\t.shares_size20 .front-shares-count {\n\t\t\t\tfont-size: 10px;\n\t\t\t\ttop: 10px;\n\t\t\t\twidth: 20px;\n\t\t\t}\n\n\t\t\t.shares_size30 .front-shares-count {\n\t\t\t\tfont-size: 11px;\n\t\t\t\ttop: 15px;\n\t\t\t\twidth: 30px;\n\t\t\t}\n\n\t\t\t.shares_size40 .front-shares-count {\n\t\t\t\tfont-size: 12px;\n\t\t\t\ttop: 21px;\n\t\t\t\twidth: 40px;\n\t\t\t}\n\t\t<\/style>\n\t\t\n\t\t<div id=\"huge-it-share-buttons-top\" class=\"huge-it-share-buttons nobackground\">\n\t\t\t<h3>Share This:<\/h3>\n\t\t\t<ul class=\"huge-it-share-buttons-list \">\n\t\t\t\t\t\t\t\t\t<li class=\"nobackground \" >\n\n\t\t\t\t\t\t\t\t\t\t\t\t<a id=\"backforunical744\" href=\"https:\/\/www.facebook.com\/sharer\/sharer.php?u=old.apetp.com\/index.php\/wp-json\/wp\/v2\/pages\/744\"  onclick=\"javascript:void window.open('https:\/\/www.facebook.com\/sharer\/sharer.php?u=old.apetp.com\/index.php\/wp-json\/wp\/v2\/pages\/744','1410949501326','width=700,height=500,toolbar=0,menubar=0,location=0,status=1,scrollbars=1,resizable=1,left=0,top=0');return false;\" style=\"background-position: -0px -120px \"><\/a>\n\t\t\t\t\t<\/li>\n\t\t\t\t\t\t\t\t\t\t<li class=\"nobackground \" >\n\n\t\t\t\t\t\t\t\t\t\t\t\t<a id=\"backforunical744\" href=\"https:\/\/twitter.com\/share?status=old.apetp.com\/index.php\/wp-json\/wp\/v2\/pages\/744&text=Terapia neural\"  onclick=\"javascript:void window.open('https:\/\/twitter.com\/share?status=old.apetp.com\/index.php\/wp-json\/wp\/v2\/pages\/744&text=Terapia neural','1410949501326','width=700,height=500,toolbar=0,menubar=0,location=0,status=1,scrollbars=1,resizable=1,left=0,top=0');return false;\" style=\"background-position: -30px -120px \"><\/a>\n\t\t\t\t\t<\/li>\n\t\t\t\t\t\t\t\t\t\t<li class=\"nobackground \" >\n\n\t\t\t\t\t\t\t\t\t\t\t\t<a id=\"backforunical744\" href=\"http:\/\/www.pinterest.com\/pin\/create\/button\/?url=old.apetp.com\/index.php\/wp-json\/wp\/v2\/pages\/744&media=https:\/\/old.apetp.com\/wp-content\/uploads\/2016\/03\/neuraltherapie.jpg&description=Terapia neural\"  onclick=\"javascript:void window.open('http:\/\/www.pinterest.com\/pin\/create\/button\/?url=old.apetp.com\/index.php\/wp-json\/wp\/v2\/pages\/744&media=https:\/\/old.apetp.com\/wp-content\/uploads\/2016\/03\/neuraltherapie.jpg&description=Terapia neural','1410949501326','width=700,height=500,toolbar=0,menubar=0,location=0,status=1,scrollbars=1,resizable=1,left=0,top=0');return false;\" style=\"background-position: -60px -120px \"><\/a>\n\t\t\t\t\t<\/li>\n\t\t\t\t\t\t\t\t\t\t<li class=\"nobackground \" >\n\n\t\t\t\t\t\t\t\t\t\t\t\t<a id=\"backforunical744\" href=\"https:\/\/plus.google.com\/share?url=old.apetp.com\/index.php\/wp-json\/wp\/v2\/pages\/744\"  onclick=\"javascript:void window.open('https:\/\/plus.google.com\/share?url=old.apetp.com\/index.php\/wp-json\/wp\/v2\/pages\/744','1410949501326','width=700,height=500,toolbar=0,menubar=0,location=0,status=1,scrollbars=1,resizable=1,left=0,top=0');return false;\" style=\"background-position: -90px -120px \"><\/a>\n\t\t\t\t\t<\/li>\n\t\t\t\t\t\t\t\t\t\t<li class=\"nobackground \" >\n\n\t\t\t\t\t\t\t\t\t\t\t\t<a id=\"backforunical744\" href=\"https:\/\/www.linkedin.com\/shareArticle?title=Terapia neural&mini=true&url=https:\/\/old.apetp.com\/index.php\/wp-json\/wp\/v2\/pages\/744\"  onclick=\"javascript:void window.open('https:\/\/www.linkedin.com\/shareArticle?title=Terapia neural&mini=true&url=https:\/\/old.apetp.com\/index.php\/wp-json\/wp\/v2\/pages\/744','1410949501326','width=700,height=500,toolbar=0,menubar=0,location=0,status=1,scrollbars=1,resizable=1,left=0,top=0');return false;\" style=\"background-position: -120px -120px \"><\/a>\n\t\t\t\t\t<\/li>\n\t\t\t\t\t\t\t\t\t\t<li class=\"nobackground \" >\n\n\t\t\t\t\t\t\t\t\t\t\t\t<a id=\"backforunical744\" href=\"https:\/\/www.tumblr.com\/share\/link?url=old.apetp.com\/index.php\/wp-json\/wp\/v2\/pages\/744&name=Terapia neural\"  onclick=\"javascript:void window.open('https:\/\/www.tumblr.com\/share\/link?url=old.apetp.com\/index.php\/wp-json\/wp\/v2\/pages\/744&name=Terapia neural','1410949501326','width=700,height=500,toolbar=0,menubar=0,location=0,status=1,scrollbars=1,resizable=1,left=0,top=0');return false;\" style=\"background-position: -150px -120px \"><\/a>\n\t\t\t\t\t<\/li>\n\t\t\t\t\t\t\t\t\t\t<li class=\"nobackground \" >\n\n\t\t\t\t\t\t\t\t\t\t\t\t<a id=\"backforunical744\" href=\"http:\/\/digg.com\/submit?phase=2&url=old.apetp.com\/index.php\/wp-json\/wp\/v2\/pages\/744&title=Terapia neural\"  onclick=\"javascript:void window.open('http:\/\/digg.com\/submit?phase=2&url=old.apetp.com\/index.php\/wp-json\/wp\/v2\/pages\/744&title=Terapia neural','1410949501326','width=700,height=500,toolbar=0,menubar=0,location=0,status=1,scrollbars=1,resizable=1,left=0,top=0');return false;\" style=\"background-position: -180px -120px \"><\/a>\n\t\t\t\t\t<\/li>\n\t\t\t\t\t\t\t\t\t\t<li class=\"nobackground \" >\n\n\t\t\t\t\t\t\t\t\t\t\t\t<a id=\"backforunical744\" href=\"http:\/\/www.stumbleupon.com\/submit?url=old.apetp.com\/index.php\/wp-json\/wp\/v2\/pages\/744&title=Terapia neural\"  onclick=\"javascript:void window.open('http:\/\/www.stumbleupon.com\/submit?url=old.apetp.com\/index.php\/wp-json\/wp\/v2\/pages\/744&title=Terapia neural','1410949501326','width=700,height=500,toolbar=0,menubar=0,location=0,status=1,scrollbars=1,resizable=1,left=0,top=0');return false;\" style=\"background-position: -210px -120px \"><\/a>\n\t\t\t\t\t<\/li>\n\t\t\t\t\t\t\t\t\t\t<li class=\"nobackground \" >\n\n\t\t\t\t\t\t\t\t\t\t\t\t<a id=\"backforunical744\" href=\"https:\/\/myspace.com\/post?l=3&u=old.apetp.com\/index.php\/wp-json\/wp\/v2\/pages\/744\"  onclick=\"javascript:void window.open('https:\/\/myspace.com\/post?l=3&u=old.apetp.com\/index.php\/wp-json\/wp\/v2\/pages\/744','1410949501326','width=700,height=500,toolbar=0,menubar=0,location=0,status=1,scrollbars=1,resizable=1,left=0,top=0');return false;\" style=\"background-position: -240px -120px \"><\/a>\n\t\t\t\t\t<\/li>\n\t\t\t\t\t\t\t\t\t\t<li class=\"nobackground \" >\n\n\t\t\t\t\t\t\t\t\t\t\t\t<a id=\"backforunical744\" href=\"http:\/\/vk.com\/share.php?url=old.apetp.com\/index.php\/wp-json\/wp\/v2\/pages\/744&title=Terapia neural\"  onclick=\"javascript:void window.open('http:\/\/vk.com\/share.php?url=old.apetp.com\/index.php\/wp-json\/wp\/v2\/pages\/744&title=Terapia neural','1410949501326','width=700,height=500,toolbar=0,menubar=0,location=0,status=1,scrollbars=1,resizable=1,left=0,top=0');return false;\" style=\"background-position: -270px -120px \"><\/a>\n\t\t\t\t\t<\/li>\n\t\t\t\t\t\t\t\t\t\t<li class=\"none nobackground \" >\n\n\t\t\t\t\t\t\t\t\t\t\t\t<a id=\"backforunical744\" href=\"http:\/\/www.reddit.com\/submit?url=old.apetp.com\/index.php\/wp-json\/wp\/v2\/pages\/744&title=Terapia neural\"  onclick=\"javascript:void window.open('http:\/\/www.reddit.com\/submit?url=old.apetp.com\/index.php\/wp-json\/wp\/v2\/pages\/744&title=Terapia neural','1410949501326','width=700,height=500,toolbar=0,menubar=0,location=0,status=1,scrollbars=1,resizable=1,left=0,top=0');return false;\" style=\"background-position: -300px -120px \"><\/a>\n\t\t\t\t\t<\/li>\n\t\t\t\t\t\t\t\t\t\t<li class=\"none nobackground \" >\n\n\t\t\t\t\t\t\t\t\t\t\t\t<a id=\"backforunical744\" href=\"http:\/\/www.bebo.com\/c\/share?Url=old.apetp.com\/index.php\/wp-json\/wp\/v2\/pages\/744\"  onclick=\"javascript:void window.open('http:\/\/www.bebo.com\/c\/share?Url=old.apetp.com\/index.php\/wp-json\/wp\/v2\/pages\/744','1410949501326','width=700,height=500,toolbar=0,menubar=0,location=0,status=1,scrollbars=1,resizable=1,left=0,top=0');return false;\" style=\"background-position: -330px -120px \"><\/a>\n\t\t\t\t\t<\/li>\n\t\t\t\t\t\t\t\t\t\t<li class=\"none nobackground \" >\n\n\t\t\t\t\t\t\t\t\t\t\t\t<a id=\"backforunical744\" href=\"https:\/\/delicious.com\/save?v=5&noui&jump=close&url=old.apetp.com\/index.php\/wp-json\/wp\/v2\/pages\/744&title=Terapia neural\"  onclick=\"javascript:void window.open('https:\/\/delicious.com\/save?v=5&noui&jump=close&url=old.apetp.com\/index.php\/wp-json\/wp\/v2\/pages\/744&title=Terapia neural','1410949501326','width=700,height=500,toolbar=0,menubar=0,location=0,status=1,scrollbars=1,resizable=1,left=0,top=0');return false;\" style=\"background-position: -360px -120px \"><\/a>\n\t\t\t\t\t<\/li>\n\t\t\t\t\t\t\t\t\t\t<li class=\"none nobackground \" >\n\n\t\t\t\t\t\t\t\t\t\t\t\t<a id=\"backforunical744\" href=\"http:\/\/www.odnoklassniki.ru\/dk?st.cmd=addShare&st.s=2&st.noresize=on&st._surl=old.apetp.com\/index.php\/wp-json\/wp\/v2\/pages\/744\"  onclick=\"javascript:void window.open('http:\/\/www.odnoklassniki.ru\/dk?st.cmd=addShare&st.s=2&st.noresize=on&st._surl=old.apetp.com\/index.php\/wp-json\/wp\/v2\/pages\/744','1410949501326','width=700,height=500,toolbar=0,menubar=0,location=0,status=1,scrollbars=1,resizable=1,left=0,top=0');return false;\" style=\"background-position: -390px -120px \"><\/a>\n\t\t\t\t\t<\/li>\n\t\t\t\t\t\t\t\t\t\t<li class=\"none nobackground \" >\n\n\t\t\t\t\t\t\t\t\t\t\t\t<a id=\"backforunical744\" href=\"http:\/\/sns.qzone.qq.com\/cgi-bin\/qzshare\/cgi_qzshare_onekey?url=old.apetp.com\/index.php\/wp-json\/wp\/v2\/pages\/744&title=Terapia neural\"  onclick=\"javascript:void window.open('http:\/\/sns.qzone.qq.com\/cgi-bin\/qzshare\/cgi_qzshare_onekey?url=old.apetp.com\/index.php\/wp-json\/wp\/v2\/pages\/744&title=Terapia neural','1410949501326','width=700,height=500,toolbar=0,menubar=0,location=0,status=1,scrollbars=1,resizable=1,left=0,top=0');return false;\" style=\"background-position: -420px -120px \"><\/a>\n\t\t\t\t\t<\/li>\n\t\t\t\t\t\t\t\t\t\t<li class=\"none nobackground \" >\n\n\t\t\t\t\t\t\t\t\t\t\t\t<a id=\"backforunical744\" href=\"http:\/\/service.weibo.com\/share\/share.php?url=old.apetp.com\/index.php\/wp-json\/wp\/v2\/pages\/744&appkey=&title=Terapia neural&pic=&ralateUid=&\"  onclick=\"javascript:void window.open('http:\/\/service.weibo.com\/share\/share.php?url=old.apetp.com\/index.php\/wp-json\/wp\/v2\/pages\/744&appkey=&title=Terapia neural&pic=&ralateUid=&','1410949501326','width=700,height=500,toolbar=0,menubar=0,location=0,status=1,scrollbars=1,resizable=1,left=0,top=0');return false;\" style=\"background-position: -450px -120px \"><\/a>\n\t\t\t\t\t<\/li>\n\t\t\t\t\t\t\t\t\t\t<li class=\"none nobackground \" >\n\n\t\t\t\t\t\t\t\t\t\t\t\t<a id=\"backforunical744\" href=\"http:\/\/widget.renren.com\/dialog\/share?resourceUrl=old.apetp.com\/index.php\/wp-json\/wp\/v2\/pages\/744&srcUrl=old.apetp.com\/index.php\/wp-json\/wp\/v2\/pages\/744&title=Terapia neural\"  onclick=\"javascript:void window.open('http:\/\/widget.renren.com\/dialog\/share?resourceUrl=old.apetp.com\/index.php\/wp-json\/wp\/v2\/pages\/744&srcUrl=old.apetp.com\/index.php\/wp-json\/wp\/v2\/pages\/744&title=Terapia neural','1410949501326','width=700,height=500,toolbar=0,menubar=0,location=0,status=1,scrollbars=1,resizable=1,left=0,top=0');return false;\" style=\"background-position: -480px -120px \"><\/a>\n\t\t\t\t\t<\/li>\n\t\t\t\t\t\t\t\t\t\t<li class=\"none nobackground \" >\n\n\t\t\t\t\t\t\t\t\t\t\t\t<a id=\"backforunical744\" href=\"http:\/\/n4g.com\/tips?url=old.apetp.com\/index.php\/wp-json\/wp\/v2\/pages\/744&title=Terapia neural\"  onclick=\"javascript:void window.open('http:\/\/n4g.com\/tips?url=old.apetp.com\/index.php\/wp-json\/wp\/v2\/pages\/744&title=Terapia neural','1410949501326','width=700,height=500,toolbar=0,menubar=0,location=0,status=1,scrollbars=1,resizable=1,left=0,top=0');return false;\" style=\"background-position: -510px -120px \"><\/a>\n\t\t\t\t\t<\/li>\n\t\t\t\t\t\t\t\t<\/ul>\n\t\t\t<div class=\"clear\"><\/div>\n\t\t<\/div>\n\t\t","protected":false},"excerpt":{"rendered":"<p>La terapia neural se fundamenta en inyectar peque\u00f1as dosis de anest\u00e9sicos, ya sea de manera subcut\u00e1nea o en \u00f3rganos internos, bajo la premisa de que eso tiene valor terap\u00e9utico. \u00bfQu\u00e9 es? La terapia neural es un tratamiento alternativo en el&hellip; <a href=\"https:\/\/old.apetp.com\/index.php\/terapia-neural\/\" class=\"more-link\">Sigue leyendo <span class=\"meta-nav\">&rarr;<\/span><\/a><\/p>\n","protected":false},"author":1,"featured_media":746,"parent":0,"menu_order":0,"comment_status":"closed","ping_status":"closed","template":"page-template-full.php","meta":{"jetpack_post_was_ever_published":false,"footnotes":""},"class_list":["post-744","page","type-page","status-publish","has-post-thumbnail","hentry"],"yoast_head":"<!-- This site is optimized with the Yoast SEO plugin v26.8 - https:\/\/yoast.com\/product\/yoast-seo-wordpress\/ -->\n<title>Terapia neural - APETP<\/title>\n<meta name=\"robots\" content=\"noindex, follow, max-snippet:-1, max-image-preview:large, max-video-preview:-1\" \/>\n<meta property=\"og:locale\" content=\"es_ES\" \/>\n<meta property=\"og:type\" content=\"article\" \/>\n<meta property=\"og:title\" content=\"Terapia neural - APETP\" \/>\n<meta property=\"og:description\" content=\"La terapia neural se fundamenta en inyectar peque\u00f1as dosis de anest\u00e9sicos, ya sea de manera subcut\u00e1nea o en \u00f3rganos internos, bajo la premisa de que eso tiene valor terap\u00e9utico. \u00bfQu\u00e9 es? La terapia neural es un tratamiento alternativo en el&hellip; Sigue leyendo &rarr;\" \/>\n<meta property=\"og:url\" content=\"https:\/\/old.apetp.com\/index.php\/terapia-neural\/\" \/>\n<meta property=\"og:site_name\" content=\"APETP\" \/>\n<meta property=\"article:modified_time\" content=\"2016-03-06T18:27:29+00:00\" \/>\n<meta property=\"og:image\" content=\"https:\/\/old.apetp.com\/wp-content\/uploads\/2016\/03\/neuraltherapie.jpg\" \/>\n\t<meta property=\"og:image:width\" content=\"706\" \/>\n\t<meta property=\"og:image:height\" content=\"270\" \/>\n\t<meta property=\"og:image:type\" content=\"image\/jpeg\" \/>\n<meta name=\"twitter:card\" content=\"summary_large_image\" \/>\n<meta name=\"twitter:label1\" content=\"Tiempo de lectura\" \/>\n\t<meta name=\"twitter:data1\" content=\"3 minutos\" \/>\n<script type=\"application\/ld+json\" class=\"yoast-schema-graph\">{\"@context\":\"https:\/\/schema.org\",\"@graph\":[{\"@type\":\"WebPage\",\"@id\":\"https:\/\/old.apetp.com\/index.php\/terapia-neural\/\",\"url\":\"https:\/\/old.apetp.com\/index.php\/terapia-neural\/\",\"name\":\"Terapia neural - APETP\",\"isPartOf\":{\"@id\":\"https:\/\/old.apetp.com\/#website\"},\"primaryImageOfPage\":{\"@id\":\"https:\/\/old.apetp.com\/index.php\/terapia-neural\/#primaryimage\"},\"image\":{\"@id\":\"https:\/\/old.apetp.com\/index.php\/terapia-neural\/#primaryimage\"},\"thumbnailUrl\":\"https:\/\/old.apetp.com\/wp-content\/uploads\/2016\/03\/neuraltherapie.jpg\",\"datePublished\":\"2016-03-06T18:25:27+00:00\",\"dateModified\":\"2016-03-06T18:27:29+00:00\",\"breadcrumb\":{\"@id\":\"https:\/\/old.apetp.com\/index.php\/terapia-neural\/#breadcrumb\"},\"inLanguage\":\"es\",\"potentialAction\":[{\"@type\":\"ReadAction\",\"target\":[\"https:\/\/old.apetp.com\/index.php\/terapia-neural\/\"]}]},{\"@type\":\"ImageObject\",\"inLanguage\":\"es\",\"@id\":\"https:\/\/old.apetp.com\/index.php\/terapia-neural\/#primaryimage\",\"url\":\"https:\/\/old.apetp.com\/wp-content\/uploads\/2016\/03\/neuraltherapie.jpg\",\"contentUrl\":\"https:\/\/old.apetp.com\/wp-content\/uploads\/2016\/03\/neuraltherapie.jpg\",\"width\":706,\"height\":270},{\"@type\":\"BreadcrumbList\",\"@id\":\"https:\/\/old.apetp.com\/index.php\/terapia-neural\/#breadcrumb\",\"itemListElement\":[{\"@type\":\"ListItem\",\"position\":1,\"name\":\"Portada\",\"item\":\"https:\/\/old.apetp.com\/\"},{\"@type\":\"ListItem\",\"position\":2,\"name\":\"Terapia neural\"}]},{\"@type\":\"WebSite\",\"@id\":\"https:\/\/old.apetp.com\/#website\",\"url\":\"https:\/\/old.apetp.com\/\",\"name\":\"APETP\",\"description\":\"Asociaci\u00f3n para Proteger al Enfermo de Terapias Pseudocient\u00edficas\",\"potentialAction\":[{\"@type\":\"SearchAction\",\"target\":{\"@type\":\"EntryPoint\",\"urlTemplate\":\"https:\/\/old.apetp.com\/?s={search_term_string}\"},\"query-input\":{\"@type\":\"PropertyValueSpecification\",\"valueRequired\":true,\"valueName\":\"search_term_string\"}}],\"inLanguage\":\"es\"}]}<\/script>\n<!-- \/ Yoast SEO plugin. -->","yoast_head_json":{"title":"Terapia neural - APETP","robots":{"index":"noindex","follow":"follow","max-snippet":"max-snippet:-1","max-image-preview":"max-image-preview:large","max-video-preview":"max-video-preview:-1"},"og_locale":"es_ES","og_type":"article","og_title":"Terapia neural - APETP","og_description":"La terapia neural se fundamenta en inyectar peque\u00f1as dosis de anest\u00e9sicos, ya sea de manera subcut\u00e1nea o en \u00f3rganos internos, bajo la premisa de que eso tiene valor terap\u00e9utico. \u00bfQu\u00e9 es? La terapia neural es un tratamiento alternativo en el&hellip; Sigue leyendo &rarr;","og_url":"https:\/\/old.apetp.com\/index.php\/terapia-neural\/","og_site_name":"APETP","article_modified_time":"2016-03-06T18:27:29+00:00","og_image":[{"width":706,"height":270,"url":"https:\/\/old.apetp.com\/wp-content\/uploads\/2016\/03\/neuraltherapie.jpg","type":"image\/jpeg"}],"twitter_card":"summary_large_image","twitter_misc":{"Tiempo de lectura":"3 minutos"},"schema":{"@context":"https:\/\/schema.org","@graph":[{"@type":"WebPage","@id":"https:\/\/old.apetp.com\/index.php\/terapia-neural\/","url":"https:\/\/old.apetp.com\/index.php\/terapia-neural\/","name":"Terapia neural - APETP","isPartOf":{"@id":"https:\/\/old.apetp.com\/#website"},"primaryImageOfPage":{"@id":"https:\/\/old.apetp.com\/index.php\/terapia-neural\/#primaryimage"},"image":{"@id":"https:\/\/old.apetp.com\/index.php\/terapia-neural\/#primaryimage"},"thumbnailUrl":"https:\/\/old.apetp.com\/wp-content\/uploads\/2016\/03\/neuraltherapie.jpg","datePublished":"2016-03-06T18:25:27+00:00","dateModified":"2016-03-06T18:27:29+00:00","breadcrumb":{"@id":"https:\/\/old.apetp.com\/index.php\/terapia-neural\/#breadcrumb"},"inLanguage":"es","potentialAction":[{"@type":"ReadAction","target":["https:\/\/old.apetp.com\/index.php\/terapia-neural\/"]}]},{"@type":"ImageObject","inLanguage":"es","@id":"https:\/\/old.apetp.com\/index.php\/terapia-neural\/#primaryimage","url":"https:\/\/old.apetp.com\/wp-content\/uploads\/2016\/03\/neuraltherapie.jpg","contentUrl":"https:\/\/old.apetp.com\/wp-content\/uploads\/2016\/03\/neuraltherapie.jpg","width":706,"height":270},{"@type":"BreadcrumbList","@id":"https:\/\/old.apetp.com\/index.php\/terapia-neural\/#breadcrumb","itemListElement":[{"@type":"ListItem","position":1,"name":"Portada","item":"https:\/\/old.apetp.com\/"},{"@type":"ListItem","position":2,"name":"Terapia neural"}]},{"@type":"WebSite","@id":"https:\/\/old.apetp.com\/#website","url":"https:\/\/old.apetp.com\/","name":"APETP","description":"Asociaci\u00f3n para Proteger al Enfermo de Terapias Pseudocient\u00edficas","potentialAction":[{"@type":"SearchAction","target":{"@type":"EntryPoint","urlTemplate":"https:\/\/old.apetp.com\/?s={search_term_string}"},"query-input":{"@type":"PropertyValueSpecification","valueRequired":true,"valueName":"search_term_string"}}],"inLanguage":"es"}]}},"jetpack_sharing_enabled":true,"jetpack_shortlink":"https:\/\/wp.me\/P6mZ8W-c0","_links":{"self":[{"href":"https:\/\/old.apetp.com\/index.php\/wp-json\/wp\/v2\/pages\/744","targetHints":{"allow":["GET"]}}],"collection":[{"href":"https:\/\/old.apetp.com\/index.php\/wp-json\/wp\/v2\/pages"}],"about":[{"href":"https:\/\/old.apetp.com\/index.php\/wp-json\/wp\/v2\/types\/page"}],"author":[{"embeddable":true,"href":"https:\/\/old.apetp.com\/index.php\/wp-json\/wp\/v2\/users\/1"}],"replies":[{"embeddable":true,"href":"https:\/\/old.apetp.com\/index.php\/wp-json\/wp\/v2\/comments?post=744"}],"version-history":[{"count":2,"href":"https:\/\/old.apetp.com\/index.php\/wp-json\/wp\/v2\/pages\/744\/revisions"}],"predecessor-version":[{"id":748,"href":"https:\/\/old.apetp.com\/index.php\/wp-json\/wp\/v2\/pages\/744\/revisions\/748"}],"wp:featuredmedia":[{"embeddable":true,"href":"https:\/\/old.apetp.com\/index.php\/wp-json\/wp\/v2\/media\/746"}],"wp:attachment":[{"href":"https:\/\/old.apetp.com\/index.php\/wp-json\/wp\/v2\/media?parent=744"}],"curies":[{"name":"wp","href":"https:\/\/api.w.org\/{rel}","templated":true}]}}