{"id":5658,"date":"2020-04-06T12:17:30","date_gmt":"2020-04-06T12:17:30","guid":{"rendered":"https:\/\/apetp.com\/?page_id=5658"},"modified":"2020-04-06T12:36:15","modified_gmt":"2020-04-06T12:36:15","slug":"carta-a-plataformas-online-coronavirus","status":"publish","type":"page","link":"https:\/\/old.apetp.com\/index.php\/carta-a-plataformas-online-coronavirus\/","title":{"rendered":"Carta a plataformas online &#8211; Coronavirus"},"content":{"rendered":"<p style=\"text-align: justify;\">A las Plataformas para contenido online, que nutren las redes sociales:<\/p>\n<p style=\"text-align: justify;\">Desde las asociaciones y entidades abajo firmantes, les agradecemos su necesaria implicaci\u00f3n en el control de bulos en salud y material pseudocient\u00edfico alojado en sus plataformas, mediante su retirada. Asumimos, en l\u00ednea con las \u00faltimas declaraciones de Ursula von der Leyen, presidenta de la Comisi\u00f3n Europea: \u201cCoronavirus myths and fake news circulating on social media can cost lives. We&#8217;re working with online platforms to stop those seeking to profit from or exploit the crisis\u201d.<\/p>\n<p style=\"text-align: justify;\">Somos conscientes de, entre otros, el anuncio de Google de prohibir los anuncios de tratamientos m\u00e9dicos experimentales o sin aval cient\u00edfico (El Pa\u00eds, 16 de septiembre), as\u00ed como hemos venido comprobando la ineficacia pr\u00e1ctica de la propuesta.<\/p>\n<p style=\"text-align: justify;\">Hay decenas de perfiles alojados en diversos canales (YouTube, Facebook, etc.), que de manera continuada y reiterada publican bulos en salud, principalmente pseudoterapias o falsos remedios que, a pesar de ser denunciados por otros usuarios, y retirado puntualmente su contenido, este vuelve a cargarse y difundirse pr\u00e1cticamente instantes despu\u00e9s.<\/p>\n<p style=\"text-align: justify;\">Todo ello, a pesar del PLAN PARA LA PROTECCI\u00d3N DE LA SALUD FRENTE A LAS PSEUDOTERAPIAS #CoNprueba, lanzado por el Gobierno de Espa\u00f1a en noviembre de 2018.<\/p>\n<p style=\"text-align: justify;\">La cat\u00e1strofe sanitaria, social y pol\u00edtica que estamos viviendo con el actual coronavirus y la enfermedad que este provoca debe ser el comienzo que asiente las bases de una libertad de expresi\u00f3n real y efectiva en redes sociales y canales de comunicaci\u00f3n; de manera que, de ahora en adelante, se eviten perfiles dedicados a la difusi\u00f3n de fake news, pseudociencias y pseudoterapias.<\/p>\n<p style=\"text-align: justify;\">Sin otro particular y quedando a vuestra disposici\u00f3n:<\/p>\n<p><strong>Asociaciones firmantes:<\/strong><\/p>\n<p>Asociaci\u00f3n para Proteger al Enfermo de Terapias Pseudocient\u00edficas, APETP. N\u00ba Registro Nacional de Asociaciones: 608.238<\/p>\n<p>Ilustre Colegio Oficial de M\u00e9dicos de Madrid (ICOMEM)<\/p>\n<p>ARP-Sociedad para el Avance del Pensamiento Cr\u00edtico. N\u00b0 Registro Nacional de Asociaciones 71.144<\/p>\n<p>Farmaciencia. N\u00ba Registro Nacional de Asociaciones: 614.379<\/p>\n<p>C\u00edrculo Esc\u00e9ptico. N\u00ba Registro Nacional de Asociaciones: 585.449<\/p>\n<p>Asociaci\u00f3n Espa\u00f1ola de Cient\u00edficos. N\u00ba Registro Nacional de Asociaciones 11.223<\/p>\n<p>Asociaci\u00f3n Espa\u00f1ola para el Avance de la Ciencia, AEAC. N\u00ba Registro Nacional de Asociaciones 615.663<\/p>\n<p>Asociaci\u00f3n Espa\u00f1ola de Comunicaci\u00f3n Cient\u00edfica. N\u00ba Registro Nacional de Asociaciones: 15.231<\/p>\n<p>Comunicabiotec &#8211; Asociaci\u00f3n Comunicadores de Biotecnolog\u00eda, ACB. N\u00ba Registro Nacional de Asociaciones: 606.917<\/p>\n<p>Asociaci\u00f3n Hablando de Ciencia, HDC. N\u00ba de Registro de Asociaciones: 607.378<\/p>\n<p>Asociaci\u00f3n de Periodistas por la Igualdad. N\u00ba de Registro de Asociaciones: 615.504<\/p>\n<p>Asociaci\u00f3n Galega de Comunicaci\u00f3n de Cultura Cient\u00edfica e Tecnol\u00f3xica (DivulgACCI\u00d3N-AGCCT). Num de Rexistro<\/p>\n<p>Central de Asociaci\u00f3ns da Conseller\u00eda de Presidencia, Administraci\u00f3ns P\u00fablicas e Xustiza de Galicia 2011\/015353<\/p>\n<p>Asociaci\u00f3n de Divulgaci\u00f3n Cient\u00edfica de Alicante, N\u00ba Registro Comunidad Valenciana CV-01-058964-A<\/p>\n\n\t\t<style>\n\t\t\t.huge-it-share-buttons {\n\t\t\t\tborder:0px solid #0FB5D6;\n\t\t\t\tborder-radius:5px;\n\t\t\t\tbackground:#3BD8FF;\n\t\t\t text-align:left; \t\t\t\t\t\t\t\t\t}\n\n\t\t\t#huge-it-share-buttons-top {margin-bottom:0px;}\n\t\t\t#huge-it-share-buttons-bottom {margin-top:0px;}\n\n\t\t\t.huge-it-share-buttons h3 {\n\t\t\t\tfont-size:25px ;\n\t\t\t\tfont-family:Arial,Helvetica Neue,Helvetica,sans-serif;\n\t\t\t\tcolor:#666666;\n\n\t\t\tdisplay:block;\t\t\t\tline-height:25px ;\n\n\t\t\t text-align:left; \t\t\t\t\t\t\t\t\t}\n\n\t\t\t.huge-it-share-buttons ul {\n\t\t\t float:left; \t\t\t\t\t\t\t\t\t}\n\n\t\t\t.huge-it-share-buttons ul li {\n\t\t\t\tmargin-left:3px;\n\t\t\t\tmargin-right:3px;\n\t\t\t\tpadding:0px;\n\t\t\t\tborder:0px ridge #E6354C;\n\t\t\t\tborder-radius:11px;\n\t\t\t\tbackground-color:#14CC9B;\n\t\t\t}\n\n\t\t\t.huge-it-share-buttons ul li #backforunical5658 {\n\t\t\t\tborder-bottom: 0;\n\t\t\t\tbackground-image:url('https:\/\/old.apetp.com\/wp-content\/plugins\/wp-share-buttons\/Front_end\/..\/images\/buttons.30.png');\n\t\t\t\twidth:30px;\n\t\t\t\theight:30px;\n\t\t\t}\n\n\t\t\t.front-shares-count {\n\t\t\t\tposition: absolute;\n\t\t\t\ttext-align: center;\n\t\t\t\tdisplay: block;\n\t\t\t}\n\n\t\t\t.shares_size20 .front-shares-count {\n\t\t\t\tfont-size: 10px;\n\t\t\t\ttop: 10px;\n\t\t\t\twidth: 20px;\n\t\t\t}\n\n\t\t\t.shares_size30 .front-shares-count {\n\t\t\t\tfont-size: 11px;\n\t\t\t\ttop: 15px;\n\t\t\t\twidth: 30px;\n\t\t\t}\n\n\t\t\t.shares_size40 .front-shares-count {\n\t\t\t\tfont-size: 12px;\n\t\t\t\ttop: 21px;\n\t\t\t\twidth: 40px;\n\t\t\t}\n\t\t<\/style>\n\t\t\n\t\t<div id=\"huge-it-share-buttons-top\" class=\"huge-it-share-buttons nobackground\">\n\t\t\t<h3>Share This:<\/h3>\n\t\t\t<ul class=\"huge-it-share-buttons-list \">\n\t\t\t\t\t\t\t\t\t<li class=\"nobackground \" >\n\n\t\t\t\t\t\t\t\t\t\t\t\t<a id=\"backforunical5658\" href=\"https:\/\/www.facebook.com\/sharer\/sharer.php?u=old.apetp.com\/index.php\/wp-json\/wp\/v2\/pages\/5658\"  onclick=\"javascript:void window.open('https:\/\/www.facebook.com\/sharer\/sharer.php?u=old.apetp.com\/index.php\/wp-json\/wp\/v2\/pages\/5658','1410949501326','width=700,height=500,toolbar=0,menubar=0,location=0,status=1,scrollbars=1,resizable=1,left=0,top=0');return false;\" style=\"background-position: -0px -120px \"><\/a>\n\t\t\t\t\t<\/li>\n\t\t\t\t\t\t\t\t\t\t<li class=\"nobackground \" >\n\n\t\t\t\t\t\t\t\t\t\t\t\t<a id=\"backforunical5658\" href=\"https:\/\/twitter.com\/share?status=old.apetp.com\/index.php\/wp-json\/wp\/v2\/pages\/5658&text=Carta a plataformas online &#8211; Coronavirus\"  onclick=\"javascript:void window.open('https:\/\/twitter.com\/share?status=old.apetp.com\/index.php\/wp-json\/wp\/v2\/pages\/5658&text=Carta a plataformas online &#8211; Coronavirus','1410949501326','width=700,height=500,toolbar=0,menubar=0,location=0,status=1,scrollbars=1,resizable=1,left=0,top=0');return false;\" style=\"background-position: -30px -120px \"><\/a>\n\t\t\t\t\t<\/li>\n\t\t\t\t\t\t\t\t\t\t<li class=\"nobackground \" >\n\n\t\t\t\t\t\t\t\t\t\t\t\t<a id=\"backforunical5658\" href=\"http:\/\/www.pinterest.com\/pin\/create\/button\/?url=old.apetp.com\/index.php\/wp-json\/wp\/v2\/pages\/5658&media=https:\/\/old.apetp.com\/wp-content\/uploads\/2015\/12\/Carta-abierta.jpg&description=Carta a plataformas online &#8211; Coronavirus\"  onclick=\"javascript:void window.open('http:\/\/www.pinterest.com\/pin\/create\/button\/?url=old.apetp.com\/index.php\/wp-json\/wp\/v2\/pages\/5658&media=https:\/\/old.apetp.com\/wp-content\/uploads\/2015\/12\/Carta-abierta.jpg&description=Carta a plataformas online &#8211; Coronavirus','1410949501326','width=700,height=500,toolbar=0,menubar=0,location=0,status=1,scrollbars=1,resizable=1,left=0,top=0');return false;\" style=\"background-position: -60px -120px \"><\/a>\n\t\t\t\t\t<\/li>\n\t\t\t\t\t\t\t\t\t\t<li class=\"nobackground \" >\n\n\t\t\t\t\t\t\t\t\t\t\t\t<a id=\"backforunical5658\" href=\"https:\/\/plus.google.com\/share?url=old.apetp.com\/index.php\/wp-json\/wp\/v2\/pages\/5658\"  onclick=\"javascript:void window.open('https:\/\/plus.google.com\/share?url=old.apetp.com\/index.php\/wp-json\/wp\/v2\/pages\/5658','1410949501326','width=700,height=500,toolbar=0,menubar=0,location=0,status=1,scrollbars=1,resizable=1,left=0,top=0');return false;\" style=\"background-position: -90px -120px \"><\/a>\n\t\t\t\t\t<\/li>\n\t\t\t\t\t\t\t\t\t\t<li class=\"nobackground \" >\n\n\t\t\t\t\t\t\t\t\t\t\t\t<a id=\"backforunical5658\" href=\"https:\/\/www.linkedin.com\/shareArticle?title=Carta a plataformas online &#8211; Coronavirus&mini=true&url=https:\/\/old.apetp.com\/index.php\/wp-json\/wp\/v2\/pages\/5658\"  onclick=\"javascript:void window.open('https:\/\/www.linkedin.com\/shareArticle?title=Carta a plataformas online &#8211; Coronavirus&mini=true&url=https:\/\/old.apetp.com\/index.php\/wp-json\/wp\/v2\/pages\/5658','1410949501326','width=700,height=500,toolbar=0,menubar=0,location=0,status=1,scrollbars=1,resizable=1,left=0,top=0');return false;\" style=\"background-position: -120px -120px \"><\/a>\n\t\t\t\t\t<\/li>\n\t\t\t\t\t\t\t\t\t\t<li class=\"nobackground \" >\n\n\t\t\t\t\t\t\t\t\t\t\t\t<a id=\"backforunical5658\" href=\"https:\/\/www.tumblr.com\/share\/link?url=old.apetp.com\/index.php\/wp-json\/wp\/v2\/pages\/5658&name=Carta a plataformas online &#8211; Coronavirus\"  onclick=\"javascript:void window.open('https:\/\/www.tumblr.com\/share\/link?url=old.apetp.com\/index.php\/wp-json\/wp\/v2\/pages\/5658&name=Carta a plataformas online &#8211; Coronavirus','1410949501326','width=700,height=500,toolbar=0,menubar=0,location=0,status=1,scrollbars=1,resizable=1,left=0,top=0');return false;\" style=\"background-position: -150px -120px \"><\/a>\n\t\t\t\t\t<\/li>\n\t\t\t\t\t\t\t\t\t\t<li class=\"nobackground \" >\n\n\t\t\t\t\t\t\t\t\t\t\t\t<a id=\"backforunical5658\" href=\"http:\/\/digg.com\/submit?phase=2&url=old.apetp.com\/index.php\/wp-json\/wp\/v2\/pages\/5658&title=Carta a plataformas online &#8211; Coronavirus\"  onclick=\"javascript:void window.open('http:\/\/digg.com\/submit?phase=2&url=old.apetp.com\/index.php\/wp-json\/wp\/v2\/pages\/5658&title=Carta a plataformas online &#8211; Coronavirus','1410949501326','width=700,height=500,toolbar=0,menubar=0,location=0,status=1,scrollbars=1,resizable=1,left=0,top=0');return false;\" style=\"background-position: -180px -120px \"><\/a>\n\t\t\t\t\t<\/li>\n\t\t\t\t\t\t\t\t\t\t<li class=\"nobackground \" >\n\n\t\t\t\t\t\t\t\t\t\t\t\t<a id=\"backforunical5658\" href=\"http:\/\/www.stumbleupon.com\/submit?url=old.apetp.com\/index.php\/wp-json\/wp\/v2\/pages\/5658&title=Carta a plataformas online &#8211; Coronavirus\"  onclick=\"javascript:void window.open('http:\/\/www.stumbleupon.com\/submit?url=old.apetp.com\/index.php\/wp-json\/wp\/v2\/pages\/5658&title=Carta a plataformas online &#8211; Coronavirus','1410949501326','width=700,height=500,toolbar=0,menubar=0,location=0,status=1,scrollbars=1,resizable=1,left=0,top=0');return false;\" style=\"background-position: -210px -120px \"><\/a>\n\t\t\t\t\t<\/li>\n\t\t\t\t\t\t\t\t\t\t<li class=\"nobackground \" >\n\n\t\t\t\t\t\t\t\t\t\t\t\t<a id=\"backforunical5658\" href=\"https:\/\/myspace.com\/post?l=3&u=old.apetp.com\/index.php\/wp-json\/wp\/v2\/pages\/5658\"  onclick=\"javascript:void window.open('https:\/\/myspace.com\/post?l=3&u=old.apetp.com\/index.php\/wp-json\/wp\/v2\/pages\/5658','1410949501326','width=700,height=500,toolbar=0,menubar=0,location=0,status=1,scrollbars=1,resizable=1,left=0,top=0');return false;\" style=\"background-position: -240px -120px \"><\/a>\n\t\t\t\t\t<\/li>\n\t\t\t\t\t\t\t\t\t\t<li class=\"nobackground \" >\n\n\t\t\t\t\t\t\t\t\t\t\t\t<a id=\"backforunical5658\" href=\"http:\/\/vk.com\/share.php?url=old.apetp.com\/index.php\/wp-json\/wp\/v2\/pages\/5658&title=Carta a plataformas online &#8211; Coronavirus\"  onclick=\"javascript:void window.open('http:\/\/vk.com\/share.php?url=old.apetp.com\/index.php\/wp-json\/wp\/v2\/pages\/5658&title=Carta a plataformas online &#8211; Coronavirus','1410949501326','width=700,height=500,toolbar=0,menubar=0,location=0,status=1,scrollbars=1,resizable=1,left=0,top=0');return false;\" style=\"background-position: -270px -120px \"><\/a>\n\t\t\t\t\t<\/li>\n\t\t\t\t\t\t\t\t\t\t<li class=\"none nobackground \" >\n\n\t\t\t\t\t\t\t\t\t\t\t\t<a id=\"backforunical5658\" href=\"http:\/\/www.reddit.com\/submit?url=old.apetp.com\/index.php\/wp-json\/wp\/v2\/pages\/5658&title=Carta a plataformas online &#8211; Coronavirus\"  onclick=\"javascript:void window.open('http:\/\/www.reddit.com\/submit?url=old.apetp.com\/index.php\/wp-json\/wp\/v2\/pages\/5658&title=Carta a plataformas online &#8211; Coronavirus','1410949501326','width=700,height=500,toolbar=0,menubar=0,location=0,status=1,scrollbars=1,resizable=1,left=0,top=0');return false;\" style=\"background-position: -300px -120px \"><\/a>\n\t\t\t\t\t<\/li>\n\t\t\t\t\t\t\t\t\t\t<li class=\"none nobackground \" >\n\n\t\t\t\t\t\t\t\t\t\t\t\t<a id=\"backforunical5658\" href=\"http:\/\/www.bebo.com\/c\/share?Url=old.apetp.com\/index.php\/wp-json\/wp\/v2\/pages\/5658\"  onclick=\"javascript:void window.open('http:\/\/www.bebo.com\/c\/share?Url=old.apetp.com\/index.php\/wp-json\/wp\/v2\/pages\/5658','1410949501326','width=700,height=500,toolbar=0,menubar=0,location=0,status=1,scrollbars=1,resizable=1,left=0,top=0');return false;\" style=\"background-position: -330px -120px \"><\/a>\n\t\t\t\t\t<\/li>\n\t\t\t\t\t\t\t\t\t\t<li class=\"none nobackground \" >\n\n\t\t\t\t\t\t\t\t\t\t\t\t<a id=\"backforunical5658\" href=\"https:\/\/delicious.com\/save?v=5&noui&jump=close&url=old.apetp.com\/index.php\/wp-json\/wp\/v2\/pages\/5658&title=Carta a plataformas online &#8211; Coronavirus\"  onclick=\"javascript:void window.open('https:\/\/delicious.com\/save?v=5&noui&jump=close&url=old.apetp.com\/index.php\/wp-json\/wp\/v2\/pages\/5658&title=Carta a plataformas online &#8211; Coronavirus','1410949501326','width=700,height=500,toolbar=0,menubar=0,location=0,status=1,scrollbars=1,resizable=1,left=0,top=0');return false;\" style=\"background-position: -360px -120px \"><\/a>\n\t\t\t\t\t<\/li>\n\t\t\t\t\t\t\t\t\t\t<li class=\"none nobackground \" >\n\n\t\t\t\t\t\t\t\t\t\t\t\t<a id=\"backforunical5658\" href=\"http:\/\/www.odnoklassniki.ru\/dk?st.cmd=addShare&st.s=2&st.noresize=on&st._surl=old.apetp.com\/index.php\/wp-json\/wp\/v2\/pages\/5658\"  onclick=\"javascript:void window.open('http:\/\/www.odnoklassniki.ru\/dk?st.cmd=addShare&st.s=2&st.noresize=on&st._surl=old.apetp.com\/index.php\/wp-json\/wp\/v2\/pages\/5658','1410949501326','width=700,height=500,toolbar=0,menubar=0,location=0,status=1,scrollbars=1,resizable=1,left=0,top=0');return false;\" style=\"background-position: -390px -120px \"><\/a>\n\t\t\t\t\t<\/li>\n\t\t\t\t\t\t\t\t\t\t<li class=\"none nobackground \" >\n\n\t\t\t\t\t\t\t\t\t\t\t\t<a id=\"backforunical5658\" href=\"http:\/\/sns.qzone.qq.com\/cgi-bin\/qzshare\/cgi_qzshare_onekey?url=old.apetp.com\/index.php\/wp-json\/wp\/v2\/pages\/5658&title=Carta a plataformas online &#8211; Coronavirus\"  onclick=\"javascript:void window.open('http:\/\/sns.qzone.qq.com\/cgi-bin\/qzshare\/cgi_qzshare_onekey?url=old.apetp.com\/index.php\/wp-json\/wp\/v2\/pages\/5658&title=Carta a plataformas online &#8211; Coronavirus','1410949501326','width=700,height=500,toolbar=0,menubar=0,location=0,status=1,scrollbars=1,resizable=1,left=0,top=0');return false;\" style=\"background-position: -420px -120px \"><\/a>\n\t\t\t\t\t<\/li>\n\t\t\t\t\t\t\t\t\t\t<li class=\"none nobackground \" >\n\n\t\t\t\t\t\t\t\t\t\t\t\t<a id=\"backforunical5658\" href=\"http:\/\/service.weibo.com\/share\/share.php?url=old.apetp.com\/index.php\/wp-json\/wp\/v2\/pages\/5658&appkey=&title=Carta a plataformas online &#8211; Coronavirus&pic=&ralateUid=&\"  onclick=\"javascript:void window.open('http:\/\/service.weibo.com\/share\/share.php?url=old.apetp.com\/index.php\/wp-json\/wp\/v2\/pages\/5658&appkey=&title=Carta a plataformas online &#8211; Coronavirus&pic=&ralateUid=&','1410949501326','width=700,height=500,toolbar=0,menubar=0,location=0,status=1,scrollbars=1,resizable=1,left=0,top=0');return false;\" style=\"background-position: -450px -120px \"><\/a>\n\t\t\t\t\t<\/li>\n\t\t\t\t\t\t\t\t\t\t<li class=\"none nobackground \" >\n\n\t\t\t\t\t\t\t\t\t\t\t\t<a id=\"backforunical5658\" href=\"http:\/\/widget.renren.com\/dialog\/share?resourceUrl=old.apetp.com\/index.php\/wp-json\/wp\/v2\/pages\/5658&srcUrl=old.apetp.com\/index.php\/wp-json\/wp\/v2\/pages\/5658&title=Carta a plataformas online &#8211; Coronavirus\"  onclick=\"javascript:void window.open('http:\/\/widget.renren.com\/dialog\/share?resourceUrl=old.apetp.com\/index.php\/wp-json\/wp\/v2\/pages\/5658&srcUrl=old.apetp.com\/index.php\/wp-json\/wp\/v2\/pages\/5658&title=Carta a plataformas online &#8211; Coronavirus','1410949501326','width=700,height=500,toolbar=0,menubar=0,location=0,status=1,scrollbars=1,resizable=1,left=0,top=0');return false;\" style=\"background-position: -480px -120px \"><\/a>\n\t\t\t\t\t<\/li>\n\t\t\t\t\t\t\t\t\t\t<li class=\"none nobackground \" >\n\n\t\t\t\t\t\t\t\t\t\t\t\t<a id=\"backforunical5658\" href=\"http:\/\/n4g.com\/tips?url=old.apetp.com\/index.php\/wp-json\/wp\/v2\/pages\/5658&title=Carta a plataformas online &#8211; Coronavirus\"  onclick=\"javascript:void window.open('http:\/\/n4g.com\/tips?url=old.apetp.com\/index.php\/wp-json\/wp\/v2\/pages\/5658&title=Carta a plataformas online &#8211; Coronavirus','1410949501326','width=700,height=500,toolbar=0,menubar=0,location=0,status=1,scrollbars=1,resizable=1,left=0,top=0');return false;\" style=\"background-position: -510px -120px \"><\/a>\n\t\t\t\t\t<\/li>\n\t\t\t\t\t\t\t\t<\/ul>\n\t\t\t<div class=\"clear\"><\/div>\n\t\t<\/div>\n\t\t","protected":false},"excerpt":{"rendered":"<p>A las Plataformas para contenido online, que nutren las redes sociales: Desde las asociaciones y entidades abajo firmantes, les agradecemos su necesaria implicaci\u00f3n en el control de bulos en salud y material pseudocient\u00edfico alojado en sus plataformas, mediante su retirada.&hellip; <a href=\"https:\/\/old.apetp.com\/index.php\/carta-a-plataformas-online-coronavirus\/\" class=\"more-link\">Sigue leyendo <span class=\"meta-nav\">&rarr;<\/span><\/a><\/p>\n","protected":false},"author":1,"featured_media":472,"parent":0,"menu_order":0,"comment_status":"closed","ping_status":"closed","template":"","meta":{"jetpack_post_was_ever_published":false,"footnotes":""},"class_list":["post-5658","page","type-page","status-publish","has-post-thumbnail","hentry"],"yoast_head":"<!-- This site is optimized with the Yoast SEO plugin v26.8 - https:\/\/yoast.com\/product\/yoast-seo-wordpress\/ -->\n<title>Carta a plataformas online - Coronavirus - APETP<\/title>\n<meta name=\"robots\" content=\"noindex, follow, max-snippet:-1, max-image-preview:large, max-video-preview:-1\" \/>\n<meta property=\"og:locale\" content=\"es_ES\" \/>\n<meta property=\"og:type\" content=\"article\" \/>\n<meta property=\"og:title\" content=\"Carta a plataformas online - Coronavirus - APETP\" \/>\n<meta property=\"og:description\" content=\"A las Plataformas para contenido online, que nutren las redes sociales: Desde las asociaciones y entidades abajo firmantes, les agradecemos su necesaria implicaci\u00f3n en el control de bulos en salud y material pseudocient\u00edfico alojado en sus plataformas, mediante su retirada.&hellip; Sigue leyendo &rarr;\" \/>\n<meta property=\"og:url\" content=\"https:\/\/old.apetp.com\/index.php\/carta-a-plataformas-online-coronavirus\/\" \/>\n<meta property=\"og:site_name\" content=\"APETP\" \/>\n<meta property=\"article:modified_time\" content=\"2020-04-06T12:36:15+00:00\" \/>\n<meta property=\"og:image\" content=\"https:\/\/old.apetp.com\/wp-content\/uploads\/2015\/12\/Carta-abierta.jpg\" \/>\n\t<meta property=\"og:image:width\" content=\"1120\" \/>\n\t<meta property=\"og:image:height\" content=\"716\" \/>\n\t<meta property=\"og:image:type\" content=\"image\/jpeg\" \/>\n<meta name=\"twitter:card\" content=\"summary_large_image\" \/>\n<meta name=\"twitter:label1\" content=\"Tiempo de lectura\" \/>\n\t<meta name=\"twitter:data1\" content=\"2 minutos\" \/>\n<script type=\"application\/ld+json\" class=\"yoast-schema-graph\">{\"@context\":\"https:\/\/schema.org\",\"@graph\":[{\"@type\":\"WebPage\",\"@id\":\"https:\/\/old.apetp.com\/index.php\/carta-a-plataformas-online-coronavirus\/\",\"url\":\"https:\/\/old.apetp.com\/index.php\/carta-a-plataformas-online-coronavirus\/\",\"name\":\"Carta a plataformas online - Coronavirus - APETP\",\"isPartOf\":{\"@id\":\"https:\/\/old.apetp.com\/#website\"},\"primaryImageOfPage\":{\"@id\":\"https:\/\/old.apetp.com\/index.php\/carta-a-plataformas-online-coronavirus\/#primaryimage\"},\"image\":{\"@id\":\"https:\/\/old.apetp.com\/index.php\/carta-a-plataformas-online-coronavirus\/#primaryimage\"},\"thumbnailUrl\":\"https:\/\/old.apetp.com\/wp-content\/uploads\/2015\/12\/Carta-abierta.jpg\",\"datePublished\":\"2020-04-06T12:17:30+00:00\",\"dateModified\":\"2020-04-06T12:36:15+00:00\",\"breadcrumb\":{\"@id\":\"https:\/\/old.apetp.com\/index.php\/carta-a-plataformas-online-coronavirus\/#breadcrumb\"},\"inLanguage\":\"es\",\"potentialAction\":[{\"@type\":\"ReadAction\",\"target\":[\"https:\/\/old.apetp.com\/index.php\/carta-a-plataformas-online-coronavirus\/\"]}]},{\"@type\":\"ImageObject\",\"inLanguage\":\"es\",\"@id\":\"https:\/\/old.apetp.com\/index.php\/carta-a-plataformas-online-coronavirus\/#primaryimage\",\"url\":\"https:\/\/old.apetp.com\/wp-content\/uploads\/2015\/12\/Carta-abierta.jpg\",\"contentUrl\":\"https:\/\/old.apetp.com\/wp-content\/uploads\/2015\/12\/Carta-abierta.jpg\",\"width\":1120,\"height\":716,\"caption\":\"OLYMPUS DIGITAL CAMERA\"},{\"@type\":\"BreadcrumbList\",\"@id\":\"https:\/\/old.apetp.com\/index.php\/carta-a-plataformas-online-coronavirus\/#breadcrumb\",\"itemListElement\":[{\"@type\":\"ListItem\",\"position\":1,\"name\":\"Portada\",\"item\":\"https:\/\/old.apetp.com\/\"},{\"@type\":\"ListItem\",\"position\":2,\"name\":\"Carta a plataformas online &#8211; Coronavirus\"}]},{\"@type\":\"WebSite\",\"@id\":\"https:\/\/old.apetp.com\/#website\",\"url\":\"https:\/\/old.apetp.com\/\",\"name\":\"APETP\",\"description\":\"Asociaci\u00f3n para Proteger al Enfermo de Terapias Pseudocient\u00edficas\",\"potentialAction\":[{\"@type\":\"SearchAction\",\"target\":{\"@type\":\"EntryPoint\",\"urlTemplate\":\"https:\/\/old.apetp.com\/?s={search_term_string}\"},\"query-input\":{\"@type\":\"PropertyValueSpecification\",\"valueRequired\":true,\"valueName\":\"search_term_string\"}}],\"inLanguage\":\"es\"}]}<\/script>\n<!-- \/ Yoast SEO plugin. -->","yoast_head_json":{"title":"Carta a plataformas online - Coronavirus - APETP","robots":{"index":"noindex","follow":"follow","max-snippet":"max-snippet:-1","max-image-preview":"max-image-preview:large","max-video-preview":"max-video-preview:-1"},"og_locale":"es_ES","og_type":"article","og_title":"Carta a plataformas online - Coronavirus - APETP","og_description":"A las Plataformas para contenido online, que nutren las redes sociales: Desde las asociaciones y entidades abajo firmantes, les agradecemos su necesaria implicaci\u00f3n en el control de bulos en salud y material pseudocient\u00edfico alojado en sus plataformas, mediante su retirada.&hellip; Sigue leyendo &rarr;","og_url":"https:\/\/old.apetp.com\/index.php\/carta-a-plataformas-online-coronavirus\/","og_site_name":"APETP","article_modified_time":"2020-04-06T12:36:15+00:00","og_image":[{"width":1120,"height":716,"url":"https:\/\/old.apetp.com\/wp-content\/uploads\/2015\/12\/Carta-abierta.jpg","type":"image\/jpeg"}],"twitter_card":"summary_large_image","twitter_misc":{"Tiempo de lectura":"2 minutos"},"schema":{"@context":"https:\/\/schema.org","@graph":[{"@type":"WebPage","@id":"https:\/\/old.apetp.com\/index.php\/carta-a-plataformas-online-coronavirus\/","url":"https:\/\/old.apetp.com\/index.php\/carta-a-plataformas-online-coronavirus\/","name":"Carta a plataformas online - Coronavirus - APETP","isPartOf":{"@id":"https:\/\/old.apetp.com\/#website"},"primaryImageOfPage":{"@id":"https:\/\/old.apetp.com\/index.php\/carta-a-plataformas-online-coronavirus\/#primaryimage"},"image":{"@id":"https:\/\/old.apetp.com\/index.php\/carta-a-plataformas-online-coronavirus\/#primaryimage"},"thumbnailUrl":"https:\/\/old.apetp.com\/wp-content\/uploads\/2015\/12\/Carta-abierta.jpg","datePublished":"2020-04-06T12:17:30+00:00","dateModified":"2020-04-06T12:36:15+00:00","breadcrumb":{"@id":"https:\/\/old.apetp.com\/index.php\/carta-a-plataformas-online-coronavirus\/#breadcrumb"},"inLanguage":"es","potentialAction":[{"@type":"ReadAction","target":["https:\/\/old.apetp.com\/index.php\/carta-a-plataformas-online-coronavirus\/"]}]},{"@type":"ImageObject","inLanguage":"es","@id":"https:\/\/old.apetp.com\/index.php\/carta-a-plataformas-online-coronavirus\/#primaryimage","url":"https:\/\/old.apetp.com\/wp-content\/uploads\/2015\/12\/Carta-abierta.jpg","contentUrl":"https:\/\/old.apetp.com\/wp-content\/uploads\/2015\/12\/Carta-abierta.jpg","width":1120,"height":716,"caption":"OLYMPUS DIGITAL CAMERA"},{"@type":"BreadcrumbList","@id":"https:\/\/old.apetp.com\/index.php\/carta-a-plataformas-online-coronavirus\/#breadcrumb","itemListElement":[{"@type":"ListItem","position":1,"name":"Portada","item":"https:\/\/old.apetp.com\/"},{"@type":"ListItem","position":2,"name":"Carta a plataformas online &#8211; Coronavirus"}]},{"@type":"WebSite","@id":"https:\/\/old.apetp.com\/#website","url":"https:\/\/old.apetp.com\/","name":"APETP","description":"Asociaci\u00f3n para Proteger al Enfermo de Terapias Pseudocient\u00edficas","potentialAction":[{"@type":"SearchAction","target":{"@type":"EntryPoint","urlTemplate":"https:\/\/old.apetp.com\/?s={search_term_string}"},"query-input":{"@type":"PropertyValueSpecification","valueRequired":true,"valueName":"search_term_string"}}],"inLanguage":"es"}]}},"jetpack_sharing_enabled":true,"jetpack_shortlink":"https:\/\/wp.me\/P6mZ8W-1tg","_links":{"self":[{"href":"https:\/\/old.apetp.com\/index.php\/wp-json\/wp\/v2\/pages\/5658","targetHints":{"allow":["GET"]}}],"collection":[{"href":"https:\/\/old.apetp.com\/index.php\/wp-json\/wp\/v2\/pages"}],"about":[{"href":"https:\/\/old.apetp.com\/index.php\/wp-json\/wp\/v2\/types\/page"}],"author":[{"embeddable":true,"href":"https:\/\/old.apetp.com\/index.php\/wp-json\/wp\/v2\/users\/1"}],"replies":[{"embeddable":true,"href":"https:\/\/old.apetp.com\/index.php\/wp-json\/wp\/v2\/comments?post=5658"}],"version-history":[{"count":4,"href":"https:\/\/old.apetp.com\/index.php\/wp-json\/wp\/v2\/pages\/5658\/revisions"}],"predecessor-version":[{"id":5663,"href":"https:\/\/old.apetp.com\/index.php\/wp-json\/wp\/v2\/pages\/5658\/revisions\/5663"}],"wp:featuredmedia":[{"embeddable":true,"href":"https:\/\/old.apetp.com\/index.php\/wp-json\/wp\/v2\/media\/472"}],"wp:attachment":[{"href":"https:\/\/old.apetp.com\/index.php\/wp-json\/wp\/v2\/media?parent=5658"}],"curies":[{"name":"wp","href":"https:\/\/api.w.org\/{rel}","templated":true}]}}