{"id":5212,"date":"2019-03-26T08:40:30","date_gmt":"2019-03-26T08:40:30","guid":{"rendered":"https:\/\/apetp.com\/?page_id=5212"},"modified":"2019-03-26T12:33:19","modified_gmt":"2019-03-26T12:33:19","slug":"aviso-legal","status":"publish","type":"page","link":"https:\/\/old.apetp.com\/index.php\/aviso-legal\/","title":{"rendered":"Aviso legal"},"content":{"rendered":"<p>La Asociaci\u00f3n para Proteger al Enfermo de Terapias Pseudocient\u00edficas (APETP), provisto con CIF G98763287, direcci\u00f3n Calle San Jos\u00e9 de Calasanz, N\u00ba 10 puerta 8, CP 46680 Algemes\u00ed (Valencia), no puede asumir ninguna responsabilidad derivada del uso incorrecto, inapropiado o il\u00edcito de la informaci\u00f3n aparecida en la p\u00e1gina de Internet de www.apetp.com.<\/p>\n<p>Con los l\u00edmites establecidos en la ley, APETP no asume ninguna responsabilidad derivada de la falta de veracidad, integridad, actualizaci\u00f3n y precisi\u00f3n de los datos o informaciones que se contienen en sus p\u00e1ginas de Internet. Los contenidos e informaci\u00f3n no vinculan a APETP ni constituyen opiniones, consejos o asesoramiento legal de ning\u00fan tipo pues se trata meramente de un servicio ofrecido con car\u00e1cter informativo y divulgativo.<\/p>\n<p>La p\u00e1gina de Internet de www.apetp.com puede contener enlaces (links) a otras p\u00e1ginas de terceras partes que AEPTP no puede controlar; por lo tanto, APETP no puede asumir responsabilidades por el contenido que pueda aparecer en p\u00e1ginas de terceros. Los textos, im\u00e1genes, sonidos, animaciones, software y el resto de contenidos incluidos en este website son propiedad exclusiva de APETP, sus licenciantes o de uso libre Creative Commons. Cualquier acto de transmisi\u00f3n, distribuci\u00f3n, cesi\u00f3n, reproducci\u00f3n, almacenamiento o comunicaci\u00f3n p\u00fablica total o parcial, debe contar con el consentimiento expreso de APETP exceptuando aquellos contenidos Creative Commons usados<\/p>\n<p>Asimismo, para acceder a algunos de los servicios que APETP ofrece a trav\u00e9s del website y para gesti\u00f3n interna de los socios deber\u00e1 proporcionar algunos datos de car\u00e1cter personal. En cumplimiento de lo establecido en el Reglamento (UE) 2016\/679 del Parlamento Europeo y del Consejo, de 27 de abril de 2016, relativo a la protecci\u00f3n de las personas f\u00edsicas en lo que respecta al tratamiento de datos personales y a la libre circulaci\u00f3n de estos datos le informamos que, mediante la cumplimentaci\u00f3n de los presentes formularios, sus datos personales quedar\u00e1n incorporados y ser\u00e1n tratados en los ficheros de APETP con el fin de poderle prestar y ofrecer nuestros servicios as\u00ed como para informarle de las mejoras del sitio Web, de los servicios de APETP o para notificaciones de la Junta directiva.<\/p>\n<p>As\u00ed mismo, si usted solicita ser socio de la asociaci\u00f3n, su correo electr\u00f3nico se a\u00f1adir\u00e1 a una o varias listas de correo con el objetivo de comunicaci\u00f3n interna entre los miembros de la asociaci\u00f3n. Adem\u00e1s, le informamos de la posibilidad de que ejerza los derechos de acceso, rectificaci\u00f3n, cancelaci\u00f3n y oposici\u00f3n de sus datos de car\u00e1cter personal, manera gratuita mediante un aviso a la junta por los canales internos establecidos o por el correo apetp.info@gmail.com.<\/p>\n","protected":false},"excerpt":{"rendered":"<p>La Asociaci\u00f3n para Proteger al Enfermo de Terapias Pseudocient\u00edficas (APETP), provisto con CIF G98763287, direcci\u00f3n Calle San Jos\u00e9 de Calasanz, N\u00ba 10 puerta 8, CP 46680 Algemes\u00ed (Valencia), no puede asumir ninguna responsabilidad derivada del uso incorrecto, inapropiado o il\u00edcito&hellip; <a href=\"https:\/\/old.apetp.com\/index.php\/aviso-legal\/\" class=\"more-link\">Sigue leyendo <span class=\"meta-nav\">&rarr;<\/span><\/a><\/p>\n","protected":false},"author":3,"featured_media":0,"parent":0,"menu_order":0,"comment_status":"closed","ping_status":"closed","template":"","meta":{"jetpack_post_was_ever_published":false,"footnotes":""},"class_list":["post-5212","page","type-page","status-publish","hentry"],"yoast_head":"<!-- This site is optimized with the Yoast SEO plugin v26.8 - https:\/\/yoast.com\/product\/yoast-seo-wordpress\/ -->\n<title>Aviso legal - APETP<\/title>\n<meta name=\"robots\" content=\"noindex, follow, max-snippet:-1, max-image-preview:large, max-video-preview:-1\" \/>\n<meta property=\"og:locale\" content=\"es_ES\" \/>\n<meta property=\"og:type\" content=\"article\" \/>\n<meta property=\"og:title\" content=\"Aviso legal - APETP\" \/>\n<meta property=\"og:description\" content=\"La Asociaci\u00f3n para Proteger al Enfermo de Terapias Pseudocient\u00edficas (APETP), provisto con CIF G98763287, direcci\u00f3n Calle San Jos\u00e9 de Calasanz, N\u00ba 10 puerta 8, CP 46680 Algemes\u00ed (Valencia), no puede asumir ninguna responsabilidad derivada del uso incorrecto, inapropiado o il\u00edcito&hellip; Sigue leyendo &rarr;\" \/>\n<meta property=\"og:url\" content=\"https:\/\/old.apetp.com\/index.php\/aviso-legal\/\" \/>\n<meta property=\"og:site_name\" content=\"APETP\" \/>\n<meta property=\"article:modified_time\" content=\"2019-03-26T12:33:19+00:00\" \/>\n<meta name=\"twitter:card\" content=\"summary_large_image\" \/>\n<meta name=\"twitter:label1\" content=\"Tiempo de lectura\" \/>\n\t<meta name=\"twitter:data1\" content=\"2 minutos\" \/>\n<script type=\"application\/ld+json\" class=\"yoast-schema-graph\">{\"@context\":\"https:\/\/schema.org\",\"@graph\":[{\"@type\":\"WebPage\",\"@id\":\"https:\/\/old.apetp.com\/index.php\/aviso-legal\/\",\"url\":\"https:\/\/old.apetp.com\/index.php\/aviso-legal\/\",\"name\":\"Aviso legal - APETP\",\"isPartOf\":{\"@id\":\"https:\/\/old.apetp.com\/#website\"},\"datePublished\":\"2019-03-26T08:40:30+00:00\",\"dateModified\":\"2019-03-26T12:33:19+00:00\",\"breadcrumb\":{\"@id\":\"https:\/\/old.apetp.com\/index.php\/aviso-legal\/#breadcrumb\"},\"inLanguage\":\"es\",\"potentialAction\":[{\"@type\":\"ReadAction\",\"target\":[\"https:\/\/old.apetp.com\/index.php\/aviso-legal\/\"]}]},{\"@type\":\"BreadcrumbList\",\"@id\":\"https:\/\/old.apetp.com\/index.php\/aviso-legal\/#breadcrumb\",\"itemListElement\":[{\"@type\":\"ListItem\",\"position\":1,\"name\":\"Portada\",\"item\":\"https:\/\/old.apetp.com\/\"},{\"@type\":\"ListItem\",\"position\":2,\"name\":\"Aviso legal\"}]},{\"@type\":\"WebSite\",\"@id\":\"https:\/\/old.apetp.com\/#website\",\"url\":\"https:\/\/old.apetp.com\/\",\"name\":\"APETP\",\"description\":\"Asociaci\u00f3n para Proteger al Enfermo de Terapias Pseudocient\u00edficas\",\"potentialAction\":[{\"@type\":\"SearchAction\",\"target\":{\"@type\":\"EntryPoint\",\"urlTemplate\":\"https:\/\/old.apetp.com\/?s={search_term_string}\"},\"query-input\":{\"@type\":\"PropertyValueSpecification\",\"valueRequired\":true,\"valueName\":\"search_term_string\"}}],\"inLanguage\":\"es\"}]}<\/script>\n<!-- \/ Yoast SEO plugin. -->","yoast_head_json":{"title":"Aviso legal - APETP","robots":{"index":"noindex","follow":"follow","max-snippet":"max-snippet:-1","max-image-preview":"max-image-preview:large","max-video-preview":"max-video-preview:-1"},"og_locale":"es_ES","og_type":"article","og_title":"Aviso legal - APETP","og_description":"La Asociaci\u00f3n para Proteger al Enfermo de Terapias Pseudocient\u00edficas (APETP), provisto con CIF G98763287, direcci\u00f3n Calle San Jos\u00e9 de Calasanz, N\u00ba 10 puerta 8, CP 46680 Algemes\u00ed (Valencia), no puede asumir ninguna responsabilidad derivada del uso incorrecto, inapropiado o il\u00edcito&hellip; Sigue leyendo &rarr;","og_url":"https:\/\/old.apetp.com\/index.php\/aviso-legal\/","og_site_name":"APETP","article_modified_time":"2019-03-26T12:33:19+00:00","twitter_card":"summary_large_image","twitter_misc":{"Tiempo de lectura":"2 minutos"},"schema":{"@context":"https:\/\/schema.org","@graph":[{"@type":"WebPage","@id":"https:\/\/old.apetp.com\/index.php\/aviso-legal\/","url":"https:\/\/old.apetp.com\/index.php\/aviso-legal\/","name":"Aviso legal - APETP","isPartOf":{"@id":"https:\/\/old.apetp.com\/#website"},"datePublished":"2019-03-26T08:40:30+00:00","dateModified":"2019-03-26T12:33:19+00:00","breadcrumb":{"@id":"https:\/\/old.apetp.com\/index.php\/aviso-legal\/#breadcrumb"},"inLanguage":"es","potentialAction":[{"@type":"ReadAction","target":["https:\/\/old.apetp.com\/index.php\/aviso-legal\/"]}]},{"@type":"BreadcrumbList","@id":"https:\/\/old.apetp.com\/index.php\/aviso-legal\/#breadcrumb","itemListElement":[{"@type":"ListItem","position":1,"name":"Portada","item":"https:\/\/old.apetp.com\/"},{"@type":"ListItem","position":2,"name":"Aviso legal"}]},{"@type":"WebSite","@id":"https:\/\/old.apetp.com\/#website","url":"https:\/\/old.apetp.com\/","name":"APETP","description":"Asociaci\u00f3n para Proteger al Enfermo de Terapias Pseudocient\u00edficas","potentialAction":[{"@type":"SearchAction","target":{"@type":"EntryPoint","urlTemplate":"https:\/\/old.apetp.com\/?s={search_term_string}"},"query-input":{"@type":"PropertyValueSpecification","valueRequired":true,"valueName":"search_term_string"}}],"inLanguage":"es"}]}},"jetpack_sharing_enabled":false,"jetpack_shortlink":"https:\/\/wp.me\/P6mZ8W-1m4","_links":{"self":[{"href":"https:\/\/old.apetp.com\/index.php\/wp-json\/wp\/v2\/pages\/5212","targetHints":{"allow":["GET"]}}],"collection":[{"href":"https:\/\/old.apetp.com\/index.php\/wp-json\/wp\/v2\/pages"}],"about":[{"href":"https:\/\/old.apetp.com\/index.php\/wp-json\/wp\/v2\/types\/page"}],"author":[{"embeddable":true,"href":"https:\/\/old.apetp.com\/index.php\/wp-json\/wp\/v2\/users\/3"}],"replies":[{"embeddable":true,"href":"https:\/\/old.apetp.com\/index.php\/wp-json\/wp\/v2\/comments?post=5212"}],"version-history":[{"count":5,"href":"https:\/\/old.apetp.com\/index.php\/wp-json\/wp\/v2\/pages\/5212\/revisions"}],"predecessor-version":[{"id":5219,"href":"https:\/\/old.apetp.com\/index.php\/wp-json\/wp\/v2\/pages\/5212\/revisions\/5219"}],"wp:attachment":[{"href":"https:\/\/old.apetp.com\/index.php\/wp-json\/wp\/v2\/media?parent=5212"}],"curies":[{"name":"wp","href":"https:\/\/api.w.org\/{rel}","templated":true}]}}