{"id":354,"date":"2015-09-03T22:33:10","date_gmt":"2015-09-03T22:33:10","guid":{"rendered":"https:\/\/apetp.com\/?page_id=354"},"modified":"2015-09-03T22:34:20","modified_gmt":"2015-09-03T22:34:20","slug":"angeloterapia","status":"publish","type":"page","link":"https:\/\/old.apetp.com\/index.php\/angeloterapia\/","title":{"rendered":"Angeloterapia"},"content":{"rendered":"<pre><a href=\"https:\/\/old.apetp.com\/wp-content\/uploads\/2015\/09\/AngelTherapyHandbookThe_2.jpg\"><img loading=\"lazy\" decoding=\"async\" class=\"  wp-image-353 aligncenter\" src=\"https:\/\/old.apetp.com\/wp-content\/uploads\/2015\/09\/AngelTherapyHandbookThe_2.jpg\" alt=\"AngelTherapyHandbookThe_2\" width=\"351\" height=\"527\" srcset=\"https:\/\/old.apetp.com\/wp-content\/uploads\/2015\/09\/AngelTherapyHandbookThe_2.jpg 1800w, https:\/\/old.apetp.com\/wp-content\/uploads\/2015\/09\/AngelTherapyHandbookThe_2-200x300.jpg 200w, https:\/\/old.apetp.com\/wp-content\/uploads\/2015\/09\/AngelTherapyHandbookThe_2-683x1024.jpg 683w\" sizes=\"auto, (max-width: 351px) 100vw, 351px\" \/><\/a><\/pre>\n<pre>Doreen Virtue afirma en sus libros \u2014por ejemplo en <em>La terapia de los \u00e1ngeles<\/em> o <em>Medicina de los \u00e1ngeles<\/em>\u2014 poder comunicarse con \u00e1ngeles para ofrecer una sanaci\u00f3n al paciente.<\/pre>\n<p style=\"text-align: justify;\"><strong>\u00bfQu\u00e9 es?<\/strong><\/p>\n<p style=\"text-align: justify;\">La angeloterapia es una pseudoterapia que se basa en la comunicaci\u00f3n con \u00e1ngeles para ofrecer una sanaci\u00f3n. Un terapeuta sirve como mediador que entrega los mensajes de procedencia angelical al paciente. El terapeuta puede tambi\u00e9n utilizar una baraja de cartas (cartas o barajas del Or\u00e1culo) como herramienta para transmitir estos mensajes que tienen como fin aconsejar cambios para la mejor\u00eda del paciente. Si bien la mayor\u00eda de practicantes hacen referencia a los beneficios espirituales y emocionales, muchos acent\u00faan tambi\u00e9n que la angeloterapia es capaz de sanar dolencias f\u00edsicas o enfermedades [1]. Cualquier persona puede acceder a esta terapia independientemente de sus creencias religiosas [2].<\/p>\n<p style=\"text-align: justify;\"><strong>\u00bfQui\u00e9n la cre\u00f3?<\/strong><\/p>\n<p style=\"text-align: justify;\">Fue creada por la estadounidense Doreen Virtue, quien hace menci\u00f3n a ella en su libro \u00abAngel therapy\u00bb (1997). Ha publicado numerosos libros sobre comunicaci\u00f3n con \u00e1ngeles y hadas. Doreen Virtue declara tener poderes de clarividencia y comunicaci\u00f3n con esp\u00edritus [3]. Tambi\u00e9n ha dise\u00f1ado una baraja de cartas que facilitar\u00eda la comunicaci\u00f3n con \u00e1ngeles.<\/p>\n<p style=\"text-align: justify;\"><strong>\u00bfFunciona realmente?<\/strong><\/p>\n<p style=\"text-align: justify;\">Hasta la actualidad nadie ha podido demostrar que verdaderamente es capaz de comunicarse con seres invisibles o sobrenaturales de cualquier \u00edndole. Por lo que los mensajes que los terapeutas ofrecen a sus pacientes no tienen un origen divino o angelical, lo que desacredita rotundamente los fundamentos de la terapia.<\/p>\n<p style=\"text-align: justify;\">\u00bfExiste la posibilidad de que los mensajes y consejos de los terapeutas reviertan en una sanaci\u00f3n, aunque no sean de origen divino? Debido a que los terapeutas de la angeloterapia carecen de formaci\u00f3n m\u00e9dica, no se encuentran capacitados para ofrecernos consejos para resolver problemas de salud. Sus consejos en materia de salud pueden no ser adecuados e incluso da\u00f1inos.<\/p>\n<p style=\"text-align: justify;\">Las sanaciones atribuidas a esta terapia son explicables por:<\/p>\n<ol style=\"text-align: justify;\">\n<li>El transcurso natural de la enfermedad. El paciente se cura porque es una enfermedad pasajera.<\/li>\n<li>El paciente se est\u00e1 tratando con medicamentos recetados por un m\u00e9dico a la vez que acude al terapeuta angelical y atribuye la mejora a este \u00faltimo.<\/li>\n<li>El efecto placebo.<\/li>\n<\/ol>\n<p style=\"text-align: justify;\">Cabe destacar que estas pr\u00e1cticas no est\u00e1n relacionadas con la religi\u00f3n, m\u00e1s all\u00e1 de la utilizaci\u00f3n de nombres de personajes b\u00edblicos (\u00e1ngeles, arc\u00e1ngeles y Dios entre otros). No se realiza en iglesias ni est\u00e1 reconocida por la misma.<\/p>\n<p style=\"text-align: justify;\"><strong>Conclusi\u00f3n<\/strong><\/p>\n<p style=\"text-align: justify;\">La angeloterapia no es apta para el tratamiento de dolencias o enfermedades ya que se basa en la afirmaci\u00f3n hasta ahora no demostrada de que algunas personas se comunican con seres divinos sobrenaturales. Adem\u00e1s quienes la ejercen carecen de conocimientos m\u00e9dicos.<\/p>\n<p style=\"text-align: justify;\"><em>Texto escrito por Mariano Collantes Alegre, licenciado en Ciencias Biol\u00f3gicas, m\u00e1ster en Aplicaciones moleculares en ciencias de la salud y doctorando en gen\u00e9tica evolutiva en el\u00a0 Instituto Cavanilles de Biodiversidad y Biolog\u00eda Evolutiva.<\/em><\/p>\n<p style=\"text-align: justify;\"><strong>Referencias:<\/strong><\/p>\n<p style=\"text-align: justify;\">[1] <a href=\"http:\/\/angelorapia.blogspot.com.es\/2013\/03\/la-enfermedad-una-oportunidad.html\" target=\"_blank\">http:\/\/angelorapia.blogspot.com.es\/2013\/03\/la-enfermedad-una-oportunidad.html<\/a><\/p>\n<p style=\"text-align: justify;\">[2] Comunicaci\u00f3n personal Ang\u00e9lica Bovino (<a href=\"http:\/\/www.angelesentuvida.com.mx\/angeloterapia\/\" target=\"_blank\">http:\/\/www.angelesentuvida.com.mx\/angeloterapia\/<\/a>)<\/p>\n<p style=\"text-align: justify;\">[3] <a href=\"http:\/\/www.angeltherapy.com\/about\" target=\"_blank\">http:\/\/www.angeltherapy.com\/about<\/a><\/p>\n\n\t\t<style>\n\t\t\t.huge-it-share-buttons {\n\t\t\t\tborder:0px solid #0FB5D6;\n\t\t\t\tborder-radius:5px;\n\t\t\t\tbackground:#3BD8FF;\n\t\t\t text-align:left; \t\t\t\t\t\t\t\t\t}\n\n\t\t\t#huge-it-share-buttons-top {margin-bottom:0px;}\n\t\t\t#huge-it-share-buttons-bottom {margin-top:0px;}\n\n\t\t\t.huge-it-share-buttons h3 {\n\t\t\t\tfont-size:25px ;\n\t\t\t\tfont-family:Arial,Helvetica Neue,Helvetica,sans-serif;\n\t\t\t\tcolor:#666666;\n\n\t\t\tdisplay:block;\t\t\t\tline-height:25px ;\n\n\t\t\t text-align:left; \t\t\t\t\t\t\t\t\t}\n\n\t\t\t.huge-it-share-buttons ul {\n\t\t\t float:left; \t\t\t\t\t\t\t\t\t}\n\n\t\t\t.huge-it-share-buttons ul li {\n\t\t\t\tmargin-left:3px;\n\t\t\t\tmargin-right:3px;\n\t\t\t\tpadding:0px;\n\t\t\t\tborder:0px ridge #E6354C;\n\t\t\t\tborder-radius:11px;\n\t\t\t\tbackground-color:#14CC9B;\n\t\t\t}\n\n\t\t\t.huge-it-share-buttons ul li #backforunical354 {\n\t\t\t\tborder-bottom: 0;\n\t\t\t\tbackground-image:url('https:\/\/old.apetp.com\/wp-content\/plugins\/wp-share-buttons\/Front_end\/..\/images\/buttons.30.png');\n\t\t\t\twidth:30px;\n\t\t\t\theight:30px;\n\t\t\t}\n\n\t\t\t.front-shares-count {\n\t\t\t\tposition: absolute;\n\t\t\t\ttext-align: center;\n\t\t\t\tdisplay: block;\n\t\t\t}\n\n\t\t\t.shares_size20 .front-shares-count {\n\t\t\t\tfont-size: 10px;\n\t\t\t\ttop: 10px;\n\t\t\t\twidth: 20px;\n\t\t\t}\n\n\t\t\t.shares_size30 .front-shares-count {\n\t\t\t\tfont-size: 11px;\n\t\t\t\ttop: 15px;\n\t\t\t\twidth: 30px;\n\t\t\t}\n\n\t\t\t.shares_size40 .front-shares-count {\n\t\t\t\tfont-size: 12px;\n\t\t\t\ttop: 21px;\n\t\t\t\twidth: 40px;\n\t\t\t}\n\t\t<\/style>\n\t\t\n\t\t<div id=\"huge-it-share-buttons-top\" class=\"huge-it-share-buttons nobackground\">\n\t\t\t<h3>Share This:<\/h3>\n\t\t\t<ul class=\"huge-it-share-buttons-list \">\n\t\t\t\t\t\t\t\t\t<li class=\"nobackground \" >\n\n\t\t\t\t\t\t\t\t\t\t\t\t<a id=\"backforunical354\" href=\"https:\/\/www.facebook.com\/sharer\/sharer.php?u=old.apetp.com\/index.php\/wp-json\/wp\/v2\/pages\/354\"  onclick=\"javascript:void window.open('https:\/\/www.facebook.com\/sharer\/sharer.php?u=old.apetp.com\/index.php\/wp-json\/wp\/v2\/pages\/354','1410949501326','width=700,height=500,toolbar=0,menubar=0,location=0,status=1,scrollbars=1,resizable=1,left=0,top=0');return false;\" style=\"background-position: -0px -120px \"><\/a>\n\t\t\t\t\t<\/li>\n\t\t\t\t\t\t\t\t\t\t<li class=\"nobackground \" >\n\n\t\t\t\t\t\t\t\t\t\t\t\t<a id=\"backforunical354\" href=\"https:\/\/twitter.com\/share?status=old.apetp.com\/index.php\/wp-json\/wp\/v2\/pages\/354&text=Angeloterapia\"  onclick=\"javascript:void window.open('https:\/\/twitter.com\/share?status=old.apetp.com\/index.php\/wp-json\/wp\/v2\/pages\/354&text=Angeloterapia','1410949501326','width=700,height=500,toolbar=0,menubar=0,location=0,status=1,scrollbars=1,resizable=1,left=0,top=0');return false;\" style=\"background-position: -30px -120px \"><\/a>\n\t\t\t\t\t<\/li>\n\t\t\t\t\t\t\t\t\t\t<li class=\"nobackground \" >\n\n\t\t\t\t\t\t\t\t\t\t\t\t<a id=\"backforunical354\" href=\"http:\/\/www.pinterest.com\/pin\/create\/button\/?url=old.apetp.com\/index.php\/wp-json\/wp\/v2\/pages\/354&media=https:\/\/old.apetp.com\/wp-content\/plugins\/wp-share-buttons\/Front_end\/..\/images\/noimage.png&description=Angeloterapia\"  onclick=\"javascript:void window.open('http:\/\/www.pinterest.com\/pin\/create\/button\/?url=old.apetp.com\/index.php\/wp-json\/wp\/v2\/pages\/354&media=https:\/\/old.apetp.com\/wp-content\/plugins\/wp-share-buttons\/Front_end\/..\/images\/noimage.png&description=Angeloterapia','1410949501326','width=700,height=500,toolbar=0,menubar=0,location=0,status=1,scrollbars=1,resizable=1,left=0,top=0');return false;\" style=\"background-position: -60px -120px \"><\/a>\n\t\t\t\t\t<\/li>\n\t\t\t\t\t\t\t\t\t\t<li class=\"nobackground \" >\n\n\t\t\t\t\t\t\t\t\t\t\t\t<a id=\"backforunical354\" href=\"https:\/\/plus.google.com\/share?url=old.apetp.com\/index.php\/wp-json\/wp\/v2\/pages\/354\"  onclick=\"javascript:void window.open('https:\/\/plus.google.com\/share?url=old.apetp.com\/index.php\/wp-json\/wp\/v2\/pages\/354','1410949501326','width=700,height=500,toolbar=0,menubar=0,location=0,status=1,scrollbars=1,resizable=1,left=0,top=0');return false;\" style=\"background-position: -90px -120px \"><\/a>\n\t\t\t\t\t<\/li>\n\t\t\t\t\t\t\t\t\t\t<li class=\"nobackground \" >\n\n\t\t\t\t\t\t\t\t\t\t\t\t<a id=\"backforunical354\" href=\"https:\/\/www.linkedin.com\/shareArticle?title=Angeloterapia&mini=true&url=https:\/\/old.apetp.com\/index.php\/wp-json\/wp\/v2\/pages\/354\"  onclick=\"javascript:void window.open('https:\/\/www.linkedin.com\/shareArticle?title=Angeloterapia&mini=true&url=https:\/\/old.apetp.com\/index.php\/wp-json\/wp\/v2\/pages\/354','1410949501326','width=700,height=500,toolbar=0,menubar=0,location=0,status=1,scrollbars=1,resizable=1,left=0,top=0');return false;\" style=\"background-position: -120px -120px \"><\/a>\n\t\t\t\t\t<\/li>\n\t\t\t\t\t\t\t\t\t\t<li class=\"nobackground \" >\n\n\t\t\t\t\t\t\t\t\t\t\t\t<a id=\"backforunical354\" href=\"https:\/\/www.tumblr.com\/share\/link?url=old.apetp.com\/index.php\/wp-json\/wp\/v2\/pages\/354&name=Angeloterapia\"  onclick=\"javascript:void window.open('https:\/\/www.tumblr.com\/share\/link?url=old.apetp.com\/index.php\/wp-json\/wp\/v2\/pages\/354&name=Angeloterapia','1410949501326','width=700,height=500,toolbar=0,menubar=0,location=0,status=1,scrollbars=1,resizable=1,left=0,top=0');return false;\" style=\"background-position: -150px -120px \"><\/a>\n\t\t\t\t\t<\/li>\n\t\t\t\t\t\t\t\t\t\t<li class=\"nobackground \" >\n\n\t\t\t\t\t\t\t\t\t\t\t\t<a id=\"backforunical354\" href=\"http:\/\/digg.com\/submit?phase=2&url=old.apetp.com\/index.php\/wp-json\/wp\/v2\/pages\/354&title=Angeloterapia\"  onclick=\"javascript:void window.open('http:\/\/digg.com\/submit?phase=2&url=old.apetp.com\/index.php\/wp-json\/wp\/v2\/pages\/354&title=Angeloterapia','1410949501326','width=700,height=500,toolbar=0,menubar=0,location=0,status=1,scrollbars=1,resizable=1,left=0,top=0');return false;\" style=\"background-position: -180px -120px \"><\/a>\n\t\t\t\t\t<\/li>\n\t\t\t\t\t\t\t\t\t\t<li class=\"nobackground \" >\n\n\t\t\t\t\t\t\t\t\t\t\t\t<a id=\"backforunical354\" href=\"http:\/\/www.stumbleupon.com\/submit?url=old.apetp.com\/index.php\/wp-json\/wp\/v2\/pages\/354&title=Angeloterapia\"  onclick=\"javascript:void window.open('http:\/\/www.stumbleupon.com\/submit?url=old.apetp.com\/index.php\/wp-json\/wp\/v2\/pages\/354&title=Angeloterapia','1410949501326','width=700,height=500,toolbar=0,menubar=0,location=0,status=1,scrollbars=1,resizable=1,left=0,top=0');return false;\" style=\"background-position: -210px -120px \"><\/a>\n\t\t\t\t\t<\/li>\n\t\t\t\t\t\t\t\t\t\t<li class=\"nobackground \" >\n\n\t\t\t\t\t\t\t\t\t\t\t\t<a id=\"backforunical354\" href=\"https:\/\/myspace.com\/post?l=3&u=old.apetp.com\/index.php\/wp-json\/wp\/v2\/pages\/354\"  onclick=\"javascript:void window.open('https:\/\/myspace.com\/post?l=3&u=old.apetp.com\/index.php\/wp-json\/wp\/v2\/pages\/354','1410949501326','width=700,height=500,toolbar=0,menubar=0,location=0,status=1,scrollbars=1,resizable=1,left=0,top=0');return false;\" style=\"background-position: -240px -120px \"><\/a>\n\t\t\t\t\t<\/li>\n\t\t\t\t\t\t\t\t\t\t<li class=\"nobackground \" >\n\n\t\t\t\t\t\t\t\t\t\t\t\t<a id=\"backforunical354\" href=\"http:\/\/vk.com\/share.php?url=old.apetp.com\/index.php\/wp-json\/wp\/v2\/pages\/354&title=Angeloterapia\"  onclick=\"javascript:void window.open('http:\/\/vk.com\/share.php?url=old.apetp.com\/index.php\/wp-json\/wp\/v2\/pages\/354&title=Angeloterapia','1410949501326','width=700,height=500,toolbar=0,menubar=0,location=0,status=1,scrollbars=1,resizable=1,left=0,top=0');return false;\" style=\"background-position: -270px -120px \"><\/a>\n\t\t\t\t\t<\/li>\n\t\t\t\t\t\t\t\t\t\t<li class=\"none nobackground \" >\n\n\t\t\t\t\t\t\t\t\t\t\t\t<a id=\"backforunical354\" href=\"http:\/\/www.reddit.com\/submit?url=old.apetp.com\/index.php\/wp-json\/wp\/v2\/pages\/354&title=Angeloterapia\"  onclick=\"javascript:void window.open('http:\/\/www.reddit.com\/submit?url=old.apetp.com\/index.php\/wp-json\/wp\/v2\/pages\/354&title=Angeloterapia','1410949501326','width=700,height=500,toolbar=0,menubar=0,location=0,status=1,scrollbars=1,resizable=1,left=0,top=0');return false;\" style=\"background-position: -300px -120px \"><\/a>\n\t\t\t\t\t<\/li>\n\t\t\t\t\t\t\t\t\t\t<li class=\"none nobackground \" >\n\n\t\t\t\t\t\t\t\t\t\t\t\t<a id=\"backforunical354\" href=\"http:\/\/www.bebo.com\/c\/share?Url=old.apetp.com\/index.php\/wp-json\/wp\/v2\/pages\/354\"  onclick=\"javascript:void window.open('http:\/\/www.bebo.com\/c\/share?Url=old.apetp.com\/index.php\/wp-json\/wp\/v2\/pages\/354','1410949501326','width=700,height=500,toolbar=0,menubar=0,location=0,status=1,scrollbars=1,resizable=1,left=0,top=0');return false;\" style=\"background-position: -330px -120px \"><\/a>\n\t\t\t\t\t<\/li>\n\t\t\t\t\t\t\t\t\t\t<li class=\"none nobackground \" >\n\n\t\t\t\t\t\t\t\t\t\t\t\t<a id=\"backforunical354\" href=\"https:\/\/delicious.com\/save?v=5&noui&jump=close&url=old.apetp.com\/index.php\/wp-json\/wp\/v2\/pages\/354&title=Angeloterapia\"  onclick=\"javascript:void window.open('https:\/\/delicious.com\/save?v=5&noui&jump=close&url=old.apetp.com\/index.php\/wp-json\/wp\/v2\/pages\/354&title=Angeloterapia','1410949501326','width=700,height=500,toolbar=0,menubar=0,location=0,status=1,scrollbars=1,resizable=1,left=0,top=0');return false;\" style=\"background-position: -360px -120px \"><\/a>\n\t\t\t\t\t<\/li>\n\t\t\t\t\t\t\t\t\t\t<li class=\"none nobackground \" >\n\n\t\t\t\t\t\t\t\t\t\t\t\t<a id=\"backforunical354\" href=\"http:\/\/www.odnoklassniki.ru\/dk?st.cmd=addShare&st.s=2&st.noresize=on&st._surl=old.apetp.com\/index.php\/wp-json\/wp\/v2\/pages\/354\"  onclick=\"javascript:void window.open('http:\/\/www.odnoklassniki.ru\/dk?st.cmd=addShare&st.s=2&st.noresize=on&st._surl=old.apetp.com\/index.php\/wp-json\/wp\/v2\/pages\/354','1410949501326','width=700,height=500,toolbar=0,menubar=0,location=0,status=1,scrollbars=1,resizable=1,left=0,top=0');return false;\" style=\"background-position: -390px -120px \"><\/a>\n\t\t\t\t\t<\/li>\n\t\t\t\t\t\t\t\t\t\t<li class=\"none nobackground \" >\n\n\t\t\t\t\t\t\t\t\t\t\t\t<a id=\"backforunical354\" href=\"http:\/\/sns.qzone.qq.com\/cgi-bin\/qzshare\/cgi_qzshare_onekey?url=old.apetp.com\/index.php\/wp-json\/wp\/v2\/pages\/354&title=Angeloterapia\"  onclick=\"javascript:void window.open('http:\/\/sns.qzone.qq.com\/cgi-bin\/qzshare\/cgi_qzshare_onekey?url=old.apetp.com\/index.php\/wp-json\/wp\/v2\/pages\/354&title=Angeloterapia','1410949501326','width=700,height=500,toolbar=0,menubar=0,location=0,status=1,scrollbars=1,resizable=1,left=0,top=0');return false;\" style=\"background-position: -420px -120px \"><\/a>\n\t\t\t\t\t<\/li>\n\t\t\t\t\t\t\t\t\t\t<li class=\"none nobackground \" >\n\n\t\t\t\t\t\t\t\t\t\t\t\t<a id=\"backforunical354\" href=\"http:\/\/service.weibo.com\/share\/share.php?url=old.apetp.com\/index.php\/wp-json\/wp\/v2\/pages\/354&appkey=&title=Angeloterapia&pic=&ralateUid=&\"  onclick=\"javascript:void window.open('http:\/\/service.weibo.com\/share\/share.php?url=old.apetp.com\/index.php\/wp-json\/wp\/v2\/pages\/354&appkey=&title=Angeloterapia&pic=&ralateUid=&','1410949501326','width=700,height=500,toolbar=0,menubar=0,location=0,status=1,scrollbars=1,resizable=1,left=0,top=0');return false;\" style=\"background-position: -450px -120px \"><\/a>\n\t\t\t\t\t<\/li>\n\t\t\t\t\t\t\t\t\t\t<li class=\"none nobackground \" >\n\n\t\t\t\t\t\t\t\t\t\t\t\t<a id=\"backforunical354\" href=\"http:\/\/widget.renren.com\/dialog\/share?resourceUrl=old.apetp.com\/index.php\/wp-json\/wp\/v2\/pages\/354&srcUrl=old.apetp.com\/index.php\/wp-json\/wp\/v2\/pages\/354&title=Angeloterapia\"  onclick=\"javascript:void window.open('http:\/\/widget.renren.com\/dialog\/share?resourceUrl=old.apetp.com\/index.php\/wp-json\/wp\/v2\/pages\/354&srcUrl=old.apetp.com\/index.php\/wp-json\/wp\/v2\/pages\/354&title=Angeloterapia','1410949501326','width=700,height=500,toolbar=0,menubar=0,location=0,status=1,scrollbars=1,resizable=1,left=0,top=0');return false;\" style=\"background-position: -480px -120px \"><\/a>\n\t\t\t\t\t<\/li>\n\t\t\t\t\t\t\t\t\t\t<li class=\"none nobackground \" >\n\n\t\t\t\t\t\t\t\t\t\t\t\t<a id=\"backforunical354\" href=\"http:\/\/n4g.com\/tips?url=old.apetp.com\/index.php\/wp-json\/wp\/v2\/pages\/354&title=Angeloterapia\"  onclick=\"javascript:void window.open('http:\/\/n4g.com\/tips?url=old.apetp.com\/index.php\/wp-json\/wp\/v2\/pages\/354&title=Angeloterapia','1410949501326','width=700,height=500,toolbar=0,menubar=0,location=0,status=1,scrollbars=1,resizable=1,left=0,top=0');return false;\" style=\"background-position: -510px -120px \"><\/a>\n\t\t\t\t\t<\/li>\n\t\t\t\t\t\t\t\t<\/ul>\n\t\t\t<div class=\"clear\"><\/div>\n\t\t<\/div>\n\t\t","protected":false},"excerpt":{"rendered":"<p>Doreen Virtue afirma en sus libros \u2014por ejemplo en La terapia de los \u00e1ngeles o Medicina de los \u00e1ngeles\u2014 poder comunicarse con \u00e1ngeles para ofrecer una sanaci\u00f3n al paciente. \u00bfQu\u00e9 es? La angeloterapia es una pseudoterapia que se basa en&hellip; <a href=\"https:\/\/old.apetp.com\/index.php\/angeloterapia\/\" class=\"more-link\">Sigue leyendo <span class=\"meta-nav\">&rarr;<\/span><\/a><\/p>\n","protected":false},"author":1,"featured_media":0,"parent":0,"menu_order":0,"comment_status":"closed","ping_status":"closed","template":"page-template-full.php","meta":{"jetpack_post_was_ever_published":false,"footnotes":""},"class_list":["post-354","page","type-page","status-publish","hentry"],"yoast_head":"<!-- This site is optimized with the Yoast SEO plugin v26.8 - https:\/\/yoast.com\/product\/yoast-seo-wordpress\/ -->\n<title>Angeloterapia - APETP<\/title>\n<meta name=\"robots\" content=\"noindex, follow, max-snippet:-1, max-image-preview:large, max-video-preview:-1\" \/>\n<meta property=\"og:locale\" content=\"es_ES\" \/>\n<meta property=\"og:type\" content=\"article\" \/>\n<meta property=\"og:title\" content=\"Angeloterapia - APETP\" \/>\n<meta property=\"og:description\" content=\"Doreen Virtue afirma en sus libros \u2014por ejemplo en La terapia de los \u00e1ngeles o Medicina de los \u00e1ngeles\u2014 poder comunicarse con \u00e1ngeles para ofrecer una sanaci\u00f3n al paciente. \u00bfQu\u00e9 es? La angeloterapia es una pseudoterapia que se basa en&hellip; Sigue leyendo &rarr;\" \/>\n<meta property=\"og:url\" content=\"https:\/\/old.apetp.com\/index.php\/angeloterapia\/\" \/>\n<meta property=\"og:site_name\" content=\"APETP\" \/>\n<meta property=\"article:modified_time\" content=\"2015-09-03T22:34:20+00:00\" \/>\n<meta property=\"og:image\" content=\"https:\/\/old.apetp.com\/wp-content\/uploads\/2015\/09\/AngelTherapyHandbookThe_2.jpg\" \/>\n<meta name=\"twitter:card\" content=\"summary_large_image\" \/>\n<meta name=\"twitter:label1\" content=\"Tiempo de lectura\" \/>\n\t<meta name=\"twitter:data1\" content=\"3 minutos\" \/>\n<script type=\"application\/ld+json\" class=\"yoast-schema-graph\">{\"@context\":\"https:\/\/schema.org\",\"@graph\":[{\"@type\":\"WebPage\",\"@id\":\"https:\/\/old.apetp.com\/index.php\/angeloterapia\/\",\"url\":\"https:\/\/old.apetp.com\/index.php\/angeloterapia\/\",\"name\":\"Angeloterapia - APETP\",\"isPartOf\":{\"@id\":\"https:\/\/old.apetp.com\/#website\"},\"primaryImageOfPage\":{\"@id\":\"https:\/\/old.apetp.com\/index.php\/angeloterapia\/#primaryimage\"},\"image\":{\"@id\":\"https:\/\/old.apetp.com\/index.php\/angeloterapia\/#primaryimage\"},\"thumbnailUrl\":\"https:\/\/old.apetp.com\/wp-content\/uploads\/2015\/09\/AngelTherapyHandbookThe_2.jpg\",\"datePublished\":\"2015-09-03T22:33:10+00:00\",\"dateModified\":\"2015-09-03T22:34:20+00:00\",\"breadcrumb\":{\"@id\":\"https:\/\/old.apetp.com\/index.php\/angeloterapia\/#breadcrumb\"},\"inLanguage\":\"es\",\"potentialAction\":[{\"@type\":\"ReadAction\",\"target\":[\"https:\/\/old.apetp.com\/index.php\/angeloterapia\/\"]}]},{\"@type\":\"ImageObject\",\"inLanguage\":\"es\",\"@id\":\"https:\/\/old.apetp.com\/index.php\/angeloterapia\/#primaryimage\",\"url\":\"https:\/\/old.apetp.com\/wp-content\/uploads\/2015\/09\/AngelTherapyHandbookThe_2.jpg\",\"contentUrl\":\"https:\/\/old.apetp.com\/wp-content\/uploads\/2015\/09\/AngelTherapyHandbookThe_2.jpg\",\"width\":1800,\"height\":2700},{\"@type\":\"BreadcrumbList\",\"@id\":\"https:\/\/old.apetp.com\/index.php\/angeloterapia\/#breadcrumb\",\"itemListElement\":[{\"@type\":\"ListItem\",\"position\":1,\"name\":\"Portada\",\"item\":\"https:\/\/old.apetp.com\/\"},{\"@type\":\"ListItem\",\"position\":2,\"name\":\"Angeloterapia\"}]},{\"@type\":\"WebSite\",\"@id\":\"https:\/\/old.apetp.com\/#website\",\"url\":\"https:\/\/old.apetp.com\/\",\"name\":\"APETP\",\"description\":\"Asociaci\u00f3n para Proteger al Enfermo de Terapias Pseudocient\u00edficas\",\"potentialAction\":[{\"@type\":\"SearchAction\",\"target\":{\"@type\":\"EntryPoint\",\"urlTemplate\":\"https:\/\/old.apetp.com\/?s={search_term_string}\"},\"query-input\":{\"@type\":\"PropertyValueSpecification\",\"valueRequired\":true,\"valueName\":\"search_term_string\"}}],\"inLanguage\":\"es\"}]}<\/script>\n<!-- \/ Yoast SEO plugin. -->","yoast_head_json":{"title":"Angeloterapia - APETP","robots":{"index":"noindex","follow":"follow","max-snippet":"max-snippet:-1","max-image-preview":"max-image-preview:large","max-video-preview":"max-video-preview:-1"},"og_locale":"es_ES","og_type":"article","og_title":"Angeloterapia - APETP","og_description":"Doreen Virtue afirma en sus libros \u2014por ejemplo en La terapia de los \u00e1ngeles o Medicina de los \u00e1ngeles\u2014 poder comunicarse con \u00e1ngeles para ofrecer una sanaci\u00f3n al paciente. \u00bfQu\u00e9 es? La angeloterapia es una pseudoterapia que se basa en&hellip; Sigue leyendo &rarr;","og_url":"https:\/\/old.apetp.com\/index.php\/angeloterapia\/","og_site_name":"APETP","article_modified_time":"2015-09-03T22:34:20+00:00","og_image":[{"url":"https:\/\/old.apetp.com\/wp-content\/uploads\/2015\/09\/AngelTherapyHandbookThe_2.jpg","type":"","width":"","height":""}],"twitter_card":"summary_large_image","twitter_misc":{"Tiempo de lectura":"3 minutos"},"schema":{"@context":"https:\/\/schema.org","@graph":[{"@type":"WebPage","@id":"https:\/\/old.apetp.com\/index.php\/angeloterapia\/","url":"https:\/\/old.apetp.com\/index.php\/angeloterapia\/","name":"Angeloterapia - APETP","isPartOf":{"@id":"https:\/\/old.apetp.com\/#website"},"primaryImageOfPage":{"@id":"https:\/\/old.apetp.com\/index.php\/angeloterapia\/#primaryimage"},"image":{"@id":"https:\/\/old.apetp.com\/index.php\/angeloterapia\/#primaryimage"},"thumbnailUrl":"https:\/\/old.apetp.com\/wp-content\/uploads\/2015\/09\/AngelTherapyHandbookThe_2.jpg","datePublished":"2015-09-03T22:33:10+00:00","dateModified":"2015-09-03T22:34:20+00:00","breadcrumb":{"@id":"https:\/\/old.apetp.com\/index.php\/angeloterapia\/#breadcrumb"},"inLanguage":"es","potentialAction":[{"@type":"ReadAction","target":["https:\/\/old.apetp.com\/index.php\/angeloterapia\/"]}]},{"@type":"ImageObject","inLanguage":"es","@id":"https:\/\/old.apetp.com\/index.php\/angeloterapia\/#primaryimage","url":"https:\/\/old.apetp.com\/wp-content\/uploads\/2015\/09\/AngelTherapyHandbookThe_2.jpg","contentUrl":"https:\/\/old.apetp.com\/wp-content\/uploads\/2015\/09\/AngelTherapyHandbookThe_2.jpg","width":1800,"height":2700},{"@type":"BreadcrumbList","@id":"https:\/\/old.apetp.com\/index.php\/angeloterapia\/#breadcrumb","itemListElement":[{"@type":"ListItem","position":1,"name":"Portada","item":"https:\/\/old.apetp.com\/"},{"@type":"ListItem","position":2,"name":"Angeloterapia"}]},{"@type":"WebSite","@id":"https:\/\/old.apetp.com\/#website","url":"https:\/\/old.apetp.com\/","name":"APETP","description":"Asociaci\u00f3n para Proteger al Enfermo de Terapias Pseudocient\u00edficas","potentialAction":[{"@type":"SearchAction","target":{"@type":"EntryPoint","urlTemplate":"https:\/\/old.apetp.com\/?s={search_term_string}"},"query-input":{"@type":"PropertyValueSpecification","valueRequired":true,"valueName":"search_term_string"}}],"inLanguage":"es"}]}},"jetpack_sharing_enabled":true,"jetpack_shortlink":"https:\/\/wp.me\/P6mZ8W-5I","_links":{"self":[{"href":"https:\/\/old.apetp.com\/index.php\/wp-json\/wp\/v2\/pages\/354","targetHints":{"allow":["GET"]}}],"collection":[{"href":"https:\/\/old.apetp.com\/index.php\/wp-json\/wp\/v2\/pages"}],"about":[{"href":"https:\/\/old.apetp.com\/index.php\/wp-json\/wp\/v2\/types\/page"}],"author":[{"embeddable":true,"href":"https:\/\/old.apetp.com\/index.php\/wp-json\/wp\/v2\/users\/1"}],"replies":[{"embeddable":true,"href":"https:\/\/old.apetp.com\/index.php\/wp-json\/wp\/v2\/comments?post=354"}],"version-history":[{"count":3,"href":"https:\/\/old.apetp.com\/index.php\/wp-json\/wp\/v2\/pages\/354\/revisions"}],"predecessor-version":[{"id":357,"href":"https:\/\/old.apetp.com\/index.php\/wp-json\/wp\/v2\/pages\/354\/revisions\/357"}],"wp:attachment":[{"href":"https:\/\/old.apetp.com\/index.php\/wp-json\/wp\/v2\/media?parent=354"}],"curies":[{"name":"wp","href":"https:\/\/api.w.org\/{rel}","templated":true}]}}