{"id":2,"date":"2015-06-20T15:29:18","date_gmt":"2015-06-20T15:29:18","guid":{"rendered":"http:\/\/apetp.byethost14.com\/wp\/?page_id=2"},"modified":"2017-12-13T09:53:25","modified_gmt":"2017-12-13T09:53:25","slug":"sample-page","status":"publish","type":"page","link":"https:\/\/old.apetp.com\/index.php\/sample-page\/","title":{"rendered":"Presentaci\u00f3n y finalidades"},"content":{"rendered":"<p style=\"text-align: justify;\"><strong>Presentaci\u00f3n<\/strong><\/p>\n<p style=\"text-align: justify;\">Somos un grupo de personas preocupadas por el auge de las terapias\u00a0 pseudocient\u00edficas\u00a0 y\u00a0 del da\u00f1o\u00a0 que est\u00e1n haciendo a la salud p\u00fablica, aprovech\u00e1ndose de la falta de cultura cient\u00edfica en la mayor parte de la poblaci\u00f3n.<\/p>\n<p style=\"text-align: justify;\">La asociaci\u00f3n\u00a0 ha sido creada\u00a0 en la Comunidad Valenciana,\u00a0pero es de\u00a0 \u00e1mbito\u00a0 nacional,\u00a0 y presta\u00a0 su ayuda y pretende\u00a0 conseguir sus finalidades, en la medida de sus posibilidades, en todo el Estado Espa\u00f1ol.<\/p>\n<p style=\"text-align: justify;\"><strong>Finalidades y Actividades de la Asociaci\u00f3n<\/strong><\/p>\n<p style=\"text-align: justify;\"><strong>Pre\u00e1mbulo<\/strong><\/p>\n<p style=\"text-align: justify;\">Queremos dejar claro que nosotros no estamos en contra de usuarios de pseudoterapias, sino contra quienes ofertan como v\u00e1lidas propuestas que no han demostrado serlo o demostrado no ser v\u00e1lidas, provengan dichas propuestas de profesionales sanitarios o de ciudadanos sin preparaci\u00f3n sanitaria que adem\u00e1s incurran en intrusismo. No se puede hablar de \u00abterapias alternativas\u00bb, \u00abcomplementarias\u00bb o cualquier otro adjetivo sin haber demostrado, en primer lugar, que la propuesta es ciertamente terap\u00e9utica.<\/p>\n<p style=\"text-align: justify;\">Queremos terapias creadas bajo criterios cient\u00edficos, contrastadas\u00a0y respaldadas por un estudio riguroso y cient\u00edfico.<\/p>\n<p style=\"text-align: justify;\">Nuestro m\u00e1ximo objetivo: \u00a0proteger al enfermo.<\/p>\n<p style=\"text-align: justify;\"><strong>Finalidades de <\/strong><strong>APETP<\/strong><\/p>\n<p style=\"text-align: justify;\"><u><\/u>1.\u00a0<strong>Trabajar para conseguir<\/strong> la tipificaci\u00f3n como delito de:<\/p>\n<p style=\"text-align: justify; padding-left: 30px;\">-Cualquier actividad y publicidad de terapias que se presenten como curativas \u00a0<strong>sin serlo<\/strong>, y que no est\u00e9n experimentadas bajo criterios cient\u00edficos.<\/p>\n<p style=\"text-align: justify; padding-left: 30px;\">-Las praxis y actuaciones de\u00a0 quienes sin estar en\u00a0 posesi\u00f3n de los obligatorios\u00a0estudios y t\u00edtulos de\u00a0 medicina\u00a0 para ejercer la misma, pretendan impartir a un\u00a0enfermo un tratamiento, present\u00e1ndolo como curativo.<\/p>\n<p style=\"text-align: justify;\">2.-<strong> Informar<\/strong> a quien corresponda de los casos de injerencias de no profesionales.<\/p>\n<p style=\"text-align: justify;\">3.-<strong>Conseguir <\/strong>que las palabras <strong>medicina, curaci\u00f3n, sanaci\u00f3n, salud, terapia<\/strong> (o cualquier otra expresi\u00f3n que pueda hacer creer\u00a0 a un enfermo que est\u00e1 ante un profesional de la salud) no puedan ser empleadas en ning\u00fan formato\u00a0 de promoci\u00f3n o publicidad, si\u00a0 quien se anuncia\u00a0 o promociona\u00a0 no tiene los estudios oficiales correspondientes, ni sigue m\u00e9todos de curaci\u00f3n elaborados bajo criterios cient\u00edficos.<\/p>\n<p style=\"text-align: justify;\">4.- <strong>Trabajar <\/strong>para que en los hospitales se establezcan diferentes protocolos. El m\u00e1s\u00a0importante: que cuando un paciente rechace un tratamiento para seguir una linea de curaci\u00f3n que ponga en peligro su vida, el hospital\u00a0 <strong>no se limite <\/strong>a que firme el correspondiente documento, sino que se informe de la terapia alternativa elegida por el paciente, y de quien la va a impartir. Informando posteriormente al paciente de lo averiguado. Y de ser un fraude el hospital se ponga inmediatamente en contacto\u00a0<strong>con Sanidad, e informe detenida, amplia y claramente al paciente, y se tomen las medidas necesarias para protegerlo.<\/strong><\/p>\n<p style=\"text-align: justify;\">5.- <strong>Trabajar<\/strong> para fomentar en la poblaci\u00f3n una profunda cultura de la prevenci\u00f3n de\u00a0las enfermedades, y los necesarios cambios de h\u00e1bitos.<\/p>\n<p style=\"text-align: justify;\">6.- <strong>Trabajar <\/strong>para fomentar en la sociedad <strong>el pensamiento cr\u00edtico, esc\u00e9ptico, objeti<\/strong><strong>vo y cient\u00edfico <\/strong>en temas de salud, <strong>distinguiendo entre ciencia y pseudociencia.<\/strong><\/p>\n<p style=\"text-align: justify;\"><strong>\u00a0<\/strong><strong>7.- Conseguir <\/strong>que se estipule como obligatorio que toda publicidad o informaci\u00f3n\u00a0de un servicio de curaci\u00f3n o tratamiento de salud, vaya acompa\u00f1ada del n\u00famero\u00a0de colegiado correspondiente.<\/p>\n<p style=\"text-align: justify;\">8.- <strong>Implicar <\/strong>en el proyecto , finalidades, y actividades de nuestra asociaci\u00f3n al \u00e1mbito sanitario, universitario, pol\u00edtico, sindicatos y ciudadan\u00eda.<\/p>\n<p style=\"text-align: justify;\">9.- Y por \u00faltimo y la m\u00e1s importante finalidad : <strong>conseguir <\/strong>que ning\u00fan enfermo sea\u00a0desviado de una linea de curaci\u00f3n coherente y cient\u00edfica.<\/p>\n\n\t\t<style>\n\t\t\t.huge-it-share-buttons {\n\t\t\t\tborder:0px solid #0FB5D6;\n\t\t\t\tborder-radius:5px;\n\t\t\t\tbackground:#3BD8FF;\n\t\t\t text-align:left; \t\t\t\t\t\t\t\t\t}\n\n\t\t\t#huge-it-share-buttons-top {margin-bottom:0px;}\n\t\t\t#huge-it-share-buttons-bottom {margin-top:0px;}\n\n\t\t\t.huge-it-share-buttons h3 {\n\t\t\t\tfont-size:25px ;\n\t\t\t\tfont-family:Arial,Helvetica Neue,Helvetica,sans-serif;\n\t\t\t\tcolor:#666666;\n\n\t\t\tdisplay:block;\t\t\t\tline-height:25px ;\n\n\t\t\t text-align:left; \t\t\t\t\t\t\t\t\t}\n\n\t\t\t.huge-it-share-buttons ul {\n\t\t\t float:left; \t\t\t\t\t\t\t\t\t}\n\n\t\t\t.huge-it-share-buttons ul li {\n\t\t\t\tmargin-left:3px;\n\t\t\t\tmargin-right:3px;\n\t\t\t\tpadding:0px;\n\t\t\t\tborder:0px ridge #E6354C;\n\t\t\t\tborder-radius:11px;\n\t\t\t\tbackground-color:#14CC9B;\n\t\t\t}\n\n\t\t\t.huge-it-share-buttons ul li #backforunical2 {\n\t\t\t\tborder-bottom: 0;\n\t\t\t\tbackground-image:url('https:\/\/old.apetp.com\/wp-content\/plugins\/wp-share-buttons\/Front_end\/..\/images\/buttons.30.png');\n\t\t\t\twidth:30px;\n\t\t\t\theight:30px;\n\t\t\t}\n\n\t\t\t.front-shares-count {\n\t\t\t\tposition: absolute;\n\t\t\t\ttext-align: center;\n\t\t\t\tdisplay: block;\n\t\t\t}\n\n\t\t\t.shares_size20 .front-shares-count {\n\t\t\t\tfont-size: 10px;\n\t\t\t\ttop: 10px;\n\t\t\t\twidth: 20px;\n\t\t\t}\n\n\t\t\t.shares_size30 .front-shares-count {\n\t\t\t\tfont-size: 11px;\n\t\t\t\ttop: 15px;\n\t\t\t\twidth: 30px;\n\t\t\t}\n\n\t\t\t.shares_size40 .front-shares-count {\n\t\t\t\tfont-size: 12px;\n\t\t\t\ttop: 21px;\n\t\t\t\twidth: 40px;\n\t\t\t}\n\t\t<\/style>\n\t\t\n\t\t<div id=\"huge-it-share-buttons-top\" class=\"huge-it-share-buttons nobackground\">\n\t\t\t<h3>Share This:<\/h3>\n\t\t\t<ul class=\"huge-it-share-buttons-list \">\n\t\t\t\t\t\t\t\t\t<li class=\"nobackground \" >\n\n\t\t\t\t\t\t\t\t\t\t\t\t<a id=\"backforunical2\" href=\"https:\/\/www.facebook.com\/sharer\/sharer.php?u=old.apetp.com\/index.php\/wp-json\/wp\/v2\/pages\/2\"  onclick=\"javascript:void window.open('https:\/\/www.facebook.com\/sharer\/sharer.php?u=old.apetp.com\/index.php\/wp-json\/wp\/v2\/pages\/2','1410949501326','width=700,height=500,toolbar=0,menubar=0,location=0,status=1,scrollbars=1,resizable=1,left=0,top=0');return false;\" style=\"background-position: -0px -120px \"><\/a>\n\t\t\t\t\t<\/li>\n\t\t\t\t\t\t\t\t\t\t<li class=\"nobackground \" >\n\n\t\t\t\t\t\t\t\t\t\t\t\t<a id=\"backforunical2\" href=\"https:\/\/twitter.com\/share?status=old.apetp.com\/index.php\/wp-json\/wp\/v2\/pages\/2&text=Presentaci\u00f3n y finalidades\"  onclick=\"javascript:void window.open('https:\/\/twitter.com\/share?status=old.apetp.com\/index.php\/wp-json\/wp\/v2\/pages\/2&text=Presentaci\u00f3n y finalidades','1410949501326','width=700,height=500,toolbar=0,menubar=0,location=0,status=1,scrollbars=1,resizable=1,left=0,top=0');return false;\" style=\"background-position: -30px -120px \"><\/a>\n\t\t\t\t\t<\/li>\n\t\t\t\t\t\t\t\t\t\t<li class=\"nobackground \" >\n\n\t\t\t\t\t\t\t\t\t\t\t\t<a id=\"backforunical2\" href=\"http:\/\/www.pinterest.com\/pin\/create\/button\/?url=old.apetp.com\/index.php\/wp-json\/wp\/v2\/pages\/2&media=https:\/\/old.apetp.com\/wp-content\/plugins\/wp-share-buttons\/Front_end\/..\/images\/noimage.png&description=Presentaci\u00f3n y finalidades\"  onclick=\"javascript:void window.open('http:\/\/www.pinterest.com\/pin\/create\/button\/?url=old.apetp.com\/index.php\/wp-json\/wp\/v2\/pages\/2&media=https:\/\/old.apetp.com\/wp-content\/plugins\/wp-share-buttons\/Front_end\/..\/images\/noimage.png&description=Presentaci\u00f3n y finalidades','1410949501326','width=700,height=500,toolbar=0,menubar=0,location=0,status=1,scrollbars=1,resizable=1,left=0,top=0');return false;\" style=\"background-position: -60px -120px \"><\/a>\n\t\t\t\t\t<\/li>\n\t\t\t\t\t\t\t\t\t\t<li class=\"nobackground \" >\n\n\t\t\t\t\t\t\t\t\t\t\t\t<a id=\"backforunical2\" href=\"https:\/\/plus.google.com\/share?url=old.apetp.com\/index.php\/wp-json\/wp\/v2\/pages\/2\"  onclick=\"javascript:void window.open('https:\/\/plus.google.com\/share?url=old.apetp.com\/index.php\/wp-json\/wp\/v2\/pages\/2','1410949501326','width=700,height=500,toolbar=0,menubar=0,location=0,status=1,scrollbars=1,resizable=1,left=0,top=0');return false;\" style=\"background-position: -90px -120px \"><\/a>\n\t\t\t\t\t<\/li>\n\t\t\t\t\t\t\t\t\t\t<li class=\"nobackground \" >\n\n\t\t\t\t\t\t\t\t\t\t\t\t<a id=\"backforunical2\" href=\"https:\/\/www.linkedin.com\/shareArticle?title=Presentaci\u00f3n y finalidades&mini=true&url=https:\/\/old.apetp.com\/index.php\/wp-json\/wp\/v2\/pages\/2\"  onclick=\"javascript:void window.open('https:\/\/www.linkedin.com\/shareArticle?title=Presentaci\u00f3n y finalidades&mini=true&url=https:\/\/old.apetp.com\/index.php\/wp-json\/wp\/v2\/pages\/2','1410949501326','width=700,height=500,toolbar=0,menubar=0,location=0,status=1,scrollbars=1,resizable=1,left=0,top=0');return false;\" style=\"background-position: -120px -120px \"><\/a>\n\t\t\t\t\t<\/li>\n\t\t\t\t\t\t\t\t\t\t<li class=\"nobackground \" >\n\n\t\t\t\t\t\t\t\t\t\t\t\t<a id=\"backforunical2\" href=\"https:\/\/www.tumblr.com\/share\/link?url=old.apetp.com\/index.php\/wp-json\/wp\/v2\/pages\/2&name=Presentaci\u00f3n y finalidades\"  onclick=\"javascript:void window.open('https:\/\/www.tumblr.com\/share\/link?url=old.apetp.com\/index.php\/wp-json\/wp\/v2\/pages\/2&name=Presentaci\u00f3n y finalidades','1410949501326','width=700,height=500,toolbar=0,menubar=0,location=0,status=1,scrollbars=1,resizable=1,left=0,top=0');return false;\" style=\"background-position: -150px -120px \"><\/a>\n\t\t\t\t\t<\/li>\n\t\t\t\t\t\t\t\t\t\t<li class=\"nobackground \" >\n\n\t\t\t\t\t\t\t\t\t\t\t\t<a id=\"backforunical2\" href=\"http:\/\/digg.com\/submit?phase=2&url=old.apetp.com\/index.php\/wp-json\/wp\/v2\/pages\/2&title=Presentaci\u00f3n y finalidades\"  onclick=\"javascript:void window.open('http:\/\/digg.com\/submit?phase=2&url=old.apetp.com\/index.php\/wp-json\/wp\/v2\/pages\/2&title=Presentaci\u00f3n y finalidades','1410949501326','width=700,height=500,toolbar=0,menubar=0,location=0,status=1,scrollbars=1,resizable=1,left=0,top=0');return false;\" style=\"background-position: -180px -120px \"><\/a>\n\t\t\t\t\t<\/li>\n\t\t\t\t\t\t\t\t\t\t<li class=\"nobackground \" >\n\n\t\t\t\t\t\t\t\t\t\t\t\t<a id=\"backforunical2\" href=\"http:\/\/www.stumbleupon.com\/submit?url=old.apetp.com\/index.php\/wp-json\/wp\/v2\/pages\/2&title=Presentaci\u00f3n y finalidades\"  onclick=\"javascript:void window.open('http:\/\/www.stumbleupon.com\/submit?url=old.apetp.com\/index.php\/wp-json\/wp\/v2\/pages\/2&title=Presentaci\u00f3n y finalidades','1410949501326','width=700,height=500,toolbar=0,menubar=0,location=0,status=1,scrollbars=1,resizable=1,left=0,top=0');return false;\" style=\"background-position: -210px -120px \"><\/a>\n\t\t\t\t\t<\/li>\n\t\t\t\t\t\t\t\t\t\t<li class=\"nobackground \" >\n\n\t\t\t\t\t\t\t\t\t\t\t\t<a id=\"backforunical2\" href=\"https:\/\/myspace.com\/post?l=3&u=old.apetp.com\/index.php\/wp-json\/wp\/v2\/pages\/2\"  onclick=\"javascript:void window.open('https:\/\/myspace.com\/post?l=3&u=old.apetp.com\/index.php\/wp-json\/wp\/v2\/pages\/2','1410949501326','width=700,height=500,toolbar=0,menubar=0,location=0,status=1,scrollbars=1,resizable=1,left=0,top=0');return false;\" style=\"background-position: -240px -120px \"><\/a>\n\t\t\t\t\t<\/li>\n\t\t\t\t\t\t\t\t\t\t<li class=\"nobackground \" >\n\n\t\t\t\t\t\t\t\t\t\t\t\t<a id=\"backforunical2\" href=\"http:\/\/vk.com\/share.php?url=old.apetp.com\/index.php\/wp-json\/wp\/v2\/pages\/2&title=Presentaci\u00f3n y finalidades\"  onclick=\"javascript:void window.open('http:\/\/vk.com\/share.php?url=old.apetp.com\/index.php\/wp-json\/wp\/v2\/pages\/2&title=Presentaci\u00f3n y finalidades','1410949501326','width=700,height=500,toolbar=0,menubar=0,location=0,status=1,scrollbars=1,resizable=1,left=0,top=0');return false;\" style=\"background-position: -270px -120px \"><\/a>\n\t\t\t\t\t<\/li>\n\t\t\t\t\t\t\t\t\t\t<li class=\"none nobackground \" >\n\n\t\t\t\t\t\t\t\t\t\t\t\t<a id=\"backforunical2\" href=\"http:\/\/www.reddit.com\/submit?url=old.apetp.com\/index.php\/wp-json\/wp\/v2\/pages\/2&title=Presentaci\u00f3n y finalidades\"  onclick=\"javascript:void window.open('http:\/\/www.reddit.com\/submit?url=old.apetp.com\/index.php\/wp-json\/wp\/v2\/pages\/2&title=Presentaci\u00f3n y finalidades','1410949501326','width=700,height=500,toolbar=0,menubar=0,location=0,status=1,scrollbars=1,resizable=1,left=0,top=0');return false;\" style=\"background-position: -300px -120px \"><\/a>\n\t\t\t\t\t<\/li>\n\t\t\t\t\t\t\t\t\t\t<li class=\"none nobackground \" >\n\n\t\t\t\t\t\t\t\t\t\t\t\t<a id=\"backforunical2\" href=\"http:\/\/www.bebo.com\/c\/share?Url=old.apetp.com\/index.php\/wp-json\/wp\/v2\/pages\/2\"  onclick=\"javascript:void window.open('http:\/\/www.bebo.com\/c\/share?Url=old.apetp.com\/index.php\/wp-json\/wp\/v2\/pages\/2','1410949501326','width=700,height=500,toolbar=0,menubar=0,location=0,status=1,scrollbars=1,resizable=1,left=0,top=0');return false;\" style=\"background-position: -330px -120px \"><\/a>\n\t\t\t\t\t<\/li>\n\t\t\t\t\t\t\t\t\t\t<li class=\"none nobackground \" >\n\n\t\t\t\t\t\t\t\t\t\t\t\t<a id=\"backforunical2\" href=\"https:\/\/delicious.com\/save?v=5&noui&jump=close&url=old.apetp.com\/index.php\/wp-json\/wp\/v2\/pages\/2&title=Presentaci\u00f3n y finalidades\"  onclick=\"javascript:void window.open('https:\/\/delicious.com\/save?v=5&noui&jump=close&url=old.apetp.com\/index.php\/wp-json\/wp\/v2\/pages\/2&title=Presentaci\u00f3n y finalidades','1410949501326','width=700,height=500,toolbar=0,menubar=0,location=0,status=1,scrollbars=1,resizable=1,left=0,top=0');return false;\" style=\"background-position: -360px -120px \"><\/a>\n\t\t\t\t\t<\/li>\n\t\t\t\t\t\t\t\t\t\t<li class=\"none nobackground \" >\n\n\t\t\t\t\t\t\t\t\t\t\t\t<a id=\"backforunical2\" href=\"http:\/\/www.odnoklassniki.ru\/dk?st.cmd=addShare&st.s=2&st.noresize=on&st._surl=old.apetp.com\/index.php\/wp-json\/wp\/v2\/pages\/2\"  onclick=\"javascript:void window.open('http:\/\/www.odnoklassniki.ru\/dk?st.cmd=addShare&st.s=2&st.noresize=on&st._surl=old.apetp.com\/index.php\/wp-json\/wp\/v2\/pages\/2','1410949501326','width=700,height=500,toolbar=0,menubar=0,location=0,status=1,scrollbars=1,resizable=1,left=0,top=0');return false;\" style=\"background-position: -390px -120px \"><\/a>\n\t\t\t\t\t<\/li>\n\t\t\t\t\t\t\t\t\t\t<li class=\"none nobackground \" >\n\n\t\t\t\t\t\t\t\t\t\t\t\t<a id=\"backforunical2\" href=\"http:\/\/sns.qzone.qq.com\/cgi-bin\/qzshare\/cgi_qzshare_onekey?url=old.apetp.com\/index.php\/wp-json\/wp\/v2\/pages\/2&title=Presentaci\u00f3n y finalidades\"  onclick=\"javascript:void window.open('http:\/\/sns.qzone.qq.com\/cgi-bin\/qzshare\/cgi_qzshare_onekey?url=old.apetp.com\/index.php\/wp-json\/wp\/v2\/pages\/2&title=Presentaci\u00f3n y finalidades','1410949501326','width=700,height=500,toolbar=0,menubar=0,location=0,status=1,scrollbars=1,resizable=1,left=0,top=0');return false;\" style=\"background-position: -420px -120px \"><\/a>\n\t\t\t\t\t<\/li>\n\t\t\t\t\t\t\t\t\t\t<li class=\"none nobackground \" >\n\n\t\t\t\t\t\t\t\t\t\t\t\t<a id=\"backforunical2\" href=\"http:\/\/service.weibo.com\/share\/share.php?url=old.apetp.com\/index.php\/wp-json\/wp\/v2\/pages\/2&appkey=&title=Presentaci\u00f3n y finalidades&pic=&ralateUid=&\"  onclick=\"javascript:void window.open('http:\/\/service.weibo.com\/share\/share.php?url=old.apetp.com\/index.php\/wp-json\/wp\/v2\/pages\/2&appkey=&title=Presentaci\u00f3n y finalidades&pic=&ralateUid=&','1410949501326','width=700,height=500,toolbar=0,menubar=0,location=0,status=1,scrollbars=1,resizable=1,left=0,top=0');return false;\" style=\"background-position: -450px -120px \"><\/a>\n\t\t\t\t\t<\/li>\n\t\t\t\t\t\t\t\t\t\t<li class=\"none nobackground \" >\n\n\t\t\t\t\t\t\t\t\t\t\t\t<a id=\"backforunical2\" href=\"http:\/\/widget.renren.com\/dialog\/share?resourceUrl=old.apetp.com\/index.php\/wp-json\/wp\/v2\/pages\/2&srcUrl=old.apetp.com\/index.php\/wp-json\/wp\/v2\/pages\/2&title=Presentaci\u00f3n y finalidades\"  onclick=\"javascript:void window.open('http:\/\/widget.renren.com\/dialog\/share?resourceUrl=old.apetp.com\/index.php\/wp-json\/wp\/v2\/pages\/2&srcUrl=old.apetp.com\/index.php\/wp-json\/wp\/v2\/pages\/2&title=Presentaci\u00f3n y finalidades','1410949501326','width=700,height=500,toolbar=0,menubar=0,location=0,status=1,scrollbars=1,resizable=1,left=0,top=0');return false;\" style=\"background-position: -480px -120px \"><\/a>\n\t\t\t\t\t<\/li>\n\t\t\t\t\t\t\t\t\t\t<li class=\"none nobackground \" >\n\n\t\t\t\t\t\t\t\t\t\t\t\t<a id=\"backforunical2\" href=\"http:\/\/n4g.com\/tips?url=old.apetp.com\/index.php\/wp-json\/wp\/v2\/pages\/2&title=Presentaci\u00f3n y finalidades\"  onclick=\"javascript:void window.open('http:\/\/n4g.com\/tips?url=old.apetp.com\/index.php\/wp-json\/wp\/v2\/pages\/2&title=Presentaci\u00f3n y finalidades','1410949501326','width=700,height=500,toolbar=0,menubar=0,location=0,status=1,scrollbars=1,resizable=1,left=0,top=0');return false;\" style=\"background-position: -510px -120px \"><\/a>\n\t\t\t\t\t<\/li>\n\t\t\t\t\t\t\t\t<\/ul>\n\t\t\t<div class=\"clear\"><\/div>\n\t\t<\/div>\n\t\t","protected":false},"excerpt":{"rendered":"<p>Presentaci\u00f3n Somos un grupo de personas preocupadas por el auge de las terapias\u00a0 pseudocient\u00edficas\u00a0 y\u00a0 del da\u00f1o\u00a0 que est\u00e1n haciendo a la salud p\u00fablica, aprovech\u00e1ndose de la falta de cultura cient\u00edfica en la mayor parte de la poblaci\u00f3n. La asociaci\u00f3n\u00a0&hellip; <a href=\"https:\/\/old.apetp.com\/index.php\/sample-page\/\" class=\"more-link\">Sigue leyendo <span class=\"meta-nav\">&rarr;<\/span><\/a><\/p>\n","protected":false},"author":1,"featured_media":0,"parent":0,"menu_order":0,"comment_status":"closed","ping_status":"closed","template":"page-template-full.php","meta":{"jetpack_post_was_ever_published":false,"footnotes":""},"class_list":["post-2","page","type-page","status-publish","hentry"],"yoast_head":"<!-- This site is optimized with the Yoast SEO plugin v26.8 - https:\/\/yoast.com\/product\/yoast-seo-wordpress\/ -->\n<title>Presentaci\u00f3n y finalidades - APETP<\/title>\n<meta name=\"robots\" content=\"noindex, follow, max-snippet:-1, max-image-preview:large, max-video-preview:-1\" \/>\n<meta property=\"og:locale\" content=\"es_ES\" \/>\n<meta property=\"og:type\" content=\"article\" \/>\n<meta property=\"og:title\" content=\"Presentaci\u00f3n y finalidades - APETP\" \/>\n<meta property=\"og:description\" content=\"Presentaci\u00f3n Somos un grupo de personas preocupadas por el auge de las terapias\u00a0 pseudocient\u00edficas\u00a0 y\u00a0 del da\u00f1o\u00a0 que est\u00e1n haciendo a la salud p\u00fablica, aprovech\u00e1ndose de la falta de cultura cient\u00edfica en la mayor parte de la poblaci\u00f3n. La asociaci\u00f3n\u00a0&hellip; Sigue leyendo &rarr;\" \/>\n<meta property=\"og:url\" content=\"https:\/\/old.apetp.com\/index.php\/sample-page\/\" \/>\n<meta property=\"og:site_name\" content=\"APETP\" \/>\n<meta property=\"article:modified_time\" content=\"2017-12-13T09:53:25+00:00\" \/>\n<meta name=\"twitter:card\" content=\"summary_large_image\" \/>\n<meta name=\"twitter:label1\" content=\"Tiempo de lectura\" \/>\n\t<meta name=\"twitter:data1\" content=\"3 minutos\" \/>\n<script type=\"application\/ld+json\" class=\"yoast-schema-graph\">{\"@context\":\"https:\/\/schema.org\",\"@graph\":[{\"@type\":\"WebPage\",\"@id\":\"https:\/\/old.apetp.com\/index.php\/sample-page\/\",\"url\":\"https:\/\/old.apetp.com\/index.php\/sample-page\/\",\"name\":\"Presentaci\u00f3n y finalidades - APETP\",\"isPartOf\":{\"@id\":\"https:\/\/old.apetp.com\/#website\"},\"datePublished\":\"2015-06-20T15:29:18+00:00\",\"dateModified\":\"2017-12-13T09:53:25+00:00\",\"breadcrumb\":{\"@id\":\"https:\/\/old.apetp.com\/index.php\/sample-page\/#breadcrumb\"},\"inLanguage\":\"es\",\"potentialAction\":[{\"@type\":\"ReadAction\",\"target\":[\"https:\/\/old.apetp.com\/index.php\/sample-page\/\"]}]},{\"@type\":\"BreadcrumbList\",\"@id\":\"https:\/\/old.apetp.com\/index.php\/sample-page\/#breadcrumb\",\"itemListElement\":[{\"@type\":\"ListItem\",\"position\":1,\"name\":\"Portada\",\"item\":\"https:\/\/old.apetp.com\/\"},{\"@type\":\"ListItem\",\"position\":2,\"name\":\"Presentaci\u00f3n y finalidades\"}]},{\"@type\":\"WebSite\",\"@id\":\"https:\/\/old.apetp.com\/#website\",\"url\":\"https:\/\/old.apetp.com\/\",\"name\":\"APETP\",\"description\":\"Asociaci\u00f3n para Proteger al Enfermo de Terapias Pseudocient\u00edficas\",\"potentialAction\":[{\"@type\":\"SearchAction\",\"target\":{\"@type\":\"EntryPoint\",\"urlTemplate\":\"https:\/\/old.apetp.com\/?s={search_term_string}\"},\"query-input\":{\"@type\":\"PropertyValueSpecification\",\"valueRequired\":true,\"valueName\":\"search_term_string\"}}],\"inLanguage\":\"es\"}]}<\/script>\n<!-- \/ Yoast SEO plugin. -->","yoast_head_json":{"title":"Presentaci\u00f3n y finalidades - APETP","robots":{"index":"noindex","follow":"follow","max-snippet":"max-snippet:-1","max-image-preview":"max-image-preview:large","max-video-preview":"max-video-preview:-1"},"og_locale":"es_ES","og_type":"article","og_title":"Presentaci\u00f3n y finalidades - APETP","og_description":"Presentaci\u00f3n Somos un grupo de personas preocupadas por el auge de las terapias\u00a0 pseudocient\u00edficas\u00a0 y\u00a0 del da\u00f1o\u00a0 que est\u00e1n haciendo a la salud p\u00fablica, aprovech\u00e1ndose de la falta de cultura cient\u00edfica en la mayor parte de la poblaci\u00f3n. La asociaci\u00f3n\u00a0&hellip; Sigue leyendo &rarr;","og_url":"https:\/\/old.apetp.com\/index.php\/sample-page\/","og_site_name":"APETP","article_modified_time":"2017-12-13T09:53:25+00:00","twitter_card":"summary_large_image","twitter_misc":{"Tiempo de lectura":"3 minutos"},"schema":{"@context":"https:\/\/schema.org","@graph":[{"@type":"WebPage","@id":"https:\/\/old.apetp.com\/index.php\/sample-page\/","url":"https:\/\/old.apetp.com\/index.php\/sample-page\/","name":"Presentaci\u00f3n y finalidades - APETP","isPartOf":{"@id":"https:\/\/old.apetp.com\/#website"},"datePublished":"2015-06-20T15:29:18+00:00","dateModified":"2017-12-13T09:53:25+00:00","breadcrumb":{"@id":"https:\/\/old.apetp.com\/index.php\/sample-page\/#breadcrumb"},"inLanguage":"es","potentialAction":[{"@type":"ReadAction","target":["https:\/\/old.apetp.com\/index.php\/sample-page\/"]}]},{"@type":"BreadcrumbList","@id":"https:\/\/old.apetp.com\/index.php\/sample-page\/#breadcrumb","itemListElement":[{"@type":"ListItem","position":1,"name":"Portada","item":"https:\/\/old.apetp.com\/"},{"@type":"ListItem","position":2,"name":"Presentaci\u00f3n y finalidades"}]},{"@type":"WebSite","@id":"https:\/\/old.apetp.com\/#website","url":"https:\/\/old.apetp.com\/","name":"APETP","description":"Asociaci\u00f3n para Proteger al Enfermo de Terapias Pseudocient\u00edficas","potentialAction":[{"@type":"SearchAction","target":{"@type":"EntryPoint","urlTemplate":"https:\/\/old.apetp.com\/?s={search_term_string}"},"query-input":{"@type":"PropertyValueSpecification","valueRequired":true,"valueName":"search_term_string"}}],"inLanguage":"es"}]}},"jetpack_sharing_enabled":true,"jetpack_shortlink":"https:\/\/wp.me\/P6mZ8W-2","_links":{"self":[{"href":"https:\/\/old.apetp.com\/index.php\/wp-json\/wp\/v2\/pages\/2","targetHints":{"allow":["GET"]}}],"collection":[{"href":"https:\/\/old.apetp.com\/index.php\/wp-json\/wp\/v2\/pages"}],"about":[{"href":"https:\/\/old.apetp.com\/index.php\/wp-json\/wp\/v2\/types\/page"}],"author":[{"embeddable":true,"href":"https:\/\/old.apetp.com\/index.php\/wp-json\/wp\/v2\/users\/1"}],"replies":[{"embeddable":true,"href":"https:\/\/old.apetp.com\/index.php\/wp-json\/wp\/v2\/comments?post=2"}],"version-history":[{"count":8,"href":"https:\/\/old.apetp.com\/index.php\/wp-json\/wp\/v2\/pages\/2\/revisions"}],"predecessor-version":[{"id":1967,"href":"https:\/\/old.apetp.com\/index.php\/wp-json\/wp\/v2\/pages\/2\/revisions\/1967"}],"wp:attachment":[{"href":"https:\/\/old.apetp.com\/index.php\/wp-json\/wp\/v2\/media?parent=2"}],"curies":[{"name":"wp","href":"https:\/\/api.w.org\/{rel}","templated":true}]}}