{"id":188,"date":"2015-08-18T20:49:08","date_gmt":"2015-08-18T20:49:08","guid":{"rendered":"https:\/\/apetp.com\/?page_id=188"},"modified":"2015-08-18T20:56:30","modified_gmt":"2015-08-18T20:56:30","slug":"como-protestar-ante-un-caso","status":"publish","type":"page","link":"https:\/\/old.apetp.com\/index.php\/como-protestar-ante-un-caso\/","title":{"rendered":"C\u00f3mo protestar ante un caso"},"content":{"rendered":"<p style=\"text-align: justify;\">Aqu\u00ed os dejamos la informaci\u00f3n necesaria para que pod\u00e1is presentar quejas por publicidad enga\u00f1osa o por praxis pseudocient\u00edfica ligada a la salud. Actualmente poseemos la informaci\u00f3n para la Provincia de Valencia, pero si quieres ayudarnos a completar esta secci\u00f3n con el resto de provincias no dudes en ponerte en <a href=\"https:\/\/old.apetp.com\/index.php\/contacto\/\" target=\"_blank\">contacto con nosotros a trav\u00e9s de este formulario<\/a>.<\/p>\n<p style=\"text-align: justify;\">Si te surge alguna duda y te podemos ayudar, ponte en contacto con nosotros.\u00a0Consideramos que lo\u00a0 importante es\u00a0 que no\u00a0 te calles y hacer llegar las quejas\u00a0a la administraci\u00f3n.<\/p>\n<p><strong><u>Procedimientos para la presentaci\u00f3n de una queja en la Provincia de Valencia<\/u><\/strong><\/p>\n<p style=\"padding-left: 30px;\"><strong>1. Por publicidad enga\u00f1osa:<\/strong><\/p>\n<p style=\"padding-left: 30px;\">Tienes un departamento para ello dentro de La\u00a0Direcci\u00f3n Territorial de la Conseller\u00eda de Sanidad . Gran V\u00eda Fernando el\u00a0Cat\u00f3lico 74. Tel\u00e9fono: 96 3868172<\/p>\n<p style=\"padding-left: 30px;\">Tienes que llevar redactado en un folio (no hay formulario para\u00a0esto) el hecho que quieres comunicar. Lleva tambi\u00e9n una copia para que te la\u00a0sellen y te la guardes. Adem\u00e1s puedes aportar v\u00eddeos, folletos o el material que creas oportuno.<\/p>\n<p style=\"padding-left: 30px;\">Es posible que si tu llamada de atenci\u00f3n va dirigida a un centro calificado como\u00a0\u201cno sanitario\u201d, te remitan al Ayuntamiento, y deber\u00e1s presentar tu escrito en <em>registro de entrada<\/em>.<\/p>\n<p style=\"padding-left: 30px;\"><strong>2. Por praxis de un pseudocient\u00edfico o un evento que consideres\u00a0<\/strong><strong>enga\u00f1oso relacionado con pseudociencias<\/strong>:<\/p>\n<p style=\"padding-left: 30px;\">Te aclaramos que por\u00a0desgracia todav\u00eda no hay un departamento para esto, pero las protestas\u00a0que nosotros hemos presentado han sido aceptadas en este\u00a0estamento:<\/p>\n<p style=\"padding-left: 30px;\">Conseller\u00eda de Sanidad.\u00a0 C\/ Micer Masc\u00f3 31. 46010 Valencia.<\/p>\n<p style=\"padding-left: 30px;\">Tel\u00e9fono: 96 386 66 00<\/p>\n<p style=\"padding-left: 30px;\">Tienes que rellenar un formulario que te dan all\u00ed\u00a0mismo donde expones los hechos.<\/p>\n\n\t\t<style>\n\t\t\t.huge-it-share-buttons {\n\t\t\t\tborder:0px solid #0FB5D6;\n\t\t\t\tborder-radius:5px;\n\t\t\t\tbackground:#3BD8FF;\n\t\t\t text-align:left; \t\t\t\t\t\t\t\t\t}\n\n\t\t\t#huge-it-share-buttons-top {margin-bottom:0px;}\n\t\t\t#huge-it-share-buttons-bottom {margin-top:0px;}\n\n\t\t\t.huge-it-share-buttons h3 {\n\t\t\t\tfont-size:25px ;\n\t\t\t\tfont-family:Arial,Helvetica Neue,Helvetica,sans-serif;\n\t\t\t\tcolor:#666666;\n\n\t\t\tdisplay:block;\t\t\t\tline-height:25px ;\n\n\t\t\t text-align:left; \t\t\t\t\t\t\t\t\t}\n\n\t\t\t.huge-it-share-buttons ul {\n\t\t\t float:left; \t\t\t\t\t\t\t\t\t}\n\n\t\t\t.huge-it-share-buttons ul li {\n\t\t\t\tmargin-left:3px;\n\t\t\t\tmargin-right:3px;\n\t\t\t\tpadding:0px;\n\t\t\t\tborder:0px ridge #E6354C;\n\t\t\t\tborder-radius:11px;\n\t\t\t\tbackground-color:#14CC9B;\n\t\t\t}\n\n\t\t\t.huge-it-share-buttons ul li #backforunical188 {\n\t\t\t\tborder-bottom: 0;\n\t\t\t\tbackground-image:url('https:\/\/old.apetp.com\/wp-content\/plugins\/wp-share-buttons\/Front_end\/..\/images\/buttons.30.png');\n\t\t\t\twidth:30px;\n\t\t\t\theight:30px;\n\t\t\t}\n\n\t\t\t.front-shares-count {\n\t\t\t\tposition: absolute;\n\t\t\t\ttext-align: center;\n\t\t\t\tdisplay: block;\n\t\t\t}\n\n\t\t\t.shares_size20 .front-shares-count {\n\t\t\t\tfont-size: 10px;\n\t\t\t\ttop: 10px;\n\t\t\t\twidth: 20px;\n\t\t\t}\n\n\t\t\t.shares_size30 .front-shares-count {\n\t\t\t\tfont-size: 11px;\n\t\t\t\ttop: 15px;\n\t\t\t\twidth: 30px;\n\t\t\t}\n\n\t\t\t.shares_size40 .front-shares-count {\n\t\t\t\tfont-size: 12px;\n\t\t\t\ttop: 21px;\n\t\t\t\twidth: 40px;\n\t\t\t}\n\t\t<\/style>\n\t\t\n\t\t<div id=\"huge-it-share-buttons-top\" class=\"huge-it-share-buttons nobackground\">\n\t\t\t<h3>Share This:<\/h3>\n\t\t\t<ul class=\"huge-it-share-buttons-list \">\n\t\t\t\t\t\t\t\t\t<li class=\"nobackground \" >\n\n\t\t\t\t\t\t\t\t\t\t\t\t<a id=\"backforunical188\" href=\"https:\/\/www.facebook.com\/sharer\/sharer.php?u=old.apetp.com\/index.php\/wp-json\/wp\/v2\/pages\/188\"  onclick=\"javascript:void window.open('https:\/\/www.facebook.com\/sharer\/sharer.php?u=old.apetp.com\/index.php\/wp-json\/wp\/v2\/pages\/188','1410949501326','width=700,height=500,toolbar=0,menubar=0,location=0,status=1,scrollbars=1,resizable=1,left=0,top=0');return false;\" style=\"background-position: -0px -120px \"><\/a>\n\t\t\t\t\t<\/li>\n\t\t\t\t\t\t\t\t\t\t<li class=\"nobackground \" >\n\n\t\t\t\t\t\t\t\t\t\t\t\t<a id=\"backforunical188\" href=\"https:\/\/twitter.com\/share?status=old.apetp.com\/index.php\/wp-json\/wp\/v2\/pages\/188&text=C\u00f3mo protestar ante un caso\"  onclick=\"javascript:void window.open('https:\/\/twitter.com\/share?status=old.apetp.com\/index.php\/wp-json\/wp\/v2\/pages\/188&text=C\u00f3mo protestar ante un caso','1410949501326','width=700,height=500,toolbar=0,menubar=0,location=0,status=1,scrollbars=1,resizable=1,left=0,top=0');return false;\" style=\"background-position: -30px -120px \"><\/a>\n\t\t\t\t\t<\/li>\n\t\t\t\t\t\t\t\t\t\t<li class=\"nobackground \" >\n\n\t\t\t\t\t\t\t\t\t\t\t\t<a id=\"backforunical188\" href=\"http:\/\/www.pinterest.com\/pin\/create\/button\/?url=old.apetp.com\/index.php\/wp-json\/wp\/v2\/pages\/188&media=https:\/\/old.apetp.com\/wp-content\/plugins\/wp-share-buttons\/Front_end\/..\/images\/noimage.png&description=C\u00f3mo protestar ante un caso\"  onclick=\"javascript:void window.open('http:\/\/www.pinterest.com\/pin\/create\/button\/?url=old.apetp.com\/index.php\/wp-json\/wp\/v2\/pages\/188&media=https:\/\/old.apetp.com\/wp-content\/plugins\/wp-share-buttons\/Front_end\/..\/images\/noimage.png&description=C\u00f3mo protestar ante un caso','1410949501326','width=700,height=500,toolbar=0,menubar=0,location=0,status=1,scrollbars=1,resizable=1,left=0,top=0');return false;\" style=\"background-position: -60px -120px \"><\/a>\n\t\t\t\t\t<\/li>\n\t\t\t\t\t\t\t\t\t\t<li class=\"nobackground \" >\n\n\t\t\t\t\t\t\t\t\t\t\t\t<a id=\"backforunical188\" href=\"https:\/\/plus.google.com\/share?url=old.apetp.com\/index.php\/wp-json\/wp\/v2\/pages\/188\"  onclick=\"javascript:void window.open('https:\/\/plus.google.com\/share?url=old.apetp.com\/index.php\/wp-json\/wp\/v2\/pages\/188','1410949501326','width=700,height=500,toolbar=0,menubar=0,location=0,status=1,scrollbars=1,resizable=1,left=0,top=0');return false;\" style=\"background-position: -90px -120px \"><\/a>\n\t\t\t\t\t<\/li>\n\t\t\t\t\t\t\t\t\t\t<li class=\"nobackground \" >\n\n\t\t\t\t\t\t\t\t\t\t\t\t<a id=\"backforunical188\" href=\"https:\/\/www.linkedin.com\/shareArticle?title=C\u00f3mo protestar ante un caso&mini=true&url=https:\/\/old.apetp.com\/index.php\/wp-json\/wp\/v2\/pages\/188\"  onclick=\"javascript:void window.open('https:\/\/www.linkedin.com\/shareArticle?title=C\u00f3mo protestar ante un caso&mini=true&url=https:\/\/old.apetp.com\/index.php\/wp-json\/wp\/v2\/pages\/188','1410949501326','width=700,height=500,toolbar=0,menubar=0,location=0,status=1,scrollbars=1,resizable=1,left=0,top=0');return false;\" style=\"background-position: -120px -120px \"><\/a>\n\t\t\t\t\t<\/li>\n\t\t\t\t\t\t\t\t\t\t<li class=\"nobackground \" >\n\n\t\t\t\t\t\t\t\t\t\t\t\t<a id=\"backforunical188\" href=\"https:\/\/www.tumblr.com\/share\/link?url=old.apetp.com\/index.php\/wp-json\/wp\/v2\/pages\/188&name=C\u00f3mo protestar ante un caso\"  onclick=\"javascript:void window.open('https:\/\/www.tumblr.com\/share\/link?url=old.apetp.com\/index.php\/wp-json\/wp\/v2\/pages\/188&name=C\u00f3mo protestar ante un caso','1410949501326','width=700,height=500,toolbar=0,menubar=0,location=0,status=1,scrollbars=1,resizable=1,left=0,top=0');return false;\" style=\"background-position: -150px -120px \"><\/a>\n\t\t\t\t\t<\/li>\n\t\t\t\t\t\t\t\t\t\t<li class=\"nobackground \" >\n\n\t\t\t\t\t\t\t\t\t\t\t\t<a id=\"backforunical188\" href=\"http:\/\/digg.com\/submit?phase=2&url=old.apetp.com\/index.php\/wp-json\/wp\/v2\/pages\/188&title=C\u00f3mo protestar ante un caso\"  onclick=\"javascript:void window.open('http:\/\/digg.com\/submit?phase=2&url=old.apetp.com\/index.php\/wp-json\/wp\/v2\/pages\/188&title=C\u00f3mo protestar ante un caso','1410949501326','width=700,height=500,toolbar=0,menubar=0,location=0,status=1,scrollbars=1,resizable=1,left=0,top=0');return false;\" style=\"background-position: -180px -120px \"><\/a>\n\t\t\t\t\t<\/li>\n\t\t\t\t\t\t\t\t\t\t<li class=\"nobackground \" >\n\n\t\t\t\t\t\t\t\t\t\t\t\t<a id=\"backforunical188\" href=\"http:\/\/www.stumbleupon.com\/submit?url=old.apetp.com\/index.php\/wp-json\/wp\/v2\/pages\/188&title=C\u00f3mo protestar ante un caso\"  onclick=\"javascript:void window.open('http:\/\/www.stumbleupon.com\/submit?url=old.apetp.com\/index.php\/wp-json\/wp\/v2\/pages\/188&title=C\u00f3mo protestar ante un caso','1410949501326','width=700,height=500,toolbar=0,menubar=0,location=0,status=1,scrollbars=1,resizable=1,left=0,top=0');return false;\" style=\"background-position: -210px -120px \"><\/a>\n\t\t\t\t\t<\/li>\n\t\t\t\t\t\t\t\t\t\t<li class=\"nobackground \" >\n\n\t\t\t\t\t\t\t\t\t\t\t\t<a id=\"backforunical188\" href=\"https:\/\/myspace.com\/post?l=3&u=old.apetp.com\/index.php\/wp-json\/wp\/v2\/pages\/188\"  onclick=\"javascript:void window.open('https:\/\/myspace.com\/post?l=3&u=old.apetp.com\/index.php\/wp-json\/wp\/v2\/pages\/188','1410949501326','width=700,height=500,toolbar=0,menubar=0,location=0,status=1,scrollbars=1,resizable=1,left=0,top=0');return false;\" style=\"background-position: -240px -120px \"><\/a>\n\t\t\t\t\t<\/li>\n\t\t\t\t\t\t\t\t\t\t<li class=\"nobackground \" >\n\n\t\t\t\t\t\t\t\t\t\t\t\t<a id=\"backforunical188\" href=\"http:\/\/vk.com\/share.php?url=old.apetp.com\/index.php\/wp-json\/wp\/v2\/pages\/188&title=C\u00f3mo protestar ante un caso\"  onclick=\"javascript:void window.open('http:\/\/vk.com\/share.php?url=old.apetp.com\/index.php\/wp-json\/wp\/v2\/pages\/188&title=C\u00f3mo protestar ante un caso','1410949501326','width=700,height=500,toolbar=0,menubar=0,location=0,status=1,scrollbars=1,resizable=1,left=0,top=0');return false;\" style=\"background-position: -270px -120px \"><\/a>\n\t\t\t\t\t<\/li>\n\t\t\t\t\t\t\t\t\t\t<li class=\"none nobackground \" >\n\n\t\t\t\t\t\t\t\t\t\t\t\t<a id=\"backforunical188\" href=\"http:\/\/www.reddit.com\/submit?url=old.apetp.com\/index.php\/wp-json\/wp\/v2\/pages\/188&title=C\u00f3mo protestar ante un caso\"  onclick=\"javascript:void window.open('http:\/\/www.reddit.com\/submit?url=old.apetp.com\/index.php\/wp-json\/wp\/v2\/pages\/188&title=C\u00f3mo protestar ante un caso','1410949501326','width=700,height=500,toolbar=0,menubar=0,location=0,status=1,scrollbars=1,resizable=1,left=0,top=0');return false;\" style=\"background-position: -300px -120px \"><\/a>\n\t\t\t\t\t<\/li>\n\t\t\t\t\t\t\t\t\t\t<li class=\"none nobackground \" >\n\n\t\t\t\t\t\t\t\t\t\t\t\t<a id=\"backforunical188\" href=\"http:\/\/www.bebo.com\/c\/share?Url=old.apetp.com\/index.php\/wp-json\/wp\/v2\/pages\/188\"  onclick=\"javascript:void window.open('http:\/\/www.bebo.com\/c\/share?Url=old.apetp.com\/index.php\/wp-json\/wp\/v2\/pages\/188','1410949501326','width=700,height=500,toolbar=0,menubar=0,location=0,status=1,scrollbars=1,resizable=1,left=0,top=0');return false;\" style=\"background-position: -330px -120px \"><\/a>\n\t\t\t\t\t<\/li>\n\t\t\t\t\t\t\t\t\t\t<li class=\"none nobackground \" >\n\n\t\t\t\t\t\t\t\t\t\t\t\t<a id=\"backforunical188\" href=\"https:\/\/delicious.com\/save?v=5&noui&jump=close&url=old.apetp.com\/index.php\/wp-json\/wp\/v2\/pages\/188&title=C\u00f3mo protestar ante un caso\"  onclick=\"javascript:void window.open('https:\/\/delicious.com\/save?v=5&noui&jump=close&url=old.apetp.com\/index.php\/wp-json\/wp\/v2\/pages\/188&title=C\u00f3mo protestar ante un caso','1410949501326','width=700,height=500,toolbar=0,menubar=0,location=0,status=1,scrollbars=1,resizable=1,left=0,top=0');return false;\" style=\"background-position: -360px -120px \"><\/a>\n\t\t\t\t\t<\/li>\n\t\t\t\t\t\t\t\t\t\t<li class=\"none nobackground \" >\n\n\t\t\t\t\t\t\t\t\t\t\t\t<a id=\"backforunical188\" href=\"http:\/\/www.odnoklassniki.ru\/dk?st.cmd=addShare&st.s=2&st.noresize=on&st._surl=old.apetp.com\/index.php\/wp-json\/wp\/v2\/pages\/188\"  onclick=\"javascript:void window.open('http:\/\/www.odnoklassniki.ru\/dk?st.cmd=addShare&st.s=2&st.noresize=on&st._surl=old.apetp.com\/index.php\/wp-json\/wp\/v2\/pages\/188','1410949501326','width=700,height=500,toolbar=0,menubar=0,location=0,status=1,scrollbars=1,resizable=1,left=0,top=0');return false;\" style=\"background-position: -390px -120px \"><\/a>\n\t\t\t\t\t<\/li>\n\t\t\t\t\t\t\t\t\t\t<li class=\"none nobackground \" >\n\n\t\t\t\t\t\t\t\t\t\t\t\t<a id=\"backforunical188\" href=\"http:\/\/sns.qzone.qq.com\/cgi-bin\/qzshare\/cgi_qzshare_onekey?url=old.apetp.com\/index.php\/wp-json\/wp\/v2\/pages\/188&title=C\u00f3mo protestar ante un caso\"  onclick=\"javascript:void window.open('http:\/\/sns.qzone.qq.com\/cgi-bin\/qzshare\/cgi_qzshare_onekey?url=old.apetp.com\/index.php\/wp-json\/wp\/v2\/pages\/188&title=C\u00f3mo protestar ante un caso','1410949501326','width=700,height=500,toolbar=0,menubar=0,location=0,status=1,scrollbars=1,resizable=1,left=0,top=0');return false;\" style=\"background-position: -420px -120px \"><\/a>\n\t\t\t\t\t<\/li>\n\t\t\t\t\t\t\t\t\t\t<li class=\"none nobackground \" >\n\n\t\t\t\t\t\t\t\t\t\t\t\t<a id=\"backforunical188\" href=\"http:\/\/service.weibo.com\/share\/share.php?url=old.apetp.com\/index.php\/wp-json\/wp\/v2\/pages\/188&appkey=&title=C\u00f3mo protestar ante un caso&pic=&ralateUid=&\"  onclick=\"javascript:void window.open('http:\/\/service.weibo.com\/share\/share.php?url=old.apetp.com\/index.php\/wp-json\/wp\/v2\/pages\/188&appkey=&title=C\u00f3mo protestar ante un caso&pic=&ralateUid=&','1410949501326','width=700,height=500,toolbar=0,menubar=0,location=0,status=1,scrollbars=1,resizable=1,left=0,top=0');return false;\" style=\"background-position: -450px -120px \"><\/a>\n\t\t\t\t\t<\/li>\n\t\t\t\t\t\t\t\t\t\t<li class=\"none nobackground \" >\n\n\t\t\t\t\t\t\t\t\t\t\t\t<a id=\"backforunical188\" href=\"http:\/\/widget.renren.com\/dialog\/share?resourceUrl=old.apetp.com\/index.php\/wp-json\/wp\/v2\/pages\/188&srcUrl=old.apetp.com\/index.php\/wp-json\/wp\/v2\/pages\/188&title=C\u00f3mo protestar ante un caso\"  onclick=\"javascript:void window.open('http:\/\/widget.renren.com\/dialog\/share?resourceUrl=old.apetp.com\/index.php\/wp-json\/wp\/v2\/pages\/188&srcUrl=old.apetp.com\/index.php\/wp-json\/wp\/v2\/pages\/188&title=C\u00f3mo protestar ante un caso','1410949501326','width=700,height=500,toolbar=0,menubar=0,location=0,status=1,scrollbars=1,resizable=1,left=0,top=0');return false;\" style=\"background-position: -480px -120px \"><\/a>\n\t\t\t\t\t<\/li>\n\t\t\t\t\t\t\t\t\t\t<li class=\"none nobackground \" >\n\n\t\t\t\t\t\t\t\t\t\t\t\t<a id=\"backforunical188\" href=\"http:\/\/n4g.com\/tips?url=old.apetp.com\/index.php\/wp-json\/wp\/v2\/pages\/188&title=C\u00f3mo protestar ante un caso\"  onclick=\"javascript:void window.open('http:\/\/n4g.com\/tips?url=old.apetp.com\/index.php\/wp-json\/wp\/v2\/pages\/188&title=C\u00f3mo protestar ante un caso','1410949501326','width=700,height=500,toolbar=0,menubar=0,location=0,status=1,scrollbars=1,resizable=1,left=0,top=0');return false;\" style=\"background-position: -510px -120px \"><\/a>\n\t\t\t\t\t<\/li>\n\t\t\t\t\t\t\t\t<\/ul>\n\t\t\t<div class=\"clear\"><\/div>\n\t\t<\/div>\n\t\t","protected":false},"excerpt":{"rendered":"<p>Aqu\u00ed os dejamos la informaci\u00f3n necesaria para que pod\u00e1is presentar quejas por publicidad enga\u00f1osa o por praxis pseudocient\u00edfica ligada a la salud. Actualmente poseemos la informaci\u00f3n para la Provincia de Valencia, pero si quieres ayudarnos a completar esta secci\u00f3n con&hellip; <a href=\"https:\/\/old.apetp.com\/index.php\/como-protestar-ante-un-caso\/\" class=\"more-link\">Sigue leyendo <span class=\"meta-nav\">&rarr;<\/span><\/a><\/p>\n","protected":false},"author":1,"featured_media":0,"parent":0,"menu_order":0,"comment_status":"closed","ping_status":"closed","template":"page-template-full.php","meta":{"jetpack_post_was_ever_published":false,"footnotes":""},"class_list":["post-188","page","type-page","status-publish","hentry"],"yoast_head":"<!-- This site is optimized with the Yoast SEO plugin v26.8 - https:\/\/yoast.com\/product\/yoast-seo-wordpress\/ -->\n<title>C\u00f3mo protestar ante un caso - APETP<\/title>\n<meta name=\"robots\" content=\"noindex, follow, max-snippet:-1, max-image-preview:large, max-video-preview:-1\" \/>\n<meta property=\"og:locale\" content=\"es_ES\" \/>\n<meta property=\"og:type\" content=\"article\" \/>\n<meta property=\"og:title\" content=\"C\u00f3mo protestar ante un caso - APETP\" \/>\n<meta property=\"og:description\" content=\"Aqu\u00ed os dejamos la informaci\u00f3n necesaria para que pod\u00e1is presentar quejas por publicidad enga\u00f1osa o por praxis pseudocient\u00edfica ligada a la salud. Actualmente poseemos la informaci\u00f3n para la Provincia de Valencia, pero si quieres ayudarnos a completar esta secci\u00f3n con&hellip; Sigue leyendo &rarr;\" \/>\n<meta property=\"og:url\" content=\"https:\/\/old.apetp.com\/index.php\/como-protestar-ante-un-caso\/\" \/>\n<meta property=\"og:site_name\" content=\"APETP\" \/>\n<meta property=\"article:modified_time\" content=\"2015-08-18T20:56:30+00:00\" \/>\n<meta name=\"twitter:card\" content=\"summary_large_image\" \/>\n<meta name=\"twitter:label1\" content=\"Tiempo de lectura\" \/>\n\t<meta name=\"twitter:data1\" content=\"1 minuto\" \/>\n<script type=\"application\/ld+json\" class=\"yoast-schema-graph\">{\"@context\":\"https:\/\/schema.org\",\"@graph\":[{\"@type\":\"WebPage\",\"@id\":\"https:\/\/old.apetp.com\/index.php\/como-protestar-ante-un-caso\/\",\"url\":\"https:\/\/old.apetp.com\/index.php\/como-protestar-ante-un-caso\/\",\"name\":\"C\u00f3mo protestar ante un caso - APETP\",\"isPartOf\":{\"@id\":\"https:\/\/old.apetp.com\/#website\"},\"datePublished\":\"2015-08-18T20:49:08+00:00\",\"dateModified\":\"2015-08-18T20:56:30+00:00\",\"breadcrumb\":{\"@id\":\"https:\/\/old.apetp.com\/index.php\/como-protestar-ante-un-caso\/#breadcrumb\"},\"inLanguage\":\"es\",\"potentialAction\":[{\"@type\":\"ReadAction\",\"target\":[\"https:\/\/old.apetp.com\/index.php\/como-protestar-ante-un-caso\/\"]}]},{\"@type\":\"BreadcrumbList\",\"@id\":\"https:\/\/old.apetp.com\/index.php\/como-protestar-ante-un-caso\/#breadcrumb\",\"itemListElement\":[{\"@type\":\"ListItem\",\"position\":1,\"name\":\"Portada\",\"item\":\"https:\/\/old.apetp.com\/\"},{\"@type\":\"ListItem\",\"position\":2,\"name\":\"C\u00f3mo protestar ante un caso\"}]},{\"@type\":\"WebSite\",\"@id\":\"https:\/\/old.apetp.com\/#website\",\"url\":\"https:\/\/old.apetp.com\/\",\"name\":\"APETP\",\"description\":\"Asociaci\u00f3n para Proteger al Enfermo de Terapias Pseudocient\u00edficas\",\"potentialAction\":[{\"@type\":\"SearchAction\",\"target\":{\"@type\":\"EntryPoint\",\"urlTemplate\":\"https:\/\/old.apetp.com\/?s={search_term_string}\"},\"query-input\":{\"@type\":\"PropertyValueSpecification\",\"valueRequired\":true,\"valueName\":\"search_term_string\"}}],\"inLanguage\":\"es\"}]}<\/script>\n<!-- \/ Yoast SEO plugin. -->","yoast_head_json":{"title":"C\u00f3mo protestar ante un caso - APETP","robots":{"index":"noindex","follow":"follow","max-snippet":"max-snippet:-1","max-image-preview":"max-image-preview:large","max-video-preview":"max-video-preview:-1"},"og_locale":"es_ES","og_type":"article","og_title":"C\u00f3mo protestar ante un caso - APETP","og_description":"Aqu\u00ed os dejamos la informaci\u00f3n necesaria para que pod\u00e1is presentar quejas por publicidad enga\u00f1osa o por praxis pseudocient\u00edfica ligada a la salud. Actualmente poseemos la informaci\u00f3n para la Provincia de Valencia, pero si quieres ayudarnos a completar esta secci\u00f3n con&hellip; Sigue leyendo &rarr;","og_url":"https:\/\/old.apetp.com\/index.php\/como-protestar-ante-un-caso\/","og_site_name":"APETP","article_modified_time":"2015-08-18T20:56:30+00:00","twitter_card":"summary_large_image","twitter_misc":{"Tiempo de lectura":"1 minuto"},"schema":{"@context":"https:\/\/schema.org","@graph":[{"@type":"WebPage","@id":"https:\/\/old.apetp.com\/index.php\/como-protestar-ante-un-caso\/","url":"https:\/\/old.apetp.com\/index.php\/como-protestar-ante-un-caso\/","name":"C\u00f3mo protestar ante un caso - APETP","isPartOf":{"@id":"https:\/\/old.apetp.com\/#website"},"datePublished":"2015-08-18T20:49:08+00:00","dateModified":"2015-08-18T20:56:30+00:00","breadcrumb":{"@id":"https:\/\/old.apetp.com\/index.php\/como-protestar-ante-un-caso\/#breadcrumb"},"inLanguage":"es","potentialAction":[{"@type":"ReadAction","target":["https:\/\/old.apetp.com\/index.php\/como-protestar-ante-un-caso\/"]}]},{"@type":"BreadcrumbList","@id":"https:\/\/old.apetp.com\/index.php\/como-protestar-ante-un-caso\/#breadcrumb","itemListElement":[{"@type":"ListItem","position":1,"name":"Portada","item":"https:\/\/old.apetp.com\/"},{"@type":"ListItem","position":2,"name":"C\u00f3mo protestar ante un caso"}]},{"@type":"WebSite","@id":"https:\/\/old.apetp.com\/#website","url":"https:\/\/old.apetp.com\/","name":"APETP","description":"Asociaci\u00f3n para Proteger al Enfermo de Terapias Pseudocient\u00edficas","potentialAction":[{"@type":"SearchAction","target":{"@type":"EntryPoint","urlTemplate":"https:\/\/old.apetp.com\/?s={search_term_string}"},"query-input":{"@type":"PropertyValueSpecification","valueRequired":true,"valueName":"search_term_string"}}],"inLanguage":"es"}]}},"jetpack_sharing_enabled":true,"jetpack_shortlink":"https:\/\/wp.me\/P6mZ8W-32","_links":{"self":[{"href":"https:\/\/old.apetp.com\/index.php\/wp-json\/wp\/v2\/pages\/188","targetHints":{"allow":["GET"]}}],"collection":[{"href":"https:\/\/old.apetp.com\/index.php\/wp-json\/wp\/v2\/pages"}],"about":[{"href":"https:\/\/old.apetp.com\/index.php\/wp-json\/wp\/v2\/types\/page"}],"author":[{"embeddable":true,"href":"https:\/\/old.apetp.com\/index.php\/wp-json\/wp\/v2\/users\/1"}],"replies":[{"embeddable":true,"href":"https:\/\/old.apetp.com\/index.php\/wp-json\/wp\/v2\/comments?post=188"}],"version-history":[{"count":4,"href":"https:\/\/old.apetp.com\/index.php\/wp-json\/wp\/v2\/pages\/188\/revisions"}],"predecessor-version":[{"id":194,"href":"https:\/\/old.apetp.com\/index.php\/wp-json\/wp\/v2\/pages\/188\/revisions\/194"}],"wp:attachment":[{"href":"https:\/\/old.apetp.com\/index.php\/wp-json\/wp\/v2\/media?parent=188"}],"curies":[{"name":"wp","href":"https:\/\/api.w.org\/{rel}","templated":true}]}}