{"id":184,"date":"2015-08-18T19:15:16","date_gmt":"2015-08-18T19:15:16","guid":{"rendered":"https:\/\/apetp.com\/?page_id=184"},"modified":"2015-08-29T13:14:43","modified_gmt":"2015-08-29T13:14:43","slug":"dianetica","status":"publish","type":"page","link":"https:\/\/old.apetp.com\/index.php\/dianetica\/","title":{"rendered":"Dian\u00e9tica"},"content":{"rendered":"<pre><a href=\"https:\/\/old.apetp.com\/wp-content\/uploads\/2015\/08\/dmsmh-e1309399583187.jpg\"><img loading=\"lazy\" decoding=\"async\" class=\"  wp-image-232 aligncenter\" src=\"https:\/\/old.apetp.com\/wp-content\/uploads\/2015\/08\/dmsmh-e1309399583187.jpg\" alt=\"dmsmh-e1309399583187\" width=\"416\" height=\"393\" srcset=\"https:\/\/old.apetp.com\/wp-content\/uploads\/2015\/08\/dmsmh-e1309399583187.jpg 1621w, https:\/\/old.apetp.com\/wp-content\/uploads\/2015\/08\/dmsmh-e1309399583187-300x284.jpg 300w, https:\/\/old.apetp.com\/wp-content\/uploads\/2015\/08\/dmsmh-e1309399583187-1024x969.jpg 1024w\" sizes=\"auto, (max-width: 416px) 100vw, 416px\" \/><\/a><\/pre>\n<pre style=\"text-align: center;\">Libro en el que se fundamenta la dian\u00e9tica<\/pre>\n<p style=\"text-align: justify;\"><strong>\u00bfQu\u00e9 es?<\/strong><\/p>\n<p style=\"text-align: justify;\">La dian\u00e9tica es una pseudoterapia que afirma, seg\u00fan palabras de su creador,<em> poder<\/em> <em>tratar todas las enfermedades mentales inorg\u00e1nicas y todas las enfermedades psicosom\u00e1ticas org\u00e1nicas, con garant\u00eda de total curaci\u00f3n<\/em>. Pero, \u00bfen qu\u00e9 consiste exactamente y qui\u00e9n fue su creador?<\/p>\n<p style=\"text-align: justify;\"><strong>\u00bfQui\u00e9n la cre\u00f3?<\/strong><\/p>\n<p style=\"text-align: justify;\">Lafayette Ronald Hubbard fue un escritor de fantas\u00eda y ciencia ficci\u00f3n americano que, entre otras cosas, cre\u00f3 la dian\u00e9tica y la religi\u00f3n conocida como cienciolog\u00eda. Lafayette no termin\u00f3 sus estudios de ingenier\u00eda y tampoco ten\u00eda formaci\u00f3n en ciencias de la salud, no obstante en su libro titulado <em>Dian\u00e9tica<\/em> afirm\u00f3 haber descubierto el origen de todos los trastornos mentales.<\/p>\n<p style=\"text-align: justify;\">Seg\u00fan esta pseudoterapia todas las enfermedades mentales, e incluso algunas f\u00edsicas como el c\u00e1ncer y la diabetes, estar\u00edan causadas por <em>engramas<\/em>, que son percepciones del enfermo realizadas en momentos de inconsciencia o profundo dolor f\u00edsico. Seg\u00fan Hubbard esos momentos ser\u00edan la causa de la enfermedad y la dian\u00e9tica ser\u00eda el \u00fanico medio para borrarlos. Su terapia consiste en localizar esos recuerdos y hacer que el paciente los explique dando el m\u00e1ximo n\u00famero de detalles, de este modo el enfermo recuperar\u00eda la salud. Este proceso es llamado <em>auditor\u00eda<\/em>. Ahora bien, \u00bfhay alguna prueba cient\u00edfica para todas estas afirmaciones?<\/p>\n<p style=\"text-align: justify;\"><strong>\u00bfFunciona realmente?<\/strong><\/p>\n<p style=\"text-align: justify;\">No existe ning\u00fan dato que avale la terapia creada por Hubbard. Todos los conocimientos cient\u00edficos acumulados contradicen cada una de sus propuestas y es de sobra conocido que no hay un \u00fanico origen para los trastornos mentales, siendo factores decisivos el estilo de vida del paciente [1], la gen\u00e9tica [2], el uso de drogas [3], la degeneraci\u00f3n producto de la edad [4], sustancias qu\u00edmicas diversas [5] y otros muchos desencadenantes. Por otro lado no hay ning\u00fan estudio cient\u00edfico que relacione el c\u00e1ncer o la diabetes con experiencias traum\u00e1ticas ni existe evidencia cl\u00ednica para el concepto de <em>engrama<\/em>.<\/p>\n<p style=\"text-align: justify;\">Los organismos que regulan la pr\u00e1ctica psiqui\u00e1trica avisan de que tanto Hubbard (fallecido en 1986) como su sucesor, David Miscavige, han propuesto de forma abierta erradicar la pr\u00e1ctica psiqui\u00e1trica para reemplazarla con la dian\u00e9tica, teniendo estas ideas cada vez m\u00e1s seguidores [6]. El auge de esta pseudoterapia es explicado por muchos psiquiatras debido al car\u00e1cter medi\u00e1tico y pol\u00edtico de algunos de sus seguidores.<\/p>\n<p style=\"text-align: justify;\"><strong>Conclusi\u00f3n<\/strong><\/p>\n<p style=\"text-align: justify;\">Como conclusi\u00f3n de lo que hemos visto podemos decir que Lafayette Ronald Hubbard fue un escritor que cre\u00f3 una pseudoterapia sin ning\u00fan fundamento cient\u00edfico, ya que no existe ninguna evidencia de que la dian\u00e9tica pueda servir para curar trastornos. Tampoco hay registrados casos de curaci\u00f3n ligados a esta pseudoterapia ni existen pruebas de que alguno de sus fundamentos sea real.<\/p>\n<p><em>Escrito por Fernando Cervera Rodr\u00edguez. <\/em><em>Licenciado en Ciencias Biol\u00f3gicas y m\u00e1ster en Aproximaciones moleculares en ciencias de la salud<\/em><\/p>\n<p>&nbsp;<\/p>\n<p><strong>Referencias:<\/strong><\/p>\n<p>[1] <a href=\"http:\/\/www.ncbi.nlm.nih.gov\/pubmed\/935292\">http:\/\/www.ncbi.nlm.nih.gov\/pubmed\/935292<\/a><\/p>\n<p>[2] <a href=\"http:\/\/www.ncbi.nlm.nih.gov\/pmc\/articles\/PMC2336116\/\">http:\/\/www.ncbi.nlm.nih.gov\/pmc\/articles\/PMC2336116\/<\/a><\/p>\n<p>[3] <a href=\"http:\/\/www.ncbi.nlm.nih.gov\/pubmed\/24704148\">http:\/\/www.ncbi.nlm.nih.gov\/pubmed\/24704148<\/a><\/p>\n<p>[4] <a href=\"http:\/\/www.neurology.org\/content\/32\/2\/164.short\">http:\/\/www.neurology.org\/content\/32\/2\/164.short<\/a><\/p>\n<p>[5] <a href=\"http:\/\/linkinghub.elsevier.com\/retrieve\/pii\/S1551-7411(15)00116-3\">http:\/\/linkinghub.elsevier.com\/retrieve\/pii\/S1551-7411(15)00116-3<\/a><\/p>\n<p>[6] <a href=\"http:\/\/www.ncbi.nlm.nih.gov\/pmc\/articles\/PMC3856510\/\">http:\/\/www.ncbi.nlm.nih.gov\/pmc\/articles\/PMC3856510\/<\/a><\/p>\n\n\t\t<style>\n\t\t\t.huge-it-share-buttons {\n\t\t\t\tborder:0px solid #0FB5D6;\n\t\t\t\tborder-radius:5px;\n\t\t\t\tbackground:#3BD8FF;\n\t\t\t text-align:left; \t\t\t\t\t\t\t\t\t}\n\n\t\t\t#huge-it-share-buttons-top {margin-bottom:0px;}\n\t\t\t#huge-it-share-buttons-bottom {margin-top:0px;}\n\n\t\t\t.huge-it-share-buttons h3 {\n\t\t\t\tfont-size:25px ;\n\t\t\t\tfont-family:Arial,Helvetica Neue,Helvetica,sans-serif;\n\t\t\t\tcolor:#666666;\n\n\t\t\tdisplay:block;\t\t\t\tline-height:25px ;\n\n\t\t\t text-align:left; \t\t\t\t\t\t\t\t\t}\n\n\t\t\t.huge-it-share-buttons ul {\n\t\t\t float:left; \t\t\t\t\t\t\t\t\t}\n\n\t\t\t.huge-it-share-buttons ul li {\n\t\t\t\tmargin-left:3px;\n\t\t\t\tmargin-right:3px;\n\t\t\t\tpadding:0px;\n\t\t\t\tborder:0px ridge #E6354C;\n\t\t\t\tborder-radius:11px;\n\t\t\t\tbackground-color:#14CC9B;\n\t\t\t}\n\n\t\t\t.huge-it-share-buttons ul li #backforunical184 {\n\t\t\t\tborder-bottom: 0;\n\t\t\t\tbackground-image:url('https:\/\/old.apetp.com\/wp-content\/plugins\/wp-share-buttons\/Front_end\/..\/images\/buttons.30.png');\n\t\t\t\twidth:30px;\n\t\t\t\theight:30px;\n\t\t\t}\n\n\t\t\t.front-shares-count {\n\t\t\t\tposition: absolute;\n\t\t\t\ttext-align: center;\n\t\t\t\tdisplay: block;\n\t\t\t}\n\n\t\t\t.shares_size20 .front-shares-count {\n\t\t\t\tfont-size: 10px;\n\t\t\t\ttop: 10px;\n\t\t\t\twidth: 20px;\n\t\t\t}\n\n\t\t\t.shares_size30 .front-shares-count {\n\t\t\t\tfont-size: 11px;\n\t\t\t\ttop: 15px;\n\t\t\t\twidth: 30px;\n\t\t\t}\n\n\t\t\t.shares_size40 .front-shares-count {\n\t\t\t\tfont-size: 12px;\n\t\t\t\ttop: 21px;\n\t\t\t\twidth: 40px;\n\t\t\t}\n\t\t<\/style>\n\t\t\n\t\t<div id=\"huge-it-share-buttons-top\" class=\"huge-it-share-buttons nobackground\">\n\t\t\t<h3>Share This:<\/h3>\n\t\t\t<ul class=\"huge-it-share-buttons-list \">\n\t\t\t\t\t\t\t\t\t<li class=\"nobackground \" >\n\n\t\t\t\t\t\t\t\t\t\t\t\t<a id=\"backforunical184\" href=\"https:\/\/www.facebook.com\/sharer\/sharer.php?u=old.apetp.com\/index.php\/wp-json\/wp\/v2\/pages\/184\"  onclick=\"javascript:void window.open('https:\/\/www.facebook.com\/sharer\/sharer.php?u=old.apetp.com\/index.php\/wp-json\/wp\/v2\/pages\/184','1410949501326','width=700,height=500,toolbar=0,menubar=0,location=0,status=1,scrollbars=1,resizable=1,left=0,top=0');return false;\" style=\"background-position: -0px -120px \"><\/a>\n\t\t\t\t\t<\/li>\n\t\t\t\t\t\t\t\t\t\t<li class=\"nobackground \" >\n\n\t\t\t\t\t\t\t\t\t\t\t\t<a id=\"backforunical184\" href=\"https:\/\/twitter.com\/share?status=old.apetp.com\/index.php\/wp-json\/wp\/v2\/pages\/184&text=Dian\u00e9tica\"  onclick=\"javascript:void window.open('https:\/\/twitter.com\/share?status=old.apetp.com\/index.php\/wp-json\/wp\/v2\/pages\/184&text=Dian\u00e9tica','1410949501326','width=700,height=500,toolbar=0,menubar=0,location=0,status=1,scrollbars=1,resizable=1,left=0,top=0');return false;\" style=\"background-position: -30px -120px \"><\/a>\n\t\t\t\t\t<\/li>\n\t\t\t\t\t\t\t\t\t\t<li class=\"nobackground \" >\n\n\t\t\t\t\t\t\t\t\t\t\t\t<a id=\"backforunical184\" href=\"http:\/\/www.pinterest.com\/pin\/create\/button\/?url=old.apetp.com\/index.php\/wp-json\/wp\/v2\/pages\/184&media=https:\/\/old.apetp.com\/wp-content\/uploads\/2015\/08\/dmsmh-e1309399583187.jpg&description=Dian\u00e9tica\"  onclick=\"javascript:void window.open('http:\/\/www.pinterest.com\/pin\/create\/button\/?url=old.apetp.com\/index.php\/wp-json\/wp\/v2\/pages\/184&media=https:\/\/old.apetp.com\/wp-content\/uploads\/2015\/08\/dmsmh-e1309399583187.jpg&description=Dian\u00e9tica','1410949501326','width=700,height=500,toolbar=0,menubar=0,location=0,status=1,scrollbars=1,resizable=1,left=0,top=0');return false;\" style=\"background-position: -60px -120px \"><\/a>\n\t\t\t\t\t<\/li>\n\t\t\t\t\t\t\t\t\t\t<li class=\"nobackground \" >\n\n\t\t\t\t\t\t\t\t\t\t\t\t<a id=\"backforunical184\" href=\"https:\/\/plus.google.com\/share?url=old.apetp.com\/index.php\/wp-json\/wp\/v2\/pages\/184\"  onclick=\"javascript:void window.open('https:\/\/plus.google.com\/share?url=old.apetp.com\/index.php\/wp-json\/wp\/v2\/pages\/184','1410949501326','width=700,height=500,toolbar=0,menubar=0,location=0,status=1,scrollbars=1,resizable=1,left=0,top=0');return false;\" style=\"background-position: -90px -120px \"><\/a>\n\t\t\t\t\t<\/li>\n\t\t\t\t\t\t\t\t\t\t<li class=\"nobackground \" >\n\n\t\t\t\t\t\t\t\t\t\t\t\t<a id=\"backforunical184\" href=\"https:\/\/www.linkedin.com\/shareArticle?title=Dian\u00e9tica&mini=true&url=https:\/\/old.apetp.com\/index.php\/wp-json\/wp\/v2\/pages\/184\"  onclick=\"javascript:void window.open('https:\/\/www.linkedin.com\/shareArticle?title=Dian\u00e9tica&mini=true&url=https:\/\/old.apetp.com\/index.php\/wp-json\/wp\/v2\/pages\/184','1410949501326','width=700,height=500,toolbar=0,menubar=0,location=0,status=1,scrollbars=1,resizable=1,left=0,top=0');return false;\" style=\"background-position: -120px -120px \"><\/a>\n\t\t\t\t\t<\/li>\n\t\t\t\t\t\t\t\t\t\t<li class=\"nobackground \" >\n\n\t\t\t\t\t\t\t\t\t\t\t\t<a id=\"backforunical184\" href=\"https:\/\/www.tumblr.com\/share\/link?url=old.apetp.com\/index.php\/wp-json\/wp\/v2\/pages\/184&name=Dian\u00e9tica\"  onclick=\"javascript:void window.open('https:\/\/www.tumblr.com\/share\/link?url=old.apetp.com\/index.php\/wp-json\/wp\/v2\/pages\/184&name=Dian\u00e9tica','1410949501326','width=700,height=500,toolbar=0,menubar=0,location=0,status=1,scrollbars=1,resizable=1,left=0,top=0');return false;\" style=\"background-position: -150px -120px \"><\/a>\n\t\t\t\t\t<\/li>\n\t\t\t\t\t\t\t\t\t\t<li class=\"nobackground \" >\n\n\t\t\t\t\t\t\t\t\t\t\t\t<a id=\"backforunical184\" href=\"http:\/\/digg.com\/submit?phase=2&url=old.apetp.com\/index.php\/wp-json\/wp\/v2\/pages\/184&title=Dian\u00e9tica\"  onclick=\"javascript:void window.open('http:\/\/digg.com\/submit?phase=2&url=old.apetp.com\/index.php\/wp-json\/wp\/v2\/pages\/184&title=Dian\u00e9tica','1410949501326','width=700,height=500,toolbar=0,menubar=0,location=0,status=1,scrollbars=1,resizable=1,left=0,top=0');return false;\" style=\"background-position: -180px -120px \"><\/a>\n\t\t\t\t\t<\/li>\n\t\t\t\t\t\t\t\t\t\t<li class=\"nobackground \" >\n\n\t\t\t\t\t\t\t\t\t\t\t\t<a id=\"backforunical184\" href=\"http:\/\/www.stumbleupon.com\/submit?url=old.apetp.com\/index.php\/wp-json\/wp\/v2\/pages\/184&title=Dian\u00e9tica\"  onclick=\"javascript:void window.open('http:\/\/www.stumbleupon.com\/submit?url=old.apetp.com\/index.php\/wp-json\/wp\/v2\/pages\/184&title=Dian\u00e9tica','1410949501326','width=700,height=500,toolbar=0,menubar=0,location=0,status=1,scrollbars=1,resizable=1,left=0,top=0');return false;\" style=\"background-position: -210px -120px \"><\/a>\n\t\t\t\t\t<\/li>\n\t\t\t\t\t\t\t\t\t\t<li class=\"nobackground \" >\n\n\t\t\t\t\t\t\t\t\t\t\t\t<a id=\"backforunical184\" href=\"https:\/\/myspace.com\/post?l=3&u=old.apetp.com\/index.php\/wp-json\/wp\/v2\/pages\/184\"  onclick=\"javascript:void window.open('https:\/\/myspace.com\/post?l=3&u=old.apetp.com\/index.php\/wp-json\/wp\/v2\/pages\/184','1410949501326','width=700,height=500,toolbar=0,menubar=0,location=0,status=1,scrollbars=1,resizable=1,left=0,top=0');return false;\" style=\"background-position: -240px -120px \"><\/a>\n\t\t\t\t\t<\/li>\n\t\t\t\t\t\t\t\t\t\t<li class=\"nobackground \" >\n\n\t\t\t\t\t\t\t\t\t\t\t\t<a id=\"backforunical184\" href=\"http:\/\/vk.com\/share.php?url=old.apetp.com\/index.php\/wp-json\/wp\/v2\/pages\/184&title=Dian\u00e9tica\"  onclick=\"javascript:void window.open('http:\/\/vk.com\/share.php?url=old.apetp.com\/index.php\/wp-json\/wp\/v2\/pages\/184&title=Dian\u00e9tica','1410949501326','width=700,height=500,toolbar=0,menubar=0,location=0,status=1,scrollbars=1,resizable=1,left=0,top=0');return false;\" style=\"background-position: -270px -120px \"><\/a>\n\t\t\t\t\t<\/li>\n\t\t\t\t\t\t\t\t\t\t<li class=\"none nobackground \" >\n\n\t\t\t\t\t\t\t\t\t\t\t\t<a id=\"backforunical184\" href=\"http:\/\/www.reddit.com\/submit?url=old.apetp.com\/index.php\/wp-json\/wp\/v2\/pages\/184&title=Dian\u00e9tica\"  onclick=\"javascript:void window.open('http:\/\/www.reddit.com\/submit?url=old.apetp.com\/index.php\/wp-json\/wp\/v2\/pages\/184&title=Dian\u00e9tica','1410949501326','width=700,height=500,toolbar=0,menubar=0,location=0,status=1,scrollbars=1,resizable=1,left=0,top=0');return false;\" style=\"background-position: -300px -120px \"><\/a>\n\t\t\t\t\t<\/li>\n\t\t\t\t\t\t\t\t\t\t<li class=\"none nobackground \" >\n\n\t\t\t\t\t\t\t\t\t\t\t\t<a id=\"backforunical184\" href=\"http:\/\/www.bebo.com\/c\/share?Url=old.apetp.com\/index.php\/wp-json\/wp\/v2\/pages\/184\"  onclick=\"javascript:void window.open('http:\/\/www.bebo.com\/c\/share?Url=old.apetp.com\/index.php\/wp-json\/wp\/v2\/pages\/184','1410949501326','width=700,height=500,toolbar=0,menubar=0,location=0,status=1,scrollbars=1,resizable=1,left=0,top=0');return false;\" style=\"background-position: -330px -120px \"><\/a>\n\t\t\t\t\t<\/li>\n\t\t\t\t\t\t\t\t\t\t<li class=\"none nobackground \" >\n\n\t\t\t\t\t\t\t\t\t\t\t\t<a id=\"backforunical184\" href=\"https:\/\/delicious.com\/save?v=5&noui&jump=close&url=old.apetp.com\/index.php\/wp-json\/wp\/v2\/pages\/184&title=Dian\u00e9tica\"  onclick=\"javascript:void window.open('https:\/\/delicious.com\/save?v=5&noui&jump=close&url=old.apetp.com\/index.php\/wp-json\/wp\/v2\/pages\/184&title=Dian\u00e9tica','1410949501326','width=700,height=500,toolbar=0,menubar=0,location=0,status=1,scrollbars=1,resizable=1,left=0,top=0');return false;\" style=\"background-position: -360px -120px \"><\/a>\n\t\t\t\t\t<\/li>\n\t\t\t\t\t\t\t\t\t\t<li class=\"none nobackground \" >\n\n\t\t\t\t\t\t\t\t\t\t\t\t<a id=\"backforunical184\" href=\"http:\/\/www.odnoklassniki.ru\/dk?st.cmd=addShare&st.s=2&st.noresize=on&st._surl=old.apetp.com\/index.php\/wp-json\/wp\/v2\/pages\/184\"  onclick=\"javascript:void window.open('http:\/\/www.odnoklassniki.ru\/dk?st.cmd=addShare&st.s=2&st.noresize=on&st._surl=old.apetp.com\/index.php\/wp-json\/wp\/v2\/pages\/184','1410949501326','width=700,height=500,toolbar=0,menubar=0,location=0,status=1,scrollbars=1,resizable=1,left=0,top=0');return false;\" style=\"background-position: -390px -120px \"><\/a>\n\t\t\t\t\t<\/li>\n\t\t\t\t\t\t\t\t\t\t<li class=\"none nobackground \" >\n\n\t\t\t\t\t\t\t\t\t\t\t\t<a id=\"backforunical184\" href=\"http:\/\/sns.qzone.qq.com\/cgi-bin\/qzshare\/cgi_qzshare_onekey?url=old.apetp.com\/index.php\/wp-json\/wp\/v2\/pages\/184&title=Dian\u00e9tica\"  onclick=\"javascript:void window.open('http:\/\/sns.qzone.qq.com\/cgi-bin\/qzshare\/cgi_qzshare_onekey?url=old.apetp.com\/index.php\/wp-json\/wp\/v2\/pages\/184&title=Dian\u00e9tica','1410949501326','width=700,height=500,toolbar=0,menubar=0,location=0,status=1,scrollbars=1,resizable=1,left=0,top=0');return false;\" style=\"background-position: -420px -120px \"><\/a>\n\t\t\t\t\t<\/li>\n\t\t\t\t\t\t\t\t\t\t<li class=\"none nobackground \" >\n\n\t\t\t\t\t\t\t\t\t\t\t\t<a id=\"backforunical184\" href=\"http:\/\/service.weibo.com\/share\/share.php?url=old.apetp.com\/index.php\/wp-json\/wp\/v2\/pages\/184&appkey=&title=Dian\u00e9tica&pic=&ralateUid=&\"  onclick=\"javascript:void window.open('http:\/\/service.weibo.com\/share\/share.php?url=old.apetp.com\/index.php\/wp-json\/wp\/v2\/pages\/184&appkey=&title=Dian\u00e9tica&pic=&ralateUid=&','1410949501326','width=700,height=500,toolbar=0,menubar=0,location=0,status=1,scrollbars=1,resizable=1,left=0,top=0');return false;\" style=\"background-position: -450px -120px \"><\/a>\n\t\t\t\t\t<\/li>\n\t\t\t\t\t\t\t\t\t\t<li class=\"none nobackground \" >\n\n\t\t\t\t\t\t\t\t\t\t\t\t<a id=\"backforunical184\" href=\"http:\/\/widget.renren.com\/dialog\/share?resourceUrl=old.apetp.com\/index.php\/wp-json\/wp\/v2\/pages\/184&srcUrl=old.apetp.com\/index.php\/wp-json\/wp\/v2\/pages\/184&title=Dian\u00e9tica\"  onclick=\"javascript:void window.open('http:\/\/widget.renren.com\/dialog\/share?resourceUrl=old.apetp.com\/index.php\/wp-json\/wp\/v2\/pages\/184&srcUrl=old.apetp.com\/index.php\/wp-json\/wp\/v2\/pages\/184&title=Dian\u00e9tica','1410949501326','width=700,height=500,toolbar=0,menubar=0,location=0,status=1,scrollbars=1,resizable=1,left=0,top=0');return false;\" style=\"background-position: -480px -120px \"><\/a>\n\t\t\t\t\t<\/li>\n\t\t\t\t\t\t\t\t\t\t<li class=\"none nobackground \" >\n\n\t\t\t\t\t\t\t\t\t\t\t\t<a id=\"backforunical184\" href=\"http:\/\/n4g.com\/tips?url=old.apetp.com\/index.php\/wp-json\/wp\/v2\/pages\/184&title=Dian\u00e9tica\"  onclick=\"javascript:void window.open('http:\/\/n4g.com\/tips?url=old.apetp.com\/index.php\/wp-json\/wp\/v2\/pages\/184&title=Dian\u00e9tica','1410949501326','width=700,height=500,toolbar=0,menubar=0,location=0,status=1,scrollbars=1,resizable=1,left=0,top=0');return false;\" style=\"background-position: -510px -120px \"><\/a>\n\t\t\t\t\t<\/li>\n\t\t\t\t\t\t\t\t<\/ul>\n\t\t\t<div class=\"clear\"><\/div>\n\t\t<\/div>\n\t\t","protected":false},"excerpt":{"rendered":"<p>Libro en el que se fundamenta la dian\u00e9tica \u00bfQu\u00e9 es? La dian\u00e9tica es una pseudoterapia que afirma, seg\u00fan palabras de su creador, poder tratar todas las enfermedades mentales inorg\u00e1nicas y todas las enfermedades psicosom\u00e1ticas org\u00e1nicas, con garant\u00eda de total curaci\u00f3n.&hellip; <a href=\"https:\/\/old.apetp.com\/index.php\/dianetica\/\" class=\"more-link\">Sigue leyendo <span class=\"meta-nav\">&rarr;<\/span><\/a><\/p>\n","protected":false},"author":1,"featured_media":232,"parent":0,"menu_order":0,"comment_status":"closed","ping_status":"closed","template":"page-template-full.php","meta":{"jetpack_post_was_ever_published":false,"footnotes":""},"class_list":["post-184","page","type-page","status-publish","has-post-thumbnail","hentry"],"yoast_head":"<!-- This site is optimized with the Yoast SEO plugin v26.8 - https:\/\/yoast.com\/product\/yoast-seo-wordpress\/ -->\n<title>Dian\u00e9tica - APETP<\/title>\n<meta name=\"robots\" content=\"noindex, follow, max-snippet:-1, max-image-preview:large, max-video-preview:-1\" \/>\n<meta property=\"og:locale\" content=\"es_ES\" \/>\n<meta property=\"og:type\" content=\"article\" \/>\n<meta property=\"og:title\" content=\"Dian\u00e9tica - APETP\" \/>\n<meta property=\"og:description\" content=\"Libro en el que se fundamenta la dian\u00e9tica \u00bfQu\u00e9 es? La dian\u00e9tica es una pseudoterapia que afirma, seg\u00fan palabras de su creador, poder tratar todas las enfermedades mentales inorg\u00e1nicas y todas las enfermedades psicosom\u00e1ticas org\u00e1nicas, con garant\u00eda de total curaci\u00f3n.&hellip; Sigue leyendo &rarr;\" \/>\n<meta property=\"og:url\" content=\"https:\/\/old.apetp.com\/index.php\/dianetica\/\" \/>\n<meta property=\"og:site_name\" content=\"APETP\" \/>\n<meta property=\"article:modified_time\" content=\"2015-08-29T13:14:43+00:00\" \/>\n<meta property=\"og:image\" content=\"https:\/\/old.apetp.com\/wp-content\/uploads\/2015\/08\/dmsmh-e1309399583187.jpg\" \/>\n\t<meta property=\"og:image:width\" content=\"1621\" \/>\n\t<meta property=\"og:image:height\" content=\"1534\" \/>\n\t<meta property=\"og:image:type\" content=\"image\/jpeg\" \/>\n<meta name=\"twitter:card\" content=\"summary_large_image\" \/>\n<meta name=\"twitter:label1\" content=\"Tiempo de lectura\" \/>\n\t<meta name=\"twitter:data1\" content=\"3 minutos\" \/>\n<script type=\"application\/ld+json\" class=\"yoast-schema-graph\">{\"@context\":\"https:\/\/schema.org\",\"@graph\":[{\"@type\":\"WebPage\",\"@id\":\"https:\/\/old.apetp.com\/index.php\/dianetica\/\",\"url\":\"https:\/\/old.apetp.com\/index.php\/dianetica\/\",\"name\":\"Dian\u00e9tica - APETP\",\"isPartOf\":{\"@id\":\"https:\/\/old.apetp.com\/#website\"},\"primaryImageOfPage\":{\"@id\":\"https:\/\/old.apetp.com\/index.php\/dianetica\/#primaryimage\"},\"image\":{\"@id\":\"https:\/\/old.apetp.com\/index.php\/dianetica\/#primaryimage\"},\"thumbnailUrl\":\"https:\/\/old.apetp.com\/wp-content\/uploads\/2015\/08\/dmsmh-e1309399583187.jpg\",\"datePublished\":\"2015-08-18T19:15:16+00:00\",\"dateModified\":\"2015-08-29T13:14:43+00:00\",\"breadcrumb\":{\"@id\":\"https:\/\/old.apetp.com\/index.php\/dianetica\/#breadcrumb\"},\"inLanguage\":\"es\",\"potentialAction\":[{\"@type\":\"ReadAction\",\"target\":[\"https:\/\/old.apetp.com\/index.php\/dianetica\/\"]}]},{\"@type\":\"ImageObject\",\"inLanguage\":\"es\",\"@id\":\"https:\/\/old.apetp.com\/index.php\/dianetica\/#primaryimage\",\"url\":\"https:\/\/old.apetp.com\/wp-content\/uploads\/2015\/08\/dmsmh-e1309399583187.jpg\",\"contentUrl\":\"https:\/\/old.apetp.com\/wp-content\/uploads\/2015\/08\/dmsmh-e1309399583187.jpg\",\"width\":1621,\"height\":1534},{\"@type\":\"BreadcrumbList\",\"@id\":\"https:\/\/old.apetp.com\/index.php\/dianetica\/#breadcrumb\",\"itemListElement\":[{\"@type\":\"ListItem\",\"position\":1,\"name\":\"Portada\",\"item\":\"https:\/\/old.apetp.com\/\"},{\"@type\":\"ListItem\",\"position\":2,\"name\":\"Dian\u00e9tica\"}]},{\"@type\":\"WebSite\",\"@id\":\"https:\/\/old.apetp.com\/#website\",\"url\":\"https:\/\/old.apetp.com\/\",\"name\":\"APETP\",\"description\":\"Asociaci\u00f3n para Proteger al Enfermo de Terapias Pseudocient\u00edficas\",\"potentialAction\":[{\"@type\":\"SearchAction\",\"target\":{\"@type\":\"EntryPoint\",\"urlTemplate\":\"https:\/\/old.apetp.com\/?s={search_term_string}\"},\"query-input\":{\"@type\":\"PropertyValueSpecification\",\"valueRequired\":true,\"valueName\":\"search_term_string\"}}],\"inLanguage\":\"es\"}]}<\/script>\n<!-- \/ Yoast SEO plugin. -->","yoast_head_json":{"title":"Dian\u00e9tica - APETP","robots":{"index":"noindex","follow":"follow","max-snippet":"max-snippet:-1","max-image-preview":"max-image-preview:large","max-video-preview":"max-video-preview:-1"},"og_locale":"es_ES","og_type":"article","og_title":"Dian\u00e9tica - APETP","og_description":"Libro en el que se fundamenta la dian\u00e9tica \u00bfQu\u00e9 es? La dian\u00e9tica es una pseudoterapia que afirma, seg\u00fan palabras de su creador, poder tratar todas las enfermedades mentales inorg\u00e1nicas y todas las enfermedades psicosom\u00e1ticas org\u00e1nicas, con garant\u00eda de total curaci\u00f3n.&hellip; Sigue leyendo &rarr;","og_url":"https:\/\/old.apetp.com\/index.php\/dianetica\/","og_site_name":"APETP","article_modified_time":"2015-08-29T13:14:43+00:00","og_image":[{"width":1621,"height":1534,"url":"https:\/\/old.apetp.com\/wp-content\/uploads\/2015\/08\/dmsmh-e1309399583187.jpg","type":"image\/jpeg"}],"twitter_card":"summary_large_image","twitter_misc":{"Tiempo de lectura":"3 minutos"},"schema":{"@context":"https:\/\/schema.org","@graph":[{"@type":"WebPage","@id":"https:\/\/old.apetp.com\/index.php\/dianetica\/","url":"https:\/\/old.apetp.com\/index.php\/dianetica\/","name":"Dian\u00e9tica - APETP","isPartOf":{"@id":"https:\/\/old.apetp.com\/#website"},"primaryImageOfPage":{"@id":"https:\/\/old.apetp.com\/index.php\/dianetica\/#primaryimage"},"image":{"@id":"https:\/\/old.apetp.com\/index.php\/dianetica\/#primaryimage"},"thumbnailUrl":"https:\/\/old.apetp.com\/wp-content\/uploads\/2015\/08\/dmsmh-e1309399583187.jpg","datePublished":"2015-08-18T19:15:16+00:00","dateModified":"2015-08-29T13:14:43+00:00","breadcrumb":{"@id":"https:\/\/old.apetp.com\/index.php\/dianetica\/#breadcrumb"},"inLanguage":"es","potentialAction":[{"@type":"ReadAction","target":["https:\/\/old.apetp.com\/index.php\/dianetica\/"]}]},{"@type":"ImageObject","inLanguage":"es","@id":"https:\/\/old.apetp.com\/index.php\/dianetica\/#primaryimage","url":"https:\/\/old.apetp.com\/wp-content\/uploads\/2015\/08\/dmsmh-e1309399583187.jpg","contentUrl":"https:\/\/old.apetp.com\/wp-content\/uploads\/2015\/08\/dmsmh-e1309399583187.jpg","width":1621,"height":1534},{"@type":"BreadcrumbList","@id":"https:\/\/old.apetp.com\/index.php\/dianetica\/#breadcrumb","itemListElement":[{"@type":"ListItem","position":1,"name":"Portada","item":"https:\/\/old.apetp.com\/"},{"@type":"ListItem","position":2,"name":"Dian\u00e9tica"}]},{"@type":"WebSite","@id":"https:\/\/old.apetp.com\/#website","url":"https:\/\/old.apetp.com\/","name":"APETP","description":"Asociaci\u00f3n para Proteger al Enfermo de Terapias Pseudocient\u00edficas","potentialAction":[{"@type":"SearchAction","target":{"@type":"EntryPoint","urlTemplate":"https:\/\/old.apetp.com\/?s={search_term_string}"},"query-input":{"@type":"PropertyValueSpecification","valueRequired":true,"valueName":"search_term_string"}}],"inLanguage":"es"}]}},"jetpack_sharing_enabled":true,"jetpack_shortlink":"https:\/\/wp.me\/P6mZ8W-2Y","_links":{"self":[{"href":"https:\/\/old.apetp.com\/index.php\/wp-json\/wp\/v2\/pages\/184","targetHints":{"allow":["GET"]}}],"collection":[{"href":"https:\/\/old.apetp.com\/index.php\/wp-json\/wp\/v2\/pages"}],"about":[{"href":"https:\/\/old.apetp.com\/index.php\/wp-json\/wp\/v2\/types\/page"}],"author":[{"embeddable":true,"href":"https:\/\/old.apetp.com\/index.php\/wp-json\/wp\/v2\/users\/1"}],"replies":[{"embeddable":true,"href":"https:\/\/old.apetp.com\/index.php\/wp-json\/wp\/v2\/comments?post=184"}],"version-history":[{"count":8,"href":"https:\/\/old.apetp.com\/index.php\/wp-json\/wp\/v2\/pages\/184\/revisions"}],"predecessor-version":[{"id":286,"href":"https:\/\/old.apetp.com\/index.php\/wp-json\/wp\/v2\/pages\/184\/revisions\/286"}],"wp:featuredmedia":[{"embeddable":true,"href":"https:\/\/old.apetp.com\/index.php\/wp-json\/wp\/v2\/media\/232"}],"wp:attachment":[{"href":"https:\/\/old.apetp.com\/index.php\/wp-json\/wp\/v2\/media?parent=184"}],"curies":[{"name":"wp","href":"https:\/\/api.w.org\/{rel}","templated":true}]}}